{"id":188376,"date":"2025-11-14T02:53:36","date_gmt":"2025-11-14T02:53:36","guid":{"rendered":"https:\/\/www.otiumhome.fi\/?p=188376"},"modified":"2025-11-14T14:46:55","modified_gmt":"2025-11-14T14:46:55","slug":"vaatekaappi-ruskea-87x49x159-cm-kangas","status":"publish","type":"product","link":"https:\/\/www.otiumhome.fi\/index.php\/tuote\/vaatekaappi-ruskea-87x49x159-cm-kangas\/","title":{"rendered":"Vaatekaappi ruskea 87x49x159 cm kangas"},"content":{"rendered":"<p>Yksinkertainen ja k\u00e4yt\u00e4nn\u00f6llinen vaatekaappi on suunniteltu suojaamaan vaatteitasi ja kenki\u00e4si p\u00f6lylt\u00e4 ja lialta kellarissa, lastenhuoneessa, makuuhuoneessa tai ullakolla.<\/p>\n<\/p>\n<p>T\u00e4ss\u00e4 kaapissa on useita osastoja erilaisien ominaisuuksien mukaan, yl\u00f6s rullattava kansi on kiinnitetty tarranauhakiinnikkeill\u00e4 ja vetoketjuilla kannen helppoa avaamista ja sulkemista varten. Kokoontaittuva vaatekaappi on valmistettu kest\u00e4v\u00e4st\u00e4 kuitukankaasta ja kosteudenkest\u00e4vist\u00e4 rautaputkista, joten se kest\u00e4\u00e4 aikaa, s\u00e4\u00e4st\u00e4\u00e4 tilaa ja on helppo koota. Py\u00f6rit\u00e4 rautaputkea hitaasti liittimeen sen sijaan, ett\u00e4 ty\u00f6nn\u00e4t sen suoraan sis\u00e4\u00e4np\u00e4in saumaan, kun yhdist\u00e4t rautaputket ja muoviset liitososat.<\/p>\n<ul>\n<li>V\u00e4ri: ruskea<\/li>\n<li>Mitat: 87 x 49 x 159 cm (L x S x K)<\/li>\n<li>Materiaali: kuitukangas<\/li>\n<li>3 vetolaatikkoa<\/li>\n<li>Rautaputket ja muoviset liittimet sis\u00e4ltyv\u00e4t toimitukseen<\/li>\n<li>VAROITUS! Kaatumisen est\u00e4miseksi t\u00e4t\u00e4 tuotetta on k\u00e4ytett\u00e4v\u00e4 mukana toimitetun sein\u00e4kiinnityslaitteen kanssa.<\/li>\n<li>Tekstiili: Polyesteri: 100%<\/li>\n<li>Legal Documents:\n<p><span>Lis\u00e4tietoja huonekalujesi kaatumisen est\u00e4misest\u00e4 voit l\u00f6yt\u00e4\u00e4 <span style=\"text-decoration: underline\"><strong><a title=\"https:\/\/bit.ly\/3bVwkQp\" href=\"https:\/\/bit.ly\/3bVwkQp\" target=\"_blank\">t\u00e4\u00e4lt\u00e4<\/a><\/strong><\/span><\/span><\/p>\n<\/li>\n<\/ul>\n","protected":false},"excerpt":{"rendered":"<ul>\n<li>V\u00e4ri: ruskea<\/li>\n<li>Mitat: 87 x 49 x 159 cm (L x S x K)<\/li>\n<li>Materiaali: kuitukangas<\/li>\n<li>3 vetolaatikkoa<\/li>\n<li>Rautaputket ja muoviset liittimet sis\u00e4ltyv\u00e4t toimitukseen<\/li>\n<li>VAROITUS! Kaatumisen est\u00e4miseksi t\u00e4t\u00e4 tuotetta on k\u00e4ytett\u00e4v\u00e4 mukana toimitetun sein\u00e4kiinnityslaitteen kanssa.<\/li>\n<li>Tekstiili: Polyesteri: 100%<\/li>\n<li>Legal Documents:\n<p><span>Lis\u00e4tietoja huonekalujesi kaatumisen est\u00e4misest\u00e4 voit l\u00f6yt\u00e4\u00e4 <span style=\"text-decoration: underline\"><strong><a title=\"https:\/\/bit.ly\/3bVwkQp\" href=\"https:\/\/bit.ly\/3bVwkQp\" target=\"_blank\">t\u00e4\u00e4lt\u00e4<\/a><\/strong><\/span><\/span><\/p>\n<\/li>\n<\/ul>\n","protected":false},"featured_media":100000188376,"comment_status":"closed","ping_status":"closed","template":"","meta":[],"product_brand":[],"product_cat":[84,8539],"product_tag":[],"class_list":{"0":"post-188376","1":"product","2":"type-product","3":"status-publish","4":"has-post-thumbnail","6":"product_cat-huonekalut","7":"product_cat-kaapit-vaatekaapit","9":"first","10":"instock","11":"taxable","12":"shipping-taxable","13":"purchasable","14":"product-type-simple"},"_links":{"self":[{"href":"https:\/\/www.otiumhome.fi\/index.php\/wp-json\/wp\/v2\/product\/188376","targetHints":{"allow":["GET"]}}],"collection":[{"href":"https:\/\/www.otiumhome.fi\/index.php\/wp-json\/wp\/v2\/product"}],"about":[{"href":"https:\/\/www.otiumhome.fi\/index.php\/wp-json\/wp\/v2\/types\/product"}],"replies":[{"embeddable":true,"href":"https:\/\/www.otiumhome.fi\/index.php\/wp-json\/wp\/v2\/comments?post=188376"}],"wp:featuredmedia":[{"embeddable":true,"href":"https:\/\/www.otiumhome.fi\/index.php\/wp-json\/"}],"wp:attachment":[{"href":"https:\/\/www.otiumhome.fi\/index.php\/wp-json\/wp\/v2\/media?parent=188376"}],"wp:term":[{"taxonomy":"product_brand","embeddable":true,"href":"https:\/\/www.otiumhome.fi\/index.php\/wp-json\/wp\/v2\/product_brand?post=188376"},{"taxonomy":"product_cat","embeddable":true,"href":"https:\/\/www.otiumhome.fi\/index.php\/wp-json\/wp\/v2\/product_cat?post=188376"},{"taxonomy":"product_tag","embeddable":true,"href":"https:\/\/www.otiumhome.fi\/index.php\/wp-json\/wp\/v2\/product_tag?post=188376"}],"curies":[{"name":"wp","href":"https:\/\/api.w.org\/{rel}","templated":true}]}}