{"id":188375,"date":"2025-11-14T02:53:19","date_gmt":"2025-11-14T02:53:19","guid":{"rendered":"https:\/\/www.otiumhome.fi\/?p=188375"},"modified":"2025-11-15T01:33:27","modified_gmt":"2025-11-15T01:33:27","slug":"kirjoituspoyta-110x50x76-cm-taysi-akasiapuu","status":"publish","type":"product","link":"https:\/\/www.otiumhome.fi\/index.php\/tuote\/kirjoituspoyta-110x50x76-cm-taysi-akasiapuu\/","title":{"rendered":"Kirjoitusp\u00f6yt\u00e4 110x50x76 cm t\u00e4ysi akasiapuu"},"content":{"rendered":"<p>T\u00e4m\u00e4 puinen ty\u00f6p\u00f6yt\u00e4 huokuu maalaismaista vieh\u00e4tysvoimaa ja siit\u00e4 tulee sisustuksesi keskipiste.<\/p>\n<\/p>\n<p>Luonnollisesti viimeistelty, t\u00e4ydest\u00e4 akasiapuusta valmistettu kirjoitusp\u00f6yt\u00e4 on kauniin n\u00e4k\u00f6inen. T\u00e4m\u00e4 tukeva ty\u00f6p\u00f6yt\u00e4 sis\u00e4lt\u00e4\u00e4 yhden laatikon ja yhden lokeron, tarjoten tilaa muistivihoille, kirjoille ja erilaisten tavaroiden j\u00e4rjestyksess\u00e4 pit\u00e4miseen. Lis\u00e4ksi t\u00e4m\u00e4 tietokonep\u00f6yt\u00e4 voi toimia konsolip\u00f6yt\u00e4n\u00e4, eteisenp\u00f6yt\u00e4n\u00e4 tai sivup\u00f6yt\u00e4n\u00e4.<\/p>\n<\/p>\n<p>T\u00e4rke\u00e4 huomio: Puunsyyt vaihtelevat kappaleittain, mik\u00e4 tekee jokaisesta huonekalusta ainutlaatuisen. Toimitus on sattumanvarainen, t\u00e4m\u00e4 takaa tuotteesi ainutlaatuisuuden.<\/p>\n<\/p>\n<p>Varoitus: Kaatumisen est\u00e4miseksi t\u00e4t\u00e4 tuotetta on k\u00e4ytett\u00e4v\u00e4 mukana toimitetun sein\u00e4kiinnityslaitteen kanssa.<\/p>\n<ul>\n<li>Materiaali: luonnollisesti pintak\u00e4sitelty t\u00e4ysi akaasiapuu<\/li>\n<li>Mitat: 110 x 50 x 76 cm (P x L x K)<\/li>\n<li>Asennus vaaditaan: kyll\u00e4<\/li>\n<li>Legal Documents:\n<p><span>Lis\u00e4tietoja huonekalujesi kaatumisen est\u00e4misest\u00e4 voit l\u00f6yt\u00e4\u00e4 <span style=\"text-decoration: underline\"><strong><a title=\"https:\/\/bit.ly\/3bVwkQp\" href=\"https:\/\/bit.ly\/3bVwkQp\" target=\"_blank\">t\u00e4\u00e4lt\u00e4<\/a><\/strong><\/span><\/span><\/p>\n<\/li>\n<\/ul>\n","protected":false},"excerpt":{"rendered":"<ul>\n<li>Materiaali: luonnollisesti pintak\u00e4sitelty t\u00e4ysi akaasiapuu<\/li>\n<li>Mitat: 110 x 50 x 76 cm (P x L x K)<\/li>\n<li>Asennus vaaditaan: kyll\u00e4<\/li>\n<li>Legal Documents:\n<p><span>Lis\u00e4tietoja huonekalujesi kaatumisen est\u00e4misest\u00e4 voit l\u00f6yt\u00e4\u00e4 <span style=\"text-decoration: underline\"><strong><a title=\"https:\/\/bit.ly\/3bVwkQp\" href=\"https:\/\/bit.ly\/3bVwkQp\" target=\"_blank\">t\u00e4\u00e4lt\u00e4<\/a><\/strong><\/span><\/span><\/p>\n<\/li>\n<\/ul>\n","protected":false},"featured_media":100000188375,"comment_status":"closed","ping_status":"closed","template":"","meta":[],"product_brand":[],"product_cat":[84],"product_tag":[],"class_list":{"0":"post-188375","1":"product","2":"type-product","3":"status-publish","4":"has-post-thumbnail","6":"product_cat-huonekalut","8":"first","9":"instock","10":"taxable","11":"shipping-taxable","12":"purchasable","13":"product-type-simple"},"_links":{"self":[{"href":"https:\/\/www.otiumhome.fi\/index.php\/wp-json\/wp\/v2\/product\/188375","targetHints":{"allow":["GET"]}}],"collection":[{"href":"https:\/\/www.otiumhome.fi\/index.php\/wp-json\/wp\/v2\/product"}],"about":[{"href":"https:\/\/www.otiumhome.fi\/index.php\/wp-json\/wp\/v2\/types\/product"}],"replies":[{"embeddable":true,"href":"https:\/\/www.otiumhome.fi\/index.php\/wp-json\/wp\/v2\/comments?post=188375"}],"wp:featuredmedia":[{"embeddable":true,"href":"https:\/\/www.otiumhome.fi\/index.php\/wp-json\/"}],"wp:attachment":[{"href":"https:\/\/www.otiumhome.fi\/index.php\/wp-json\/wp\/v2\/media?parent=188375"}],"wp:term":[{"taxonomy":"product_brand","embeddable":true,"href":"https:\/\/www.otiumhome.fi\/index.php\/wp-json\/wp\/v2\/product_brand?post=188375"},{"taxonomy":"product_cat","embeddable":true,"href":"https:\/\/www.otiumhome.fi\/index.php\/wp-json\/wp\/v2\/product_cat?post=188375"},{"taxonomy":"product_tag","embeddable":true,"href":"https:\/\/www.otiumhome.fi\/index.php\/wp-json\/wp\/v2\/product_tag?post=188375"}],"curies":[{"name":"wp","href":"https:\/\/api.w.org\/{rel}","templated":true}]}}