{"id":188374,"date":"2025-11-14T02:53:17","date_gmt":"2025-11-14T02:53:17","guid":{"rendered":"https:\/\/www.otiumhome.fi\/?p=188374"},"modified":"2025-11-15T00:40:44","modified_gmt":"2025-11-15T00:40:44","slug":"tv-taso-musta-118x30x40-cm-mangopuu","status":"publish","type":"product","link":"https:\/\/www.otiumhome.fi\/index.php\/tuote\/tv-taso-musta-118x30x40-cm-mangopuu\/","title":{"rendered":"TV-taso musta 118x30x40 cm mangopuu"},"content":{"rendered":"<p>Tyylik\u00e4s ja k\u00e4yt\u00e4nn\u00f6llisesti muotoiltu t\u00e4yspuinen TV-taso tulee varmasti olemaan huoneesi keskipiste.<\/p>\n<\/p>\n<p>T\u00e4m\u00e4 vintagetyylinen TV-taso on valmistettu t\u00e4ydest\u00e4 mangopuusta ja siit\u00e4 tulee ajaton lis\u00e4 kotiisi. Mangopuu on tihe\u00e4\u00e4 ja kest\u00e4v\u00e4\u00e4 kovapuuta, jonka pinnalla on kauniita ruskeita tai kultaisia raitoja ja \u00e4\u00e4riviivoja. Valmistusprosessin jokainen vaihe suoritetaan huolellisesti, olipa se sitten kiillotus, maalaus tai lakkaus. Vahvistetun ter\u00e4srungon ansiosta TV-taso on eritt\u00e4in vakaa. Siin\u00e4 on vetolaatikko, 2 ovea ja avoin osasto, joissa voit s\u00e4ilytt\u00e4\u00e4 pienet tavarat, multimedialaitteet, pelikonsolit ja lehdet.<\/p>\n<\/p>\n<p>T\u00e4rke\u00e4 huomio: V\u00e4rit vaihtelevat kappaleesta toiseen, mik\u00e4 tekee jokaisesta TV-tasosta ainutlaatuisen; toimitus on sattumanvarainen.<\/p>\n<ul>\n<li>V\u00e4ri: musta<\/li>\n<li>Materiaali: t\u00e4ysi mangopuu mustalla laveerauksella<\/li>\n<li>Mitat: 118 x 30 x 40 cm (P x L x K)<\/li>\n<li>1 vetolaatikko, 2 ovea ja avoin osio<\/li>\n<li>Hiottu, maalattu ja lakattu<\/li>\n<\/ul>\n","protected":false},"excerpt":{"rendered":"<ul>\n<li>V\u00e4ri: musta<\/li>\n<li>Materiaali: t\u00e4ysi mangopuu mustalla laveerauksella<\/li>\n<li>Mitat: 118 x 30 x 40 cm (P x L x K)<\/li>\n<li>1 vetolaatikko, 2 ovea ja avoin osio<\/li>\n<li>Hiottu, maalattu ja lakattu<\/li>\n<\/ul>\n","protected":false},"featured_media":100000188374,"comment_status":"closed","ping_status":"closed","template":"","meta":[],"product_brand":[],"product_cat":[84],"product_tag":[],"class_list":{"0":"post-188374","1":"product","2":"type-product","3":"status-publish","4":"has-post-thumbnail","6":"product_cat-huonekalut","8":"first","9":"instock","10":"taxable","11":"shipping-taxable","12":"purchasable","13":"product-type-simple"},"_links":{"self":[{"href":"https:\/\/www.otiumhome.fi\/index.php\/wp-json\/wp\/v2\/product\/188374","targetHints":{"allow":["GET"]}}],"collection":[{"href":"https:\/\/www.otiumhome.fi\/index.php\/wp-json\/wp\/v2\/product"}],"about":[{"href":"https:\/\/www.otiumhome.fi\/index.php\/wp-json\/wp\/v2\/types\/product"}],"replies":[{"embeddable":true,"href":"https:\/\/www.otiumhome.fi\/index.php\/wp-json\/wp\/v2\/comments?post=188374"}],"wp:featuredmedia":[{"embeddable":true,"href":"https:\/\/www.otiumhome.fi\/index.php\/wp-json\/"}],"wp:attachment":[{"href":"https:\/\/www.otiumhome.fi\/index.php\/wp-json\/wp\/v2\/media?parent=188374"}],"wp:term":[{"taxonomy":"product_brand","embeddable":true,"href":"https:\/\/www.otiumhome.fi\/index.php\/wp-json\/wp\/v2\/product_brand?post=188374"},{"taxonomy":"product_cat","embeddable":true,"href":"https:\/\/www.otiumhome.fi\/index.php\/wp-json\/wp\/v2\/product_cat?post=188374"},{"taxonomy":"product_tag","embeddable":true,"href":"https:\/\/www.otiumhome.fi\/index.php\/wp-json\/wp\/v2\/product_tag?post=188374"}],"curies":[{"name":"wp","href":"https:\/\/api.w.org\/{rel}","templated":true}]}}