{"id":188371,"date":"2025-11-14T02:49:08","date_gmt":"2025-11-14T02:49:08","guid":{"rendered":"https:\/\/www.otiumhome.fi\/?p=188371"},"modified":"2025-11-14T20:02:43","modified_gmt":"2025-11-14T20:02:43","slug":"penkki-cola-taysi-uusiokaytetty-puu-100x30x50-cm","status":"publish","type":"product","link":"https:\/\/www.otiumhome.fi\/index.php\/tuote\/penkki-cola-taysi-uusiokaytetty-puu-100x30x50-cm\/","title":{"rendered":"Penkki Cola T\u00e4ysi uusiok\u00e4ytetty puu 100x30x50 cm"},"content":{"rendered":"<p>Antiikkityylinen puupenkki on ainutlaatuinen lis\u00e4 kotiisi. Sen t\u00e4ysi puurakenne tekee siit\u00e4 vakaan, tukevan sek\u00e4 p\u00e4ivitt\u00e4iseen k\u00e4ytt\u00f6\u00f6n sopivan. T\u00e4m\u00e4 penkki el\u00e4v\u00f6itt\u00e4\u00e4 sisustustasi v\u00e4litt\u00f6m\u00e4sti v\u00e4rikk\u00e4\u00e4ll\u00e4 koristekuvioinnillaan.<\/p>\n<\/p>\n<p>T\u00e4m\u00e4 vintagetyylinen penkki on valmistettu kierr\u00e4tyspuusta, mik\u00e4 tarkoittaa, ett\u00e4 jokainen huonekalu on ainutlaatuinen ja erilainen kuin muut. Kierr\u00e4tetyst\u00e4 puusta valmistetussa huonekalussa on eri puiden kuten tiikin, mango- ja akaasiapuun ominaisuuksia. Kierr\u00e4tyspuu on lujatekoista, vakaata, kest\u00e4v\u00e4\u00e4 ja kaunista. Kulumisen j\u00e4ljet ja n\u00e4kyv\u00e4t pintakuviot antavat jokaiselle kappaleelle oman historian ja ainutlaatuisen ulkon\u00e4\u00f6n.<\/p>\n<\/p>\n<p>Penkki on k\u00e4sin tehty ja k\u00e4sity\u00f6n j\u00e4lki antaa oman lis\u00e4ns\u00e4 sen mahtavalle retro-tyylille. Jokainen ty\u00f6vaihe on tehty huolella, oli se sitten uudelleen kasaus, kiillotus, maalaus tai vahaus.<\/p>\n<\/p>\n<p>T\u00e4rke\u00e4 huomio: V\u00e4rit vaihtelevat jokaisen kappaleen v\u00e4lill\u00e4 tehden jokaisesta penkist\u00e4 ainutlaatuisen. Toimitus on satunnainen, t\u00e4m\u00e4 takaa tuotteesi erityisyyden ja ainutlaatuisuuden.<\/p>\n<ul>\n<li>V\u00e4ri: moniv\u00e4rinen<\/li>\n<li>Materiaali: kierr\u00e4tetty t\u00e4yspuu<\/li>\n<li>Mitat: 100 x 30 x 50 cm (P x L x K)<\/li>\n<li>Lakattu, maalattu ja vahattu<\/li>\n<\/ul>\n","protected":false},"excerpt":{"rendered":"<ul>\n<li>V\u00e4ri: moniv\u00e4rinen<\/li>\n<li>Materiaali: kierr\u00e4tetty t\u00e4yspuu<\/li>\n<li>Mitat: 100 x 30 x 50 cm (P x L x K)<\/li>\n<li>Lakattu, maalattu ja vahattu<\/li>\n<\/ul>\n","protected":false},"featured_media":100000188371,"comment_status":"closed","ping_status":"closed","template":"","meta":[],"product_brand":[],"product_cat":[8538,84],"product_tag":[],"class_list":{"0":"post-188371","1":"product","2":"type-product","3":"status-publish","4":"has-post-thumbnail","6":"product_cat-eteis-sailytyspenkit","7":"product_cat-huonekalut","9":"first","10":"instock","11":"taxable","12":"shipping-taxable","13":"purchasable","14":"product-type-simple"},"_links":{"self":[{"href":"https:\/\/www.otiumhome.fi\/index.php\/wp-json\/wp\/v2\/product\/188371","targetHints":{"allow":["GET"]}}],"collection":[{"href":"https:\/\/www.otiumhome.fi\/index.php\/wp-json\/wp\/v2\/product"}],"about":[{"href":"https:\/\/www.otiumhome.fi\/index.php\/wp-json\/wp\/v2\/types\/product"}],"replies":[{"embeddable":true,"href":"https:\/\/www.otiumhome.fi\/index.php\/wp-json\/wp\/v2\/comments?post=188371"}],"wp:featuredmedia":[{"embeddable":true,"href":"https:\/\/www.otiumhome.fi\/index.php\/wp-json\/"}],"wp:attachment":[{"href":"https:\/\/www.otiumhome.fi\/index.php\/wp-json\/wp\/v2\/media?parent=188371"}],"wp:term":[{"taxonomy":"product_brand","embeddable":true,"href":"https:\/\/www.otiumhome.fi\/index.php\/wp-json\/wp\/v2\/product_brand?post=188371"},{"taxonomy":"product_cat","embeddable":true,"href":"https:\/\/www.otiumhome.fi\/index.php\/wp-json\/wp\/v2\/product_cat?post=188371"},{"taxonomy":"product_tag","embeddable":true,"href":"https:\/\/www.otiumhome.fi\/index.php\/wp-json\/wp\/v2\/product_tag?post=188371"}],"curies":[{"name":"wp","href":"https:\/\/api.w.org\/{rel}","templated":true}]}}