{"id":188368,"date":"2025-11-14T02:45:58","date_gmt":"2025-11-14T02:45:58","guid":{"rendered":"https:\/\/www.otiumhome.fi\/?p=188368"},"modified":"2025-12-14T04:43:47","modified_gmt":"2025-12-14T04:43:47","slug":"eteiskalustesetti-laatikon-kanssa-4-pcs-vanha-puu-tekninen-puu","status":"publish","type":"product","link":"https:\/\/www.otiumhome.fi\/index.php\/tuote\/eteiskalustesetti-laatikon-kanssa-4-pcs-vanha-puu-tekninen-puu\/","title":{"rendered":"Eteiskalustesetti laatikon kanssa 4 pcs Vanha puu Tekninen puu"},"content":{"rendered":"<p>N\u00e4m\u00e4 modernit k\u00e4yt\u00e4v\u00e4kalusteet muuttavat sis\u00e4\u00e4nk\u00e4ynnin j\u00e4rjestelyt ja tyylit, tarjoten selke\u00e4\u00e4 ja minimalistista ilmett\u00e4, joka t\u00e4ydent\u00e4\u00e4 nykyaikaisia tiloja. Settiin kuuluu s\u00e4ilytyspenkki, peili ja naulakot, jotka on suunniteltu kaupunkikoteihin, jotka etsiv\u00e4t tehokasta tilank\u00e4ytt\u00f6\u00e4. Siin\u00e4 on selke\u00e4t linjat ja fiksu muotoilu, jotka tarjoavat kutsuvan ja tyylikk\u00e4\u00e4n sis\u00e4\u00e4nk\u00e4ynnin taustan. T\u00e4m\u00e4 sopii kodinomistajille, jotka haluavat pit\u00e4\u00e4 paikat siistin\u00e4 mutta kutsuvina, yhdist\u00e4en kauneuden ja k\u00e4yt\u00e4nn\u00f6llisyyden elintiloissaan.<\/p>\n<ul>\n<li><b>Tekninen puuvarustus<\/b> Koko setti on valmistettu teknisest\u00e4 puusta, mik\u00e4 takaa kest\u00e4vyyden ja pitk\u00e4ik\u00e4isyyden. Materiaali tuo tyylikk\u00e4\u00e4n ilmeen ja on t\u00e4ydellinen nykyaikaisiin koteihin. Tekninen puu on my\u00f6s vakaa ja kest\u00e4v\u00e4, joten se on hyv\u00e4 valinta kodin kalusteille.<\/li>\n<li><b>Monik\u00e4ytt\u00f6inen s\u00e4ilytyspenkki<\/b> Penkki palvelee kahta tarkoitusta: siin\u00e4 voi istua ja se tarjoaa s\u00e4ilytystilaa kengille ja tarvikkeille. Sen sulautuminen muuhun tilaan on hienovaraista, s\u00e4ilytt\u00e4en yhdess\u00e4 siistin ilmeen ja k\u00e4yt\u00e4nn\u00f6llisyyden k\u00e4yt\u00e4v\u00e4ll\u00e4si.<\/li>\n<li><b>S\u00e4\u00e4dett\u00e4v\u00e4 akryylipeili<\/b> T\u00e4m\u00e4 kevyt, rikkoutumaton akryylipeili on turvallinen vaihtoehto perinteiselle lasille. Sen kirkas pinta heijastaa hyvin ja parantaa k\u00e4ytett\u00e4vyytt\u00e4 ja esteettist\u00e4 vetovoimaa, mik\u00e4 tekee aamuista tehokkaita ja tyylikk\u00e4it\u00e4.<\/li>\n<li><b>Integroidut naulakot<\/b> Strategisesti sijoitetut naulakot tekev\u00e4t takkiesi, hattujen ja huivien s\u00e4ilytt\u00e4misest\u00e4 helppoa. Niiden kest\u00e4v\u00e4 rakenne takaa useiden esineiden pit\u00e4misen ilman vaurioita, mik\u00e4 helpottaa aamuruuhkia ja varmistaa siistin sis\u00e4\u00e4nk\u00e4ynnin.<\/li>\n<li><b>Helppo huolto<\/b> Yll\u00e4pito on vaivatonta: pyyhi setti kostealla liinalla. T\u00e4m\u00e4 yksinkertainen hoito sopii kiireisille perheille, jotka arvostavat mukavuutta ja yksinkertaisuutta kodin hoidossa.<\/li>\n<\/ul>\n<ul>\n<li>V\u00e4ri: Vanha puu<\/li>\n<li>Materiaali: Tekninen puu<\/li>\n<li>Yleiset mitat: 90 x 31 x 46,5 cm (P x L x K)<\/li>\n<li>Paino: 26,25 kg<\/li>\n<li>Kest\u00e4v\u00e4<\/li>\n<li>2 laatikoilla<\/li>\n<li>Akryylipeilit<\/li>\n<li>Mukana 1 laatikkohylly<\/li>\n<li>Istuimen korkeus maasta: 46,5 cm<\/li>\n<li>Kehysmateriaali: Tekninen puu<\/li>\n<li>Enimm\u00e4ispaino: 110 kg<\/li>\n<li>Vain sis\u00e4k\u00e4ytt\u00f6\u00f6n<\/li>\n<li>Toimitus-:<\/li>\n<li>1 x S\u00e4ilytyspenkki: 90 x 31 x 46.5 cm (P x L x K)<\/li>\n<li>1 x Peili: 31 x 90 cm (L x K)<\/li>\n<li>2 x Takkihaavi: 50 x 30 cm (L x K)<\/li>\n<li>Kokoonpano vaaditaan: Kyll\u00e4<\/li>\n<\/ul>\n","protected":false},"excerpt":{"rendered":"<ul>\n<li>V\u00e4ri: Vanha puu<\/li>\n<li>Materiaali: Tekninen puu<\/li>\n<li>Yleiset mitat: 90 x 31 x 46,5 cm (P x L x K)<\/li>\n<li>Paino: 26,25 kg<\/li>\n<li>Kest\u00e4v\u00e4<\/li>\n<li>2 laatikoilla<\/li>\n<li>Akryylipeilit<\/li>\n<li>Mukana 1 laatikkohylly<\/li>\n<li>Istuimen korkeus maasta: 46,5 cm<\/li>\n<li>Kehysmateriaali: Tekninen puu<\/li>\n<li>Enimm\u00e4ispaino: 110 kg<\/li>\n<li>Vain sis\u00e4k\u00e4ytt\u00f6\u00f6n<\/li>\n<li>Toimitus-:<\/li>\n<li>1 x S\u00e4ilytyspenkki: 90 x 31 x 46.5 cm (P x L x K)<\/li>\n<li>1 x Peili: 31 x 90 cm (L x K)<\/li>\n<li>2 x Takkihaavi: 50 x 30 cm (L x K)<\/li>\n<li>Kokoonpano vaaditaan: Kyll\u00e4<\/li>\n<\/ul>\n","protected":false},"featured_media":100000188368,"comment_status":"closed","ping_status":"closed","template":"","meta":[],"product_brand":[],"product_cat":[8538,84],"product_tag":[],"class_list":{"0":"post-188368","1":"product","2":"type-product","3":"status-publish","4":"has-post-thumbnail","6":"product_cat-eteis-sailytyspenkit","7":"product_cat-huonekalut","9":"first","10":"instock","11":"taxable","12":"shipping-taxable","13":"purchasable","14":"product-type-simple"},"_links":{"self":[{"href":"https:\/\/www.otiumhome.fi\/index.php\/wp-json\/wp\/v2\/product\/188368","targetHints":{"allow":["GET"]}}],"collection":[{"href":"https:\/\/www.otiumhome.fi\/index.php\/wp-json\/wp\/v2\/product"}],"about":[{"href":"https:\/\/www.otiumhome.fi\/index.php\/wp-json\/wp\/v2\/types\/product"}],"replies":[{"embeddable":true,"href":"https:\/\/www.otiumhome.fi\/index.php\/wp-json\/wp\/v2\/comments?post=188368"}],"wp:featuredmedia":[{"embeddable":true,"href":"https:\/\/www.otiumhome.fi\/index.php\/wp-json\/"}],"wp:attachment":[{"href":"https:\/\/www.otiumhome.fi\/index.php\/wp-json\/wp\/v2\/media?parent=188368"}],"wp:term":[{"taxonomy":"product_brand","embeddable":true,"href":"https:\/\/www.otiumhome.fi\/index.php\/wp-json\/wp\/v2\/product_brand?post=188368"},{"taxonomy":"product_cat","embeddable":true,"href":"https:\/\/www.otiumhome.fi\/index.php\/wp-json\/wp\/v2\/product_cat?post=188368"},{"taxonomy":"product_tag","embeddable":true,"href":"https:\/\/www.otiumhome.fi\/index.php\/wp-json\/wp\/v2\/product_tag?post=188368"}],"curies":[{"name":"wp","href":"https:\/\/api.w.org\/{rel}","templated":true}]}}