{"id":188367,"date":"2025-11-14T02:45:58","date_gmt":"2025-11-14T02:45:58","guid":{"rendered":"https:\/\/www.otiumhome.fi\/?p=188367"},"modified":"2025-12-09T04:09:25","modified_gmt":"2025-12-09T04:09:25","slug":"sailytyspenkki-musta-tammi-62-x-32-x-50-cm-tekninen-puu","status":"publish","type":"product","link":"https:\/\/www.otiumhome.fi\/index.php\/tuote\/sailytyspenkki-musta-tammi-62-x-32-x-50-cm-tekninen-puu\/","title":{"rendered":"S\u00e4ilytyspenkki Musta tammi. 62 x 32 x 50 cm Tekninen puu"},"content":{"rendered":"<p>T\u00e4m\u00e4 moderni s\u00e4ilytyspenkki on loistava huonekalu, joka nostaa toiminnallisuutta mihin tahansa olohuoneeseen. Sen yksinkertainen ja v\u00e4h\u00e4koristeinen muotoilu sulautuu helposti nykyaikaisiin koteihin. Penkin p\u00e4\u00e4tarkoitus on tarjota lis\u00e4\u00e4 istumatilaa ja \u00e4lykk\u00e4it\u00e4 s\u00e4ilytysratkaisuja, joten voit nauttia sek\u00e4 hy\u00f6dyllisyydest\u00e4 ett\u00e4 tyylist\u00e4. Sen suorakaiteen muotoinen rakenne ja selke\u00e4t linjat tekev\u00e4t siit\u00e4 n\u00e4ytt\u00e4v\u00e4n keskikohdan eteisess\u00e4 tai k\u00e4yt\u00e4nn\u00f6llisen ratkaisun olohuoneeseen. Penkki on tehty kest\u00e4v\u00e4st\u00e4 teknisest\u00e4 puusta, mik\u00e4 takaa tukevan ja mukautuvan istuimen p\u00e4ivitt\u00e4iselle k\u00e4yt\u00f6lle.<\/p>\n<ul>\n<li><b>Tekninen puurakenne<\/b> T\u00e4m\u00e4 moderni s\u00e4ilytyspenkki on rakennettu korkealaatuisesta teknisest\u00e4 puusta, joka on tunnettu kest\u00e4vyydest\u00e4\u00e4n. Valittu materiaali takaa pitk\u00e4n k\u00e4ytt\u00f6i\u00e4n ja kest\u00e4\u00e4 p\u00e4ivitt\u00e4ist\u00e4 kulutusta, joten se on luotettava lis\u00e4 kodin kalusteisiin.<\/li>\n<li><b>Runsas sis\u00e4inen s\u00e4ilytystila<\/b> T\u00e4m\u00e4n penkin tilava sis\u00e4inen s\u00e4ilytystila on t\u00e4ydellinen paikka olohuoneen tavaroille. Olipa kyseess\u00e4 ylim\u00e4\u00e4r\u00e4iset tyynyt, peitot tai kirjat, t\u00e4m\u00e4 s\u00e4ilytysratkaisu pit\u00e4\u00e4 ymp\u00e4rist\u00f6n siistin\u00e4 ja j\u00e4rjestyksess\u00e4.<\/li>\n<li><b>Moderni esteettisyys<\/b> Penkki heijastaa modernia tyyli\u00e4 puhtain linjoin, joten se sulautuu vaivattomasti nykyaikaisiin ymp\u00e4rist\u00f6ihin. Sen yksinkertainen muotoilu on monipuolinen ja se sopii eri sisustustyyleihin.<\/li>\n<li><b>Suorakaiteinen rakenne<\/b> Penkki on muotoiltu suorakaiteiseksi, mik\u00e4 maksimoi tilank\u00e4yt\u00f6n ja mahdollistaa joustavan sijoittamisen kapeissa k\u00e4yt\u00e4viss\u00e4 tai pieniss\u00e4 olohuoneissa. Siin\u00e4 on tyylik\u00e4s ilme ilman, ett\u00e4 se vie liikaa tilaa.<\/li>\n<li><b>Helppo kokoaminen<\/b> Kokoaminen vaatii vain kahden henkil\u00f6n apua, joten sen asentaminen on vaivatonta ruuvimeisselin avulla. K\u00e4ytt\u00e4j\u00e4yst\u00e4v\u00e4llinen asennusprosessi auttaa nopeuttamaan toimitusta ja parantamaan k\u00e4yt\u00f6n k\u00e4tevyytt\u00e4.<\/li>\n<\/ul>\n<ul>\n<li>V\u00e4ri: Musta tammi.<\/li>\n<li>Materiaali: Tekninen puu<\/li>\n<li>Yleiset mitat: 62 x 32 x 50 cm (P x L x K)<\/li>\n<li>Paino: 11,7 kg<\/li>\n<li>S\u00e4ilytystila<\/li>\n<li>Kest\u00e4v\u00e4<\/li>\n<li>3 hyllyill\u00e4<\/li>\n<li>Istuinalue: 62 x 32 cm (L x S)<\/li>\n<li>Enimm\u00e4ispaino: 110 kg<\/li>\n<li>Vain sis\u00e4k\u00e4ytt\u00f6\u00f6n<\/li>\n<li>Toimitus-:<\/li>\n<li>1 x S\u00e4ilytyspenkki<\/li>\n<li>Kokoonpano vaaditaan: Kyll\u00e4<\/li>\n<\/ul>\n","protected":false},"excerpt":{"rendered":"<ul>\n<li>V\u00e4ri: Musta tammi.<\/li>\n<li>Materiaali: Tekninen puu<\/li>\n<li>Yleiset mitat: 62 x 32 x 50 cm (P x L x K)<\/li>\n<li>Paino: 11,7 kg<\/li>\n<li>S\u00e4ilytystila<\/li>\n<li>Kest\u00e4v\u00e4<\/li>\n<li>3 hyllyill\u00e4<\/li>\n<li>Istuinalue: 62 x 32 cm (L x S)<\/li>\n<li>Enimm\u00e4ispaino: 110 kg<\/li>\n<li>Vain sis\u00e4k\u00e4ytt\u00f6\u00f6n<\/li>\n<li>Toimitus-:<\/li>\n<li>1 x S\u00e4ilytyspenkki<\/li>\n<li>Kokoonpano vaaditaan: Kyll\u00e4<\/li>\n<\/ul>\n","protected":false},"featured_media":100000188367,"comment_status":"closed","ping_status":"closed","template":"","meta":[],"product_brand":[],"product_cat":[8538,84],"product_tag":[],"class_list":{"0":"post-188367","1":"product","2":"type-product","3":"status-publish","4":"has-post-thumbnail","6":"product_cat-eteis-sailytyspenkit","7":"product_cat-huonekalut","9":"first","10":"instock","11":"taxable","12":"shipping-taxable","13":"purchasable","14":"product-type-simple"},"_links":{"self":[{"href":"https:\/\/www.otiumhome.fi\/index.php\/wp-json\/wp\/v2\/product\/188367","targetHints":{"allow":["GET"]}}],"collection":[{"href":"https:\/\/www.otiumhome.fi\/index.php\/wp-json\/wp\/v2\/product"}],"about":[{"href":"https:\/\/www.otiumhome.fi\/index.php\/wp-json\/wp\/v2\/types\/product"}],"replies":[{"embeddable":true,"href":"https:\/\/www.otiumhome.fi\/index.php\/wp-json\/wp\/v2\/comments?post=188367"}],"wp:featuredmedia":[{"embeddable":true,"href":"https:\/\/www.otiumhome.fi\/index.php\/wp-json\/"}],"wp:attachment":[{"href":"https:\/\/www.otiumhome.fi\/index.php\/wp-json\/wp\/v2\/media?parent=188367"}],"wp:term":[{"taxonomy":"product_brand","embeddable":true,"href":"https:\/\/www.otiumhome.fi\/index.php\/wp-json\/wp\/v2\/product_brand?post=188367"},{"taxonomy":"product_cat","embeddable":true,"href":"https:\/\/www.otiumhome.fi\/index.php\/wp-json\/wp\/v2\/product_cat?post=188367"},{"taxonomy":"product_tag","embeddable":true,"href":"https:\/\/www.otiumhome.fi\/index.php\/wp-json\/wp\/v2\/product_tag?post=188367"}],"curies":[{"name":"wp","href":"https:\/\/api.w.org\/{rel}","templated":true}]}}