{"id":188365,"date":"2025-11-14T02:45:57","date_gmt":"2025-11-14T02:45:57","guid":{"rendered":"https:\/\/www.otiumhome.fi\/?p=188365"},"modified":"2025-12-14T04:43:47","modified_gmt":"2025-12-14T04:43:47","slug":"kenkapenkki-hyllylla-musta-tammi-102-x-32-x-50-cm-tekninen-puu","status":"publish","type":"product","link":"https:\/\/www.otiumhome.fi\/index.php\/tuote\/kenkapenkki-hyllylla-musta-tammi-102-x-32-x-50-cm-tekninen-puu\/","title":{"rendered":"Kenk\u00e4penkki hyllyll\u00e4 Musta tammi. 102 x 32 x 50 cm Tekninen puu"},"content":{"rendered":"<p>T\u00e4\u00e4 moderni s\u00e4ilytyspenkki eteiseen on just se, mit\u00e4 tarvitset, kun haluat yhdist\u00e4\u00e4 tyylin ja k\u00e4yt\u00e4nn\u00f6llisyyden. Se tarjoaa k\u00e4tev\u00e4n istuinpaikan ja parantaa s\u00e4ilytystilaa sen tyylikk\u00e4\u00e4n suorakaiteen muotoilun ansiosta. Olipa se sitten olohuoneessasi tai eteisess\u00e4si, sen moderni ilme puhtaine linjoineen sopii mihin tahansa sisustukseen, muuttaen tylsi\u00e4 tiloja \u00e4lykk\u00e4iksi ja tyylikk\u00e4iksi.<\/p>\n<ul>\n<li><strong>Teknisen puun materiaali<\/strong> T\u00e4\u00e4 penkki on tehty teknisest\u00e4 puusta, joka on kest\u00e4v\u00e4 eik\u00e4 v\u00e4\u00e4nny helposti. Se on kova ja luotettava, valmis p\u00e4ivitt\u00e4iseen k\u00e4ytt\u00f6\u00f6n ja raskaammallekin kuormalle, ja sen sile\u00e4 pinta n\u00e4ytt\u00e4\u00e4 hienolta ja sopii moderniin muotoiluun.<\/li>\n<li><strong>S\u00e4ilytyseffekti<\/strong> Penkin sis\u00e4ll\u00e4 on paljon tilaa, t\u00e4ydellinen kengille, laukuilla tai kausitavaroille. Se yhdist\u00e4\u00e4 istuinpaikan ja s\u00e4ilytystilan yhteen yksinkertaiseen kokonaisuuteen, mik\u00e4 tekee siit\u00e4 just oikean pienille kerrostaloille tai ahtaille eteisille.<\/li>\n<li><strong>Moderni tyyli<\/strong> Puhtaine linjoineen ja minimalistisella muotoilullaan t\u00e4\u00e4 penkki s\u00e4teilee nykyaikaista tunnelmaa, joka sopii moderneihin koteihin. Se panostaa sek\u00e4 ulkon\u00e4k\u00f6\u00f6n ett\u00e4 k\u00e4yt\u00e4nn\u00f6llisyyteen, tehden siit\u00e4 tyylikk\u00e4\u00e4n ja hy\u00f6dyllisen lis\u00e4n mihin tahansa koti- tai toimistotilaan.<\/li>\n<li><strong>K\u00e4ytt\u00e4j\u00e4yst\u00e4v\u00e4llinen yll\u00e4pito<\/strong> Pid\u00e4 penkki siistin\u00e4 on helppoa; pyyhk\u00e4ise vaan kostealla liinalla. T\u00e4m\u00e4 yksinkertainen hoito tarkoittaa, ett\u00e4 se pysyy yht\u00e4 kauniina kuin saapuessaan, ilman vaivann\u00e4k\u00f6\u00e4.<\/li>\n<li><strong>Kokoamisetiedot<\/strong> Tarvitset vain kaverin ja ruuvimeisseilin t\u00e4m\u00e4n penkin kokoamiseen. Se tulee 1 x Keng\u00e4npenkkin\u00e4, ja kokoaminen tekee t\u00e4st\u00e4 k\u00e4tev\u00e4st\u00e4 kalusteesta paikoilleen nopeaa, jotta voit j\u00e4rjest\u00e4\u00e4 ja sisustaa olohuoneesi tehokkaasti.<\/li>\n<\/ul>\n<ul>\n<li>V\u00e4ri: Musta tammi.<\/li>\n<li>Materiaali: Tekninen puu<\/li>\n<li>Yleiset mitat: 102 x 32 x 50 cm (P x L x K)<\/li>\n<li>Paino: 20,65 kg<\/li>\n<li>S\u00e4ilytystila<\/li>\n<li>Kest\u00e4v\u00e4<\/li>\n<li>10 hyllyill\u00e4<\/li>\n<li>Istuinalue: 102 x 32 cm (L x S)<\/li>\n<li>Vain sis\u00e4k\u00e4ytt\u00f6\u00f6n<\/li>\n<li>Toimitus-:<\/li>\n<li>1 x Kenk\u00e4penkki<\/li>\n<li>Kokoonpano vaaditaan: Kyll\u00e4<\/li>\n<\/ul>\n","protected":false},"excerpt":{"rendered":"<ul>\n<li>V\u00e4ri: Musta tammi.<\/li>\n<li>Materiaali: Tekninen puu<\/li>\n<li>Yleiset mitat: 102 x 32 x 50 cm (P x L x K)<\/li>\n<li>Paino: 20,65 kg<\/li>\n<li>S\u00e4ilytystila<\/li>\n<li>Kest\u00e4v\u00e4<\/li>\n<li>10 hyllyill\u00e4<\/li>\n<li>Istuinalue: 102 x 32 cm (L x S)<\/li>\n<li>Vain sis\u00e4k\u00e4ytt\u00f6\u00f6n<\/li>\n<li>Toimitus-:<\/li>\n<li>1 x Kenk\u00e4penkki<\/li>\n<li>Kokoonpano vaaditaan: Kyll\u00e4<\/li>\n<\/ul>\n","protected":false},"featured_media":100000188365,"comment_status":"closed","ping_status":"closed","template":"","meta":[],"product_brand":[],"product_cat":[8538,84],"product_tag":[],"class_list":{"0":"post-188365","1":"product","2":"type-product","3":"status-publish","4":"has-post-thumbnail","6":"product_cat-eteis-sailytyspenkit","7":"product_cat-huonekalut","9":"first","10":"instock","11":"taxable","12":"shipping-taxable","13":"purchasable","14":"product-type-simple"},"_links":{"self":[{"href":"https:\/\/www.otiumhome.fi\/index.php\/wp-json\/wp\/v2\/product\/188365","targetHints":{"allow":["GET"]}}],"collection":[{"href":"https:\/\/www.otiumhome.fi\/index.php\/wp-json\/wp\/v2\/product"}],"about":[{"href":"https:\/\/www.otiumhome.fi\/index.php\/wp-json\/wp\/v2\/types\/product"}],"replies":[{"embeddable":true,"href":"https:\/\/www.otiumhome.fi\/index.php\/wp-json\/wp\/v2\/comments?post=188365"}],"wp:featuredmedia":[{"embeddable":true,"href":"https:\/\/www.otiumhome.fi\/index.php\/wp-json\/"}],"wp:attachment":[{"href":"https:\/\/www.otiumhome.fi\/index.php\/wp-json\/wp\/v2\/media?parent=188365"}],"wp:term":[{"taxonomy":"product_brand","embeddable":true,"href":"https:\/\/www.otiumhome.fi\/index.php\/wp-json\/wp\/v2\/product_brand?post=188365"},{"taxonomy":"product_cat","embeddable":true,"href":"https:\/\/www.otiumhome.fi\/index.php\/wp-json\/wp\/v2\/product_cat?post=188365"},{"taxonomy":"product_tag","embeddable":true,"href":"https:\/\/www.otiumhome.fi\/index.php\/wp-json\/wp\/v2\/product_tag?post=188365"}],"curies":[{"name":"wp","href":"https:\/\/api.w.org\/{rel}","templated":true}]}}