{"id":188363,"date":"2025-11-14T02:45:57","date_gmt":"2025-11-14T02:45:57","guid":{"rendered":"https:\/\/www.otiumhome.fi\/?p=188363"},"modified":"2025-12-09T04:09:25","modified_gmt":"2025-12-09T04:09:25","slug":"sailytyspenkki-musta-tammi-102-x-32-x-50-cm-tekninen-puu","status":"publish","type":"product","link":"https:\/\/www.otiumhome.fi\/index.php\/tuote\/sailytyspenkki-musta-tammi-102-x-32-x-50-cm-tekninen-puu\/","title":{"rendered":"S\u00e4ilytyspenkki Musta tammi. 102 x 32 x 50 cm Tekninen puu"},"content":{"rendered":"<p>T\u00e4\u00e4 monipuolinen s\u00e4ilytystuoli yhdist\u00e4\u00e4 tyylin ja k\u00e4yt\u00e4nn\u00f6llisyyden, tehdess\u00e4\u00e4n siit\u00e4 t\u00e4ydellisen lis\u00e4n mihin tahansa olohuoneeseen. Sen moderni ilme, puhtaat linjat ja v\u00e4h\u00e4inen koristelu eiv\u00e4t ainoastaan tarjoa lis\u00e4istumatilaa, vaan my\u00f6s toimii s\u00e4ilytysratkaisuna, auttaen j\u00e4rjest\u00e4m\u00e4\u00e4n tilaa. Teknisest\u00e4 puusta tehty rakenne on kest\u00e4v\u00e4 ja helppo pit\u00e4\u00e4 puhtaana, kokoaminen onnistuu vain ruuvimeisselill\u00e4.<\/p>\n<ul>\n<li><b>Materiaalit:<\/b> T\u00e4ss\u00e4 s\u00e4ilytystuolissa on k\u00e4ytetty teknist\u00e4 puuta, joka tekee siit\u00e4 kest\u00e4v\u00e4n ja luotettavan sis\u00e4k\u00e4ytt\u00f6\u00f6n. Sen sile\u00e4 pinta nostaa sen visuaalista vetovoimaa, tehden siit\u00e4 monik\u00e4ytt\u00f6isen lis\u00e4n erilaisiin sisustustyyleihin. Se on rakennettu kest\u00e4m\u00e4\u00e4n, yhdist\u00e4en modernin ilmeen k\u00e4yt\u00e4nn\u00f6lliseen muotoiluun, joten voit nauttia sen mukavuudesta vuosia.<\/li>\n<li><b>Sis\u00e4lt\u00e4\u00e4 osat:<\/b> Tuolissa on k\u00e4tev\u00e4t numppikahvat, joilla p\u00e4\u00e4set helposti s\u00e4ilytett\u00e4viin tavaroihisi, varmistaen sujuvan k\u00e4ytt\u00e4j\u00e4kokemuksen. Sen ainutlaatuinen muoto tarjoaa tilavan s\u00e4ilytystila, johon voit vaivattomasti pakata erilaisia tavaroita, kuten peittoja ja tyynyj\u00e4. Huolellinen suunnittelu antaa tyyli\u00e4 ja toimintaa ilman kompromisseja.<\/li>\n<li><b>Ominaisuudet \/ Toiminta \/ Muotoilu:<\/b> T\u00e4ss\u00e4 penkiss\u00e4 on mukava istuin ja k\u00e4tev\u00e4 s\u00e4ilytysratkaisu. Moderni muotoilu ilman liiallista koristelua sopii loistavasti nykyaikaisiin tiloihin ja tarjoaa k\u00e4yt\u00e4nn\u00f6llisi\u00e4 s\u00e4ilytysratkaisuja. Se on t\u00e4ydellinen tuote tiiviisiin tiloihin, joissa s\u00e4ilytysratkaisut ovat my\u00f6s sisustuselementtej\u00e4.<\/li>\n<li><b>Suositellut k\u00e4ytt\u00f6tavat:<\/b> Penkki sopii parhaiten olohuoneisiin, eteisiin tai muille alueille, joilla tarvitaan ylim\u00e4\u00e4r\u00e4ist\u00e4 istumatilaa ja s\u00e4ilytystilaa. T\u00e4m\u00e4 s\u00e4ilytystuoli palvelee kahta tarkoitusta, parantaen huoneen k\u00e4ytett\u00e4vyytt\u00e4 uhraamatta kauneutta. Monipuolinen luonne tekee siit\u00e4 loistavan valinnan, jos haluat tilaa tyylikk\u00e4\u00e4sti, pit\u00e4en sek\u00e4 istumatilan ett\u00e4 s\u00e4ilytyksen k\u00e4tev\u00e4sti.<\/li>\n<li><b>Hoito ja yll\u00e4pito:<\/b> Penkin puhtaissa pit\u00e4\u00e4 vaivann\u00e4k\u00f6 minimiss\u00e4. Pyyhi se kuivalla kankaalla p\u00f6lyn poistamiseksi, ja v\u00e4lt\u00e4 t\u00e4rkeit\u00e4 kemikaaleja, mitk\u00e4 voivat vahingoittaa materiaalia. Kokoaminen on helppoa, tarvitset vain kaksi ihmist\u00e4 ja ruuvimeisselin, joten asentaminen ei ole vaivalloista.<\/li>\n<\/ul>\n<ul>\n<li>V\u00e4ri: Musta tammi.<\/li>\n<li>Materiaali: Tekninen puu<\/li>\n<li>Yleiset mitat: 102 x 32 x 50 cm (P x L x K)<\/li>\n<li>Paino: 22,4 kg<\/li>\n<li>S\u00e4ilytystila<\/li>\n<li>11 hyllyill\u00e4<\/li>\n<li>Istuinalue: 102 x 32 cm (L x S)<\/li>\n<li>Istuimen korkeus maasta: 50 cm<\/li>\n<li>Sis\u00e4- \/ ulkotiloissa: Vain sis\u00e4k\u00e4ytt\u00f6\u00f6n<\/li>\n<li>Toimitus-:<\/li>\n<li>1 x s\u00e4ilytyspenkki<\/li>\n<li>Kokoonpano vaaditaan: Kyll\u00e4<\/li>\n<\/ul>\n","protected":false},"excerpt":{"rendered":"<ul>\n<li>V\u00e4ri: Musta tammi.<\/li>\n<li>Materiaali: Tekninen puu<\/li>\n<li>Yleiset mitat: 102 x 32 x 50 cm (P x L x K)<\/li>\n<li>Paino: 22,4 kg<\/li>\n<li>S\u00e4ilytystila<\/li>\n<li>11 hyllyill\u00e4<\/li>\n<li>Istuinalue: 102 x 32 cm (L x S)<\/li>\n<li>Istuimen korkeus maasta: 50 cm<\/li>\n<li>Sis\u00e4- \/ ulkotiloissa: Vain sis\u00e4k\u00e4ytt\u00f6\u00f6n<\/li>\n<li>Toimitus-:<\/li>\n<li>1 x s\u00e4ilytyspenkki<\/li>\n<li>Kokoonpano vaaditaan: Kyll\u00e4<\/li>\n<\/ul>\n","protected":false},"featured_media":100000188363,"comment_status":"closed","ping_status":"closed","template":"","meta":[],"product_brand":[],"product_cat":[8538,84],"product_tag":[],"class_list":{"0":"post-188363","1":"product","2":"type-product","3":"status-publish","4":"has-post-thumbnail","6":"product_cat-eteis-sailytyspenkit","7":"product_cat-huonekalut","9":"first","10":"instock","11":"taxable","12":"shipping-taxable","13":"purchasable","14":"product-type-simple"},"_links":{"self":[{"href":"https:\/\/www.otiumhome.fi\/index.php\/wp-json\/wp\/v2\/product\/188363","targetHints":{"allow":["GET"]}}],"collection":[{"href":"https:\/\/www.otiumhome.fi\/index.php\/wp-json\/wp\/v2\/product"}],"about":[{"href":"https:\/\/www.otiumhome.fi\/index.php\/wp-json\/wp\/v2\/types\/product"}],"replies":[{"embeddable":true,"href":"https:\/\/www.otiumhome.fi\/index.php\/wp-json\/wp\/v2\/comments?post=188363"}],"wp:featuredmedia":[{"embeddable":true,"href":"https:\/\/www.otiumhome.fi\/index.php\/wp-json\/"}],"wp:attachment":[{"href":"https:\/\/www.otiumhome.fi\/index.php\/wp-json\/wp\/v2\/media?parent=188363"}],"wp:term":[{"taxonomy":"product_brand","embeddable":true,"href":"https:\/\/www.otiumhome.fi\/index.php\/wp-json\/wp\/v2\/product_brand?post=188363"},{"taxonomy":"product_cat","embeddable":true,"href":"https:\/\/www.otiumhome.fi\/index.php\/wp-json\/wp\/v2\/product_cat?post=188363"},{"taxonomy":"product_tag","embeddable":true,"href":"https:\/\/www.otiumhome.fi\/index.php\/wp-json\/wp\/v2\/product_tag?post=188363"}],"curies":[{"name":"wp","href":"https:\/\/api.w.org\/{rel}","templated":true}]}}