{"id":188359,"date":"2025-11-14T02:45:56","date_gmt":"2025-11-14T02:45:56","guid":{"rendered":"https:\/\/www.otiumhome.fi\/?p=188359"},"modified":"2025-12-09T04:09:24","modified_gmt":"2025-12-09T04:09:24","slug":"sailytyspenkki-musta-tammi-42-x-42-x-45-cm-tekninen-puu","status":"publish","type":"product","link":"https:\/\/www.otiumhome.fi\/index.php\/tuote\/sailytyspenkki-musta-tammi-42-x-42-x-45-cm-tekninen-puu\/","title":{"rendered":"S\u00e4ilytyspenkki Musta tammi. 42 x 42 x 45 cm Tekninen puu"},"content":{"rendered":"<p>T\u00e4m\u00e4 moderni s\u00e4ilytyspenkki yhdist\u00e4\u00e4 k\u00e4yt\u00e4nn\u00f6llisyyden ja tyylikkyyden, tehden siit\u00e4 hienon lis\u00e4n mihin tahansa olohuoneeseen. Kest\u00e4v\u00e4 tekninen puu takaa luotettavan istumapaikan samalla kun se piilottaa tavaraa istumapinnan alle. Sen yksinkertaiset linjat tuovat eleganssia ja k\u00e4yt\u00e4nn\u00f6n hy\u00f6ty\u00e4, pit\u00e4en ymp\u00e4rist\u00f6n siistin\u00e4.<\/p>\n<ul><\/br><\/p>\n<li><b>Paljon s\u00e4ilytystilaa:<\/b> T\u00e4m\u00e4 penkki avautuu isolta osastolta istuimen alta, ja sopii loistavasti kirjojen, peittojen tai muiden kodin tavaroiden pit\u00e4miseen piilossa mutta k\u00e4den ulottuvilla. Sen avara sisus pit\u00e4\u00e4 olohuoneen siistin\u00e4 j\u00e4rjest\u00e4m\u00e4ll\u00e4 arjen sotkeutuneet tavarat yhteen paikkaan.<\/li>\n<p><\/br><\/p>\n<li><b>Moderni tyyli:<\/b> Penkin puhtaat linjat ja v\u00e4h\u00e4inen koristeellisuus nostavat modernin olohuoneen ilmett\u00e4. Se sulautuu hienosti olemassaoleviin sisustuksiin, ilman ett\u00e4 se varastaa huomiota muilta elementeilt\u00e4. Sen esteettinen vieh\u00e4tys varmistaa, ett\u00e4 se pysyy tyylikk\u00e4\u00e4n\u00e4 pitk\u00e4\u00e4n.<\/li>\n<p><\/br><\/p>\n<li><b>Kest\u00e4v\u00e4 puurunko:<\/b> Penkin runko on tehty kest\u00e4v\u00e4st\u00e4 teknisest\u00e4 puusta, joka tarjoaa vahvan tuen istumiseen ja takaa pitk\u00e4n k\u00e4ytt\u00f6i\u00e4n. T\u00e4m\u00e4 materiaali yhdist\u00e4\u00e4 kauneuden ja kest\u00e4vyyden, tehden siit\u00e4 sek\u00e4 k\u00e4yt\u00e4nn\u00f6llisen ett\u00e4 esteettisesti miellytt\u00e4v\u00e4n huonekalu. Sen johdonmukainen ulkon\u00e4k\u00f6 tekee siit\u00e4 t\u00e4ydellisen vakaaksi istuimeksi.<\/li>\n<p><\/br><\/p>\n<li><b>Ainoastaan sis\u00e4lle:<\/b> T\u00e4m\u00e4 penkki on suunniteltu k\u00e4ytett\u00e4v\u00e4ksi sis\u00e4ll\u00e4, t\u00e4ydent\u00e4en olohuoneita, k\u00e4yt\u00e4vi\u00e4 tai makuuhuoneita erilaisilla sisustustyyleill\u00e4. Se palvelee alaorganisoitua el\u00e4m\u00e4ntapaa, joka arvostaa j\u00e4rjestyst\u00e4 ja esteettisyytt\u00e4.<\/li>\n<p><\/br><\/p>\n<li><b>Kokoamisohjeet:<\/b> Tuote toimitetaan 1 x s\u00e4ilytyspenkkin\u00e4, ja kokoaminen on helppoa kahdelle henkil\u00f6lle ruuvimeisselill\u00e4. T\u00e4m\u00e4 mahdollistaa perheen osallistuvan suoraan, jolloin penkki on heti k\u00e4ytt\u00f6kunnossa. Kokoonpanon helppous tekee t\u00e4st\u00e4 k\u00e4tev\u00e4n vaihtoehdon kiireisille.<\/li>\n<p><\/br><\/ul>\n<ul>\n<li>V\u00e4ri: Musta tammi.<\/li>\n<li>Materiaali: Tekninen puu<\/li>\n<li>Yleiset mitat: 42 x 42 x 45 cm (P x L x K)<\/li>\n<li>Paino: 9,45 kg<\/li>\n<li>S\u00e4ilytystila<\/li>\n<li>Istuinalue: 42 x 42 cm (L x S)<\/li>\n<li>Istuimen korkeus maasta: 45 cm<\/li>\n<li>Sis\u00e4- \/ ulkotiloissa: Vain sis\u00e4k\u00e4ytt\u00f6\u00f6n<\/li>\n<li>Toimitus-:<\/li>\n<li>1 x s\u00e4ilytyspenkki<\/li>\n<li>Kokoonpano vaaditaan: Kyll\u00e4<\/li>\n<\/ul>\n","protected":false},"excerpt":{"rendered":"<ul>\n<li>V\u00e4ri: Musta tammi.<\/li>\n<li>Materiaali: Tekninen puu<\/li>\n<li>Yleiset mitat: 42 x 42 x 45 cm (P x L x K)<\/li>\n<li>Paino: 9,45 kg<\/li>\n<li>S\u00e4ilytystila<\/li>\n<li>Istuinalue: 42 x 42 cm (L x S)<\/li>\n<li>Istuimen korkeus maasta: 45 cm<\/li>\n<li>Sis\u00e4- \/ ulkotiloissa: Vain sis\u00e4k\u00e4ytt\u00f6\u00f6n<\/li>\n<li>Toimitus-:<\/li>\n<li>1 x s\u00e4ilytyspenkki<\/li>\n<li>Kokoonpano vaaditaan: Kyll\u00e4<\/li>\n<\/ul>\n","protected":false},"featured_media":100000188359,"comment_status":"closed","ping_status":"closed","template":"","meta":[],"product_brand":[],"product_cat":[8538,84],"product_tag":[],"class_list":{"0":"post-188359","1":"product","2":"type-product","3":"status-publish","4":"has-post-thumbnail","6":"product_cat-eteis-sailytyspenkit","7":"product_cat-huonekalut","9":"first","10":"instock","11":"taxable","12":"shipping-taxable","13":"purchasable","14":"product-type-simple"},"_links":{"self":[{"href":"https:\/\/www.otiumhome.fi\/index.php\/wp-json\/wp\/v2\/product\/188359","targetHints":{"allow":["GET"]}}],"collection":[{"href":"https:\/\/www.otiumhome.fi\/index.php\/wp-json\/wp\/v2\/product"}],"about":[{"href":"https:\/\/www.otiumhome.fi\/index.php\/wp-json\/wp\/v2\/types\/product"}],"replies":[{"embeddable":true,"href":"https:\/\/www.otiumhome.fi\/index.php\/wp-json\/wp\/v2\/comments?post=188359"}],"wp:featuredmedia":[{"embeddable":true,"href":"https:\/\/www.otiumhome.fi\/index.php\/wp-json\/"}],"wp:attachment":[{"href":"https:\/\/www.otiumhome.fi\/index.php\/wp-json\/wp\/v2\/media?parent=188359"}],"wp:term":[{"taxonomy":"product_brand","embeddable":true,"href":"https:\/\/www.otiumhome.fi\/index.php\/wp-json\/wp\/v2\/product_brand?post=188359"},{"taxonomy":"product_cat","embeddable":true,"href":"https:\/\/www.otiumhome.fi\/index.php\/wp-json\/wp\/v2\/product_cat?post=188359"},{"taxonomy":"product_tag","embeddable":true,"href":"https:\/\/www.otiumhome.fi\/index.php\/wp-json\/wp\/v2\/product_tag?post=188359"}],"curies":[{"name":"wp","href":"https:\/\/api.w.org\/{rel}","templated":true}]}}