{"id":188353,"date":"2025-11-14T02:39:51","date_gmt":"2025-11-14T02:39:51","guid":{"rendered":"https:\/\/www.otiumhome.fi\/?p=188353"},"modified":"2025-12-09T04:07:49","modified_gmt":"2025-12-09T04:07:49","slug":"kaappi-hyllylla-pyoralla-ovella-musta-tammi-60-x-48-x-74-5-cm","status":"publish","type":"product","link":"https:\/\/www.otiumhome.fi\/index.php\/tuote\/kaappi-hyllylla-pyoralla-ovella-musta-tammi-60-x-48-x-74-5-cm\/","title":{"rendered":"Kaappi hyllyll\u00e4 py\u00f6r\u00e4ll\u00e4 ovella Musta tammi. 60 x 48 x 74.5 cm"},"content":{"rendered":"<p>T\u00e4ss\u00e4 teknisen puun kaapissa on yhdistetty moderni muotoilu ja k\u00e4yt\u00e4nn\u00f6llisyys, joten se on t\u00e4ydellinen kodinomistajille, jotka haluavat eleganssia ja yksinkertaisuutta. Suorakulmainen muoto ja siistit linjat tekev\u00e4t siit\u00e4 houkuttelevan lis\u00e4n mihin tahansa huoneeseen, valmiina sulautumaan minimalistisiin ja moderneihin ymp\u00e4rist\u00f6ihin. Kaappi tuo esille tyylikkyytt\u00e4 ja runsaasti s\u00e4ilytystilaa, mik\u00e4 auttaa j\u00e4rjest\u00e4m\u00e4\u00e4n niin asiakirjat kuin koriste-esineet.<\/p>\n<ul><\/br><\/p>\n<li><b>Materiaalit:<\/b> T\u00e4m\u00e4 teknisest\u00e4 puusta tehty kaappi on kest\u00e4v\u00e4 ja pitk\u00e4ik\u00e4inen valinta kotiin. Vahva rakenne takaa, ett\u00e4 se kest\u00e4\u00e4 p\u00e4ivitt\u00e4ist\u00e4 k\u00e4ytt\u00f6\u00e4 ja pysyy kauniina. Tekninen puu tuo modernia tyyli\u00e4, joka sopii moneen sisustukseen, parantaen tilan yleisilmett\u00e4.<\/li>\n<p><\/br><\/p>\n<li><b>Included Components:<\/b> Toimitetaan yhdess\u00e4 kaapin kanssa. Suunnittelu on k\u00e4yt\u00e4nn\u00f6llinen ja helppok\u00e4ytt\u00f6inen. Kaappi tarjoaa paljon tilaa, t\u00e4ydellinen kotitalouden esineiden j\u00e4rjest\u00e4miseen. Kirjat, vaatteet tai toimistotarvikkeet l\u00f6ytyv\u00e4t helposti runsaista lokeroista. T\u00e4m\u00e4 tuote auttaa pit\u00e4m\u00e4\u00e4n tilat siistin\u00e4, yhdist\u00e4en kauneuden ja k\u00e4yt\u00e4nn\u00f6llisyyden.<\/li>\n<p><\/br><\/p>\n<li><b>Ominaisuudet \/ Toiminta \/ Suunnittelu:<\/b> Kaapin moderni tyyli, yksinkertaiset linjat ja v\u00e4h\u00e4n koristeita korostaa sek\u00e4 esteettist\u00e4 puolta ett\u00e4 k\u00e4yt\u00e4nn\u00f6llisyytt\u00e4. Se tarjoaa reilusti s\u00e4ilytystilaa, joten ymp\u00e4rist\u00f6 pysyy siistin\u00e4, olipa kyseess\u00e4 toimisto tai henkil\u00f6kohtainen ty\u00f6tila. Suunnittelu toimii monenlaisille makuille ja tukee erilaisten tarpeiden t\u00e4ytt\u00e4mist\u00e4.<\/li>\n<p><\/br><\/p>\n<li><b>Suositellut k\u00e4ytt\u00f6tavat:<\/b> T\u00e4ydellinen vain sis\u00e4tiloihin, t\u00e4m\u00e4 kaappi sopii moniin eri huoneisiin. Toimistossa se pit\u00e4\u00e4 tiedostot j\u00e4rjestyksess\u00e4, kun taas kotona se s\u00e4ilytt\u00e4\u00e4 arjen tarvikkeet helposti saatavilla. Kaapin monipuolisuus ulottuu my\u00f6s tiloihin, kuten olohuoneisiin, jossa se toimii tyylikk\u00e4\u00e4n\u00e4 s\u00e4ilytysratkaisuna kirjoille tai peleille.<\/li>\n<p><\/br><\/p>\n<li><b>Hoito &amp; Yll\u00e4pito:<\/b> Pid\u00e4 kaappi hyv\u00e4n\u00e4 yksinkertaisesti pyyhkim\u00e4ll\u00e4 se kuivalla liinalla. V\u00e4lt\u00e4 kosteutta, jotta se s\u00e4ilytt\u00e4\u00e4 korkean laadun. S\u00e4\u00e4nn\u00f6llinen p\u00f6lyntorjunta pit\u00e4\u00e4 sen siistin\u00e4 ja tekee siit\u00e4 helpon lis\u00e4n kotiin, jossa arvostetaan sek\u00e4 kauneutta ett\u00e4 k\u00e4yt\u00e4nn\u00f6llisyytt\u00e4.<\/li>\n<p><\/br><\/ul>\n<ul>\n<li>V\u00e4ri: Musta tammi.<\/li>\n<li>Yleiset mitat: 60 x 48 x 81 cm (P x L x K)<\/li>\n<li>Paino: 21,7 kg<\/li>\n<li>Runsaasti s\u00e4ilytystilaa<\/li>\n<li>2 hyllyill\u00e4<\/li>\n<li>4 py\u00f6rill\u00e4<\/li>\n<li>2 ovien kanssa<\/li>\n<li>Vain sis\u00e4k\u00e4ytt\u00f6\u00f6n<\/li>\n<li>Toimitus-:<\/li>\n<li>1 x Kaappi<\/li>\n<li>Kokoonpano vaaditaan: Kyll\u00e4<\/li>\n<\/ul>\n","protected":false},"excerpt":{"rendered":"<ul>\n<li>V\u00e4ri: Musta tammi.<\/li>\n<li>Yleiset mitat: 60 x 48 x 81 cm (P x L x K)<\/li>\n<li>Paino: 21,7 kg<\/li>\n<li>Runsaasti s\u00e4ilytystilaa<\/li>\n<li>2 hyllyill\u00e4<\/li>\n<li>4 py\u00f6rill\u00e4<\/li>\n<li>2 ovien kanssa<\/li>\n<li>Vain sis\u00e4k\u00e4ytt\u00f6\u00f6n<\/li>\n<li>Toimitus-:<\/li>\n<li>1 x Kaappi<\/li>\n<li>Kokoonpano vaaditaan: Kyll\u00e4<\/li>\n<\/ul>\n","protected":false},"featured_media":100000188353,"comment_status":"closed","ping_status":"closed","template":"","meta":[],"product_brand":[],"product_cat":[8535,84],"product_tag":[],"class_list":{"0":"post-188353","1":"product","2":"type-product","3":"status-publish","4":"has-post-thumbnail","6":"product_cat-arkistokaapit","7":"product_cat-huonekalut","9":"first","10":"instock","11":"taxable","12":"shipping-taxable","13":"purchasable","14":"product-type-simple"},"_links":{"self":[{"href":"https:\/\/www.otiumhome.fi\/index.php\/wp-json\/wp\/v2\/product\/188353","targetHints":{"allow":["GET"]}}],"collection":[{"href":"https:\/\/www.otiumhome.fi\/index.php\/wp-json\/wp\/v2\/product"}],"about":[{"href":"https:\/\/www.otiumhome.fi\/index.php\/wp-json\/wp\/v2\/types\/product"}],"replies":[{"embeddable":true,"href":"https:\/\/www.otiumhome.fi\/index.php\/wp-json\/wp\/v2\/comments?post=188353"}],"wp:featuredmedia":[{"embeddable":true,"href":"https:\/\/www.otiumhome.fi\/index.php\/wp-json\/"}],"wp:attachment":[{"href":"https:\/\/www.otiumhome.fi\/index.php\/wp-json\/wp\/v2\/media?parent=188353"}],"wp:term":[{"taxonomy":"product_brand","embeddable":true,"href":"https:\/\/www.otiumhome.fi\/index.php\/wp-json\/wp\/v2\/product_brand?post=188353"},{"taxonomy":"product_cat","embeddable":true,"href":"https:\/\/www.otiumhome.fi\/index.php\/wp-json\/wp\/v2\/product_cat?post=188353"},{"taxonomy":"product_tag","embeddable":true,"href":"https:\/\/www.otiumhome.fi\/index.php\/wp-json\/wp\/v2\/product_tag?post=188353"}],"curies":[{"name":"wp","href":"https:\/\/api.w.org\/{rel}","templated":true}]}}