{"id":188343,"date":"2025-11-14T02:33:45","date_gmt":"2025-11-14T02:33:45","guid":{"rendered":"https:\/\/www.otiumhome.fi\/?p=188343"},"modified":"2025-12-09T04:07:31","modified_gmt":"2025-12-09T04:07:31","slug":"konsolipoyta-muut-vanha-puu-100-x-34-5-x-75-cm-tekninen-puu","status":"publish","type":"product","link":"https:\/\/www.otiumhome.fi\/index.php\/tuote\/konsolipoyta-muut-vanha-puu-100-x-34-5-x-75-cm-tekninen-puu\/","title":{"rendered":"Konsolip\u00f6yt\u00e4 Muut Vanha puu 100 x 34.5 x 75 cm Tekninen puu"},"content":{"rendered":"<p>Rustiikkinen konsolip\u00f6yt\u00e4 on upea yhdistelm\u00e4 tyyli\u00e4 ja k\u00e4yt\u00e4nn\u00f6llisyytt\u00e4, mik\u00e4 tekee siit\u00e4 loistavan lis\u00e4n k\u00e4yt\u00e4ville tai olohuoneisiin. Siin\u00e4 on sopivasti karkeaa vieh\u00e4tyst\u00e4 ja k\u00e4tev\u00e4\u00e4 s\u00e4ilytystilaa. Sen minimalistinen suorakaiteen muotoinen muotoilu on hyv\u00e4 keskipiste, joka esittelee tyyli\u00e4si pit\u00e4en kaiken j\u00e4rjestyksess\u00e4.<\/p>\n<ul>\n<li><b>Materiaalit:<\/b> T\u00e4m\u00e4 konsolip\u00f6yt\u00e4 on valmistettu teknisest\u00e4 puusta, mik\u00e4 antaa sille vahvuutta ja tukevan tunteen. Runsas puupinta n\u00e4ytt\u00e4\u00e4 mukavalta luonnolliselta ja sopii erinomaisesti rustiikkiseen sisustukseen, tuoden ripauksen maalaistunnelmaa kotiisi.<\/li>\n<li><b>Sis\u00e4lt\u00e4\u00e4 osat:<\/b> T\u00e4ss\u00e4 p\u00f6yd\u00e4ss\u00e4 on runsaasti tilaa kirjoille, koristeille tai muille t\u00e4rkeille jutuillesi. Klassiset nappikaapit tarjoavat ylim\u00e4\u00e4r\u00e4ist\u00e4 piilovarausta, jotta asiat pysyv\u00e4t siistin\u00e4.<\/li>\n<li><b>Ominaisuudet \/ Toiminta \/ Suunnittelu:<\/b> P\u00f6yd\u00e4n suunnittelu keskittyy k\u00e4ytett\u00e4vyyteen ja antaa runsaasti tilaa koristeille ja arkip\u00e4iv\u00e4n esineille. Teknisen puun ja metallin yhdistelm\u00e4 pit\u00e4\u00e4 sen sek\u00e4 tyylikk\u00e4\u00e4n\u00e4 ett\u00e4 tukevana.<\/li>\n<li><b>Suositellut k\u00e4ytt\u00f6tarkoitukset:<\/b> Loistava k\u00e4yt\u00e4ville avaimille tai postille, olohuoneisiin n\u00e4ytt\u00e4v\u00e4ksi osaksi tai koristeiden esittelyyn, t\u00e4m\u00e4 konsolip\u00f6yt\u00e4 sopii mihin tahansa. Sen rustiikkinen ilme toimii sek\u00e4 perinteisiss\u00e4 ett\u00e4 moderneissa tyyleiss\u00e4.<\/li>\n<li><b>Hoito ja yll\u00e4pito:<\/b> Pid\u00e4 se hyv\u00e4n\u00e4 v\u00e4ltt\u00e4m\u00e4ll\u00e4 kovia kemikaaleja; pehme\u00e4 liina riitt\u00e4\u00e4 puhdistamiseen. Ja turvallisuusvinkkin\u00e4, kiinnit\u00e4 korkeammat huonekalut sein\u00e4\u00e4n, erityisesti vilkkaissa kodeissa.<\/li>\n<\/ul>\n<ul>\n<li>V\u00e4ri: Vanha puu<\/li>\n<li>Materiaali: Tekninen puu<\/li>\n<li>Viimeistely: Kulunut<\/li>\n<li>Yleiset mitat: 34,5 x 100 x 75 cm (L x P x K)<\/li>\n<li>Runsaasti s\u00e4ilytystilaa<\/li>\n<li>Pinta<\/li>\n<li>Sis\u00e4- \/ ulkotiloissa: Vain sis\u00e4k\u00e4ytt\u00f6\u00f6n<\/li>\n<li>Toimitus-:<\/li>\n<li>1 x konsolip\u00f6yt\u00e4<\/li>\n<\/ul>\n","protected":false},"excerpt":{"rendered":"<ul>\n<li>V\u00e4ri: Vanha puu<\/li>\n<li>Materiaali: Tekninen puu<\/li>\n<li>Viimeistely: Kulunut<\/li>\n<li>Yleiset mitat: 34,5 x 100 x 75 cm (L x P x K)<\/li>\n<li>Runsaasti s\u00e4ilytystilaa<\/li>\n<li>Pinta<\/li>\n<li>Sis\u00e4- \/ ulkotiloissa: Vain sis\u00e4k\u00e4ytt\u00f6\u00f6n<\/li>\n<li>Toimitus-:<\/li>\n<li>1 x konsolip\u00f6yt\u00e4<\/li>\n<\/ul>\n","protected":false},"featured_media":100000188343,"comment_status":"closed","ping_status":"closed","template":"","meta":[],"product_brand":[],"product_cat":[8534,84,8533],"product_tag":[],"class_list":{"0":"post-188343","1":"product","2":"type-product","3":"status-publish","4":"has-post-thumbnail","6":"product_cat-apupoydat","7":"product_cat-huonekalut","8":"product_cat-sivupoydat","10":"first","11":"instock","12":"taxable","13":"shipping-taxable","14":"purchasable","15":"product-type-simple"},"_links":{"self":[{"href":"https:\/\/www.otiumhome.fi\/index.php\/wp-json\/wp\/v2\/product\/188343","targetHints":{"allow":["GET"]}}],"collection":[{"href":"https:\/\/www.otiumhome.fi\/index.php\/wp-json\/wp\/v2\/product"}],"about":[{"href":"https:\/\/www.otiumhome.fi\/index.php\/wp-json\/wp\/v2\/types\/product"}],"replies":[{"embeddable":true,"href":"https:\/\/www.otiumhome.fi\/index.php\/wp-json\/wp\/v2\/comments?post=188343"}],"wp:featuredmedia":[{"embeddable":true,"href":"https:\/\/www.otiumhome.fi\/index.php\/wp-json\/"}],"wp:attachment":[{"href":"https:\/\/www.otiumhome.fi\/index.php\/wp-json\/wp\/v2\/media?parent=188343"}],"wp:term":[{"taxonomy":"product_brand","embeddable":true,"href":"https:\/\/www.otiumhome.fi\/index.php\/wp-json\/wp\/v2\/product_brand?post=188343"},{"taxonomy":"product_cat","embeddable":true,"href":"https:\/\/www.otiumhome.fi\/index.php\/wp-json\/wp\/v2\/product_cat?post=188343"},{"taxonomy":"product_tag","embeddable":true,"href":"https:\/\/www.otiumhome.fi\/index.php\/wp-json\/wp\/v2\/product_tag?post=188343"}],"curies":[{"name":"wp","href":"https:\/\/api.w.org\/{rel}","templated":true}]}}