{"id":188338,"date":"2025-11-14T02:33:43","date_gmt":"2025-11-14T02:33:43","guid":{"rendered":"https:\/\/www.otiumhome.fi\/?p=188338"},"modified":"2025-12-09T04:07:30","modified_gmt":"2025-12-09T04:07:30","slug":"konsolipoyta-artisan-tammi-180-x-30-x-75-cm-tekninen-puu","status":"publish","type":"product","link":"https:\/\/www.otiumhome.fi\/index.php\/tuote\/konsolipoyta-artisan-tammi-180-x-30-x-75-cm-tekninen-puu\/","title":{"rendered":"Konsolip\u00f6yt\u00e4 Artisan tammi 180 x 30 x 75 cm Tekninen puu"},"content":{"rendered":"<p>Teollinen konsolip\u00f6yt\u00e4 on loistava yhdistelm\u00e4 karkeaa charmia ja modernia eleganssia jokaiseen tilaan kodissasi. Inspiraatiota urbaanista loftiel\u00e4m\u00e4st\u00e4 ja teollisista esteettisyyksist\u00e4 ammentava p\u00f6yt\u00e4 edustaa rohkeaa yksinkertaisuutta ja kekseli\u00e4st\u00e4 muotoilua. Se on monik\u00e4ytt\u00f6inen huonekalu, joka sopii loistavasti olohuoneisiin tai k\u00e4yt\u00e4viin, tuoden lis\u00e4\u00e4 toimivuutta ja visuaalista herkkua. Se on upea esittelyalusta valokuville, kirjoille tai koriste-esineille, tuoden tilan eloon dynaamisella tunnelmalla.<\/p>\n<ul>\n<li><b>Materiaalikoostumus:<\/b> T\u00e4m\u00e4 konsolip\u00f6yt\u00e4 on valmistettu laadukkaasta teknisest\u00e4 puusta, joka tarjoaa kest\u00e4v\u00e4n ja sile\u00e4n pinnan tavaroillesi. Ter\u00e4srunko ja jalat lis\u00e4\u00e4v\u00e4t vakautta, mik\u00e4 takaa tukevan alustan p\u00e4ivitt\u00e4iseen k\u00e4ytt\u00f6\u00f6n. Tekninen puu takaa erinomaisen kest\u00e4vyyden ja tyylikk\u00e4\u00e4n pinnan, kun taas jauhemaalattu ter\u00e4s varmistaa pitk\u00e4ik\u00e4isyyden kulumista vastaan.<\/li>\n<li><b>Toiminnallinen muotoilu:<\/b> S\u00e4\u00e4dett\u00e4v\u00e4t jalat tekev\u00e4t t\u00e4st\u00e4 p\u00f6yd\u00e4st\u00e4 helposti muunneltavan ep\u00e4tasaisille lattiapinnalle, varmistaen tukevan esillepanon koristeillesi. Kapea muotoilu on t\u00e4ydellinen pienille tiloille, integroitumalla seinille ja t\u00e4ydent\u00e4en sisustusta. T\u00e4ss\u00e4 k\u00e4yt\u00e4nn\u00f6llisess\u00e4 muotoilussa on joustavuutta sovittaa se mink\u00e4 tahansa huoneen ilmeeseen.<\/li>\n<li><b>Erityiset hiuspinnijalat:<\/b> Vintage-henkiset hiuspinnijalat ovat t\u00e4ydellinen yhdistelm\u00e4 tyyli\u00e4 ja tukea. Slimmi, elegantti muotoilu helpottaa liikuttamista ja sijoittamista eri tiloihin, parantaen kodin ainutlaatuista ulkoasua. Fiksu rakenne tekee kokoamisesta helppoa.<\/li>\n<li><b>Monipuolinen k\u00e4ytt\u00f6:<\/b> T\u00e4m\u00e4 konsolip\u00f6yt\u00e4 on t\u00e4ydellinen olohuoneisiin, eteisiin tai k\u00e4yt\u00e4viin, toimien keskipisteen\u00e4 samalla kun tarjoaa paljon pinta-alaa tavaroillesi. Sen monitoiminen luonteenpiirre soveltuu erilaisiin tarpeisiin, esittelyist\u00e4 varastointiin, parantaen elinymp\u00e4rist\u00f6\u00e4si harkitulla suunnittelulla.<\/li>\n<li><b>Helppo huolto:<\/b> T\u00e4m\u00e4n tuotteen hoitaminen on yksinkertaista ja vaivatonta. Pyyhk\u00e4ise vain kostealla liinalla pit\u00e4\u00e4kseen sen parhaimmillaan, ja v\u00e4lt\u00e4 voimakkaita kemikaaleja materiaalien eheyden varmistamiseksi. T\u00e4m\u00e4 helppo huoltok\u00e4yt\u00e4nt\u00f6 auttaa pit\u00e4m\u00e4\u00e4n konsolip\u00f6yd\u00e4n eleganttina vuosien ajan.<\/li>\n<\/ul>\n<ul>\n<li>V\u00e4ri: Artisan tammi<\/li>\n<li>Materiaali: Tekninen puu<\/li>\n<li>Yleiset mitat: 180 x 30 x 75 cm (P x L x K)<\/li>\n<li>Paino: 10,17 kg<\/li>\n<li>S\u00e4\u00e4dett\u00e4v\u00e4t Jalat<\/li>\n<li>Kest\u00e4v\u00e4<\/li>\n<li>Kehysmateriaali: Ter\u00e4s<\/li>\n<li>Sis\u00e4- \/ ulkotiloissa: Vain sis\u00e4k\u00e4ytt\u00f6\u00f6n<\/li>\n<li>Toimitus-:<\/li>\n<li>1 x konsolip\u00f6yt\u00e4<\/li>\n<li>Kokoonpano vaaditaan: Kyll\u00e4<\/li>\n<\/ul>\n","protected":false},"excerpt":{"rendered":"<ul>\n<li>V\u00e4ri: Artisan tammi<\/li>\n<li>Materiaali: Tekninen puu<\/li>\n<li>Yleiset mitat: 180 x 30 x 75 cm (P x L x K)<\/li>\n<li>Paino: 10,17 kg<\/li>\n<li>S\u00e4\u00e4dett\u00e4v\u00e4t Jalat<\/li>\n<li>Kest\u00e4v\u00e4<\/li>\n<li>Kehysmateriaali: Ter\u00e4s<\/li>\n<li>Sis\u00e4- \/ ulkotiloissa: Vain sis\u00e4k\u00e4ytt\u00f6\u00f6n<\/li>\n<li>Toimitus-:<\/li>\n<li>1 x konsolip\u00f6yt\u00e4<\/li>\n<li>Kokoonpano vaaditaan: Kyll\u00e4<\/li>\n<\/ul>\n","protected":false},"featured_media":100000188338,"comment_status":"closed","ping_status":"closed","template":"","meta":[],"product_brand":[],"product_cat":[8534,84,8533],"product_tag":[],"class_list":{"0":"post-188338","1":"product","2":"type-product","3":"status-publish","4":"has-post-thumbnail","6":"product_cat-apupoydat","7":"product_cat-huonekalut","8":"product_cat-sivupoydat","10":"first","11":"instock","12":"taxable","13":"shipping-taxable","14":"purchasable","15":"product-type-simple"},"_links":{"self":[{"href":"https:\/\/www.otiumhome.fi\/index.php\/wp-json\/wp\/v2\/product\/188338","targetHints":{"allow":["GET"]}}],"collection":[{"href":"https:\/\/www.otiumhome.fi\/index.php\/wp-json\/wp\/v2\/product"}],"about":[{"href":"https:\/\/www.otiumhome.fi\/index.php\/wp-json\/wp\/v2\/types\/product"}],"replies":[{"embeddable":true,"href":"https:\/\/www.otiumhome.fi\/index.php\/wp-json\/wp\/v2\/comments?post=188338"}],"wp:featuredmedia":[{"embeddable":true,"href":"https:\/\/www.otiumhome.fi\/index.php\/wp-json\/"}],"wp:attachment":[{"href":"https:\/\/www.otiumhome.fi\/index.php\/wp-json\/wp\/v2\/media?parent=188338"}],"wp:term":[{"taxonomy":"product_brand","embeddable":true,"href":"https:\/\/www.otiumhome.fi\/index.php\/wp-json\/wp\/v2\/product_brand?post=188338"},{"taxonomy":"product_cat","embeddable":true,"href":"https:\/\/www.otiumhome.fi\/index.php\/wp-json\/wp\/v2\/product_cat?post=188338"},{"taxonomy":"product_tag","embeddable":true,"href":"https:\/\/www.otiumhome.fi\/index.php\/wp-json\/wp\/v2\/product_tag?post=188338"}],"curies":[{"name":"wp","href":"https:\/\/api.w.org\/{rel}","templated":true}]}}