{"id":188312,"date":"2025-11-14T02:27:46","date_gmt":"2025-11-14T02:27:46","guid":{"rendered":"https:\/\/www.otiumhome.fi\/?p=188312"},"modified":"2025-12-09T04:07:58","modified_gmt":"2025-12-09T04:07:58","slug":"konsolipoyta-laatikon-kanssa-ruskea-100-x-345-x-75-cm-puu","status":"publish","type":"product","link":"https:\/\/www.otiumhome.fi\/index.php\/tuote\/konsolipoyta-laatikon-kanssa-ruskea-100-x-345-x-75-cm-puu\/","title":{"rendered":"Konsolip\u00f6yt\u00e4 laatikon kanssa Ruskea 100 x 34,5 x 75 cm Puu"},"content":{"rendered":"<p>T\u00e4\u00e4 puinen konsolip\u00f6yt\u00e4 on fiksu valinta, joka tekee sun k\u00e4yt\u00e4v\u00e4st\u00e4 kauniin ja k\u00e4yt\u00e4nn\u00f6llisen. Kapea muotoilu mahtuu hyvin sein\u00e4\u00e4 vasten, joten se hy\u00f6dynt\u00e4\u00e4 tiukkoja paikkoja ja antaa tarpeeks tilaa tavaroille esille ja s\u00e4ilytett\u00e4v\u00e4ksi. Tyylik\u00e4s teksturoitu pinta ja kest\u00e4v\u00e4 tekninen puu luo modernin ilmeen, joka on t\u00e4ydellinen kaikille koristeille, tarpeellisille jutuilla tai vaan sen takia, ett\u00e4 sis\u00e4\u00e4nk\u00e4ynnist\u00e4si tulee hieno.<\/p>\n<ul>\n<li><b>Materiaalit:<\/b> Tekninen puu, joka yhdist\u00e4\u00e4 tyyli\u00e4 ja k\u00e4yt\u00e4nn\u00f6llisyytt\u00e4. Kest\u00e4v\u00e4 materiaali suojautuu naarmuilta, joten se n\u00e4ytt\u00e4\u00e4 hyv\u00e4lt\u00e4 jopa p\u00e4ivitt\u00e4isess\u00e4 k\u00e4yt\u00f6ss\u00e4 \u2013 loistava kiireisille k\u00e4yt\u00e4ville.<\/li>\n<li><b>Lis\u00e4osat:<\/b> T\u00e4\u00e4 k\u00e4tev\u00e4 p\u00f6yt\u00e4 tulee perinteisten laatikoiden kanssa, jotka on helppo avata, joten se on t\u00e4ydellinen avaimille ja muille henkil\u00f6kohtaisille esineille. Lis\u00e4ksi lis\u00e4hyllyt tarjoavat runsaasti tilaa koriste-esineiden n\u00e4ytt\u00e4miseen.<\/li>\n<li><b>Ominaisuudet \/ Toiminto \/ Muotoilu:<\/b> T\u00e4\u00e4 konsoli ei ole vain hyv\u00e4lt\u00e4 n\u00e4ytt\u00e4v\u00e4 vaan my\u00f6s tosi k\u00e4yt\u00e4nn\u00f6llinen. Huolellinen suunnittelu pit\u00e4\u00e4 kaiken j\u00e4rjestyksess\u00e4 hyllyjen kanssa, ja teksturoitu pinta tuo ripauksen tyyli\u00e4.<\/li>\n<li><b>Suositellut k\u00e4ytt\u00f6tarkoitukset:<\/b> T\u00e4\u00e4 p\u00f6yt\u00e4 on t\u00e4ydellinen k\u00e4yt\u00e4ville, se tuo esille tiukat paikat ja antaa paljon tilaa jokap\u00e4iv\u00e4isille jutuillesi ja arvokkaalle sisustukselle. Se on just oikee kapea vaihtoehto, joka my\u00f6s parantaa k\u00e4yt\u00e4vien ilmett\u00e4.<\/li>\n<li><b>Huolto &amp; Hoito:<\/b> Pid\u00e4 konsoli hyv\u00e4ss\u00e4 kunnossa noudattamalla huoltovinkkej\u00e4. Varmista, ett\u00e4 se on kiinnitetty sein\u00e4\u00e4n, k\u00e4sittele sit\u00e4 varovasti, pid\u00e4 k\u00e4yt\u00f6ss\u00e4 ruuvimeisseli ja vasara, ja v\u00e4lt\u00e4 voimakkaita kemikaaleja suojaksesi sen pintaa.<\/li>\n<\/ul>\n<ul>\n<li>V\u00e4ri: Ruskea<\/li>\n<li>Materiaali: Puu<\/li>\n<li>Yleiset mitat: 100 x 34,5 x 75 cm (P x L x K)<\/li>\n<li>Paino: 19,2 kg<\/li>\n<li>2 laatikoilla<\/li>\n<li>2 hyllyill\u00e4<\/li>\n<li>Kehysmateriaali: Metalli<\/li>\n<li>Vain sis\u00e4k\u00e4ytt\u00f6\u00f6n<\/li>\n<li>Toimitus-:<\/li>\n<li>1 x Console-P\u00f6yt\u00e4<\/li>\n<li>Kokoonpano vaaditaan: Kyll\u00e4<\/li>\n<\/ul>\n","protected":false},"excerpt":{"rendered":"<ul>\n<li>V\u00e4ri: Ruskea<\/li>\n<li>Materiaali: Puu<\/li>\n<li>Yleiset mitat: 100 x 34,5 x 75 cm (P x L x K)<\/li>\n<li>Paino: 19,2 kg<\/li>\n<li>2 laatikoilla<\/li>\n<li>2 hyllyill\u00e4<\/li>\n<li>Kehysmateriaali: Metalli<\/li>\n<li>Vain sis\u00e4k\u00e4ytt\u00f6\u00f6n<\/li>\n<li>Toimitus-:<\/li>\n<li>1 x Console-P\u00f6yt\u00e4<\/li>\n<li>Kokoonpano vaaditaan: Kyll\u00e4<\/li>\n<\/ul>\n","protected":false},"featured_media":100000188312,"comment_status":"closed","ping_status":"closed","template":"","meta":[],"product_brand":[],"product_cat":[8534,84,8533],"product_tag":[],"class_list":{"0":"post-188312","1":"product","2":"type-product","3":"status-publish","4":"has-post-thumbnail","6":"product_cat-apupoydat","7":"product_cat-huonekalut","8":"product_cat-sivupoydat","10":"first","11":"instock","12":"taxable","13":"shipping-taxable","14":"purchasable","15":"product-type-simple"},"_links":{"self":[{"href":"https:\/\/www.otiumhome.fi\/index.php\/wp-json\/wp\/v2\/product\/188312","targetHints":{"allow":["GET"]}}],"collection":[{"href":"https:\/\/www.otiumhome.fi\/index.php\/wp-json\/wp\/v2\/product"}],"about":[{"href":"https:\/\/www.otiumhome.fi\/index.php\/wp-json\/wp\/v2\/types\/product"}],"replies":[{"embeddable":true,"href":"https:\/\/www.otiumhome.fi\/index.php\/wp-json\/wp\/v2\/comments?post=188312"}],"wp:featuredmedia":[{"embeddable":true,"href":"https:\/\/www.otiumhome.fi\/index.php\/wp-json\/"}],"wp:attachment":[{"href":"https:\/\/www.otiumhome.fi\/index.php\/wp-json\/wp\/v2\/media?parent=188312"}],"wp:term":[{"taxonomy":"product_brand","embeddable":true,"href":"https:\/\/www.otiumhome.fi\/index.php\/wp-json\/wp\/v2\/product_brand?post=188312"},{"taxonomy":"product_cat","embeddable":true,"href":"https:\/\/www.otiumhome.fi\/index.php\/wp-json\/wp\/v2\/product_cat?post=188312"},{"taxonomy":"product_tag","embeddable":true,"href":"https:\/\/www.otiumhome.fi\/index.php\/wp-json\/wp\/v2\/product_tag?post=188312"}],"curies":[{"name":"wp","href":"https:\/\/api.w.org\/{rel}","templated":true}]}}