{"id":188307,"date":"2025-11-14T02:27:44","date_gmt":"2025-11-14T02:27:44","guid":{"rendered":"https:\/\/www.otiumhome.fi\/?p=188307"},"modified":"2025-12-09T04:07:57","modified_gmt":"2025-12-09T04:07:57","slug":"konsolipoyta-artesaani-tammi-75-x-34-5-x-75-cm-tekninen-puu","status":"publish","type":"product","link":"https:\/\/www.otiumhome.fi\/index.php\/tuote\/konsolipoyta-artesaani-tammi-75-x-34-5-x-75-cm-tekninen-puu\/","title":{"rendered":"Konsolip\u00f6yt\u00e4 artesaani tammi 75 x 34.5 x 75 cm Tekninen puu"},"content":{"rendered":"<p>T\u00e4m\u00e4 puinen konsolip\u00f6yt\u00e4 on hyv\u00e4 valinta mihin tahansa tilaan \u2013 se yhdist\u00e4\u00e4 tyylin ja k\u00e4yt\u00e4nn\u00f6llisen s\u00e4ilytyksen. Sen suorakaiteen muoto sopii eri sisustustyyleihin ja on loistava valinta k\u00e4yt\u00e4ville tai olohuoneisiin. Valmistettu kest\u00e4vist\u00e4 materiaaleista, ja sen sopiva koko tekee siit\u00e4 t\u00e4ydellisen pieniin tiloihin, lis\u00e4ten syvyytt\u00e4 kodin sisustukseen.<\/p>\n<ul>\n<li><b>Laatumateriaalit:<\/b> Valmistettu teknisest\u00e4 puusta, t\u00e4m\u00e4 konsolip\u00f6yt\u00e4 tarjoaa kest\u00e4v\u00e4n pinnan ja hienon tekstuuri. Uniikki viimeistely yhdistettyn\u00e4 tukevuuteen takaa, ett\u00e4 se kest\u00e4\u00e4 arjen haasteet.<\/li>\n<li><b>Kaikki s\u00e4ilytystila:<\/b> Kahvalliset laatikot ovat t\u00e4ydellisi\u00e4 arjen tavaroiden s\u00e4ilytt\u00e4miseen. Alhaalla oleva ylim\u00e4\u00e4r\u00e4inen hylly tuo lis\u00e4\u00e4 s\u00e4ilytystilaa, mik\u00e4 on todella k\u00e4tev\u00e4.<\/li>\n<li><b>Teksturoitu ilme:<\/b> Taktilettipinta antaa p\u00f6yd\u00e4lle modernin tuntuman, tehden siit\u00e4 erottuvan tasaisia pintoja vasten. T\u00e4m\u00e4 lis\u00e4\u00e4 sen visuaalista ja taktiilista vieh\u00e4tyst\u00e4.<\/li>\n<li><b>T\u00e4ydellinen koko:<\/b> Mitat 75 x 34.5 x 75 cm, eli se mahtuu mukavasti kapeisiin paikkoihin ilman ahtauden tunnetta. Oikeat mitat tekev\u00e4t siit\u00e4 loistavan eteisiin, olohuoneisiin tai toimistoihin.<\/li>\n<li><b>Helppo kokoaminen ja turvallisuus:<\/b> Kaksi henkil\u00f6\u00e4 voi koota p\u00f6yd\u00e4n ruuvimeisselill\u00e4 ja vasaralla. Turvallisuuden vuoksi sein\u00e4\u00e4n kiinnitys est\u00e4\u00e4 kaatumisen, tehden siit\u00e4 vakaan vilkkaissa tiloissa.<\/li>\n<\/ul>\n<ul>\n<li>V\u00e4ri: Artesaani tammi<\/li>\n<li>Materiaali: Tekninen puu<\/li>\n<li>Viimeistely: Teksturoitu<\/li>\n<li>Yleiset mitat: 75 x 34,5 x 75 cm (P x L x K)<\/li>\n<li>Paino: 15,8 kg<\/li>\n<li>S\u00e4ilytystila<\/li>\n<li>Kest\u00e4v\u00e4<\/li>\n<li>Laatikolla<\/li>\n<li>1 hyllyll\u00e4<\/li>\n<li>Sis\u00e4- \/ ulkotiloissa: Vain sis\u00e4k\u00e4ytt\u00f6\u00f6n<\/li>\n<li>Toimitus-:<\/li>\n<li>1 x konsolip\u00f6yt\u00e4<\/li>\n<li>Kokoonpano vaaditaan: Kyll\u00e4<\/li>\n<\/ul>\n","protected":false},"excerpt":{"rendered":"<ul>\n<li>V\u00e4ri: Artesaani tammi<\/li>\n<li>Materiaali: Tekninen puu<\/li>\n<li>Viimeistely: Teksturoitu<\/li>\n<li>Yleiset mitat: 75 x 34,5 x 75 cm (P x L x K)<\/li>\n<li>Paino: 15,8 kg<\/li>\n<li>S\u00e4ilytystila<\/li>\n<li>Kest\u00e4v\u00e4<\/li>\n<li>Laatikolla<\/li>\n<li>1 hyllyll\u00e4<\/li>\n<li>Sis\u00e4- \/ ulkotiloissa: Vain sis\u00e4k\u00e4ytt\u00f6\u00f6n<\/li>\n<li>Toimitus-:<\/li>\n<li>1 x konsolip\u00f6yt\u00e4<\/li>\n<li>Kokoonpano vaaditaan: Kyll\u00e4<\/li>\n<\/ul>\n","protected":false},"featured_media":100000188307,"comment_status":"closed","ping_status":"closed","template":"","meta":[],"product_brand":[],"product_cat":[8534,84,8533],"product_tag":[],"class_list":{"0":"post-188307","1":"product","2":"type-product","3":"status-publish","4":"has-post-thumbnail","6":"product_cat-apupoydat","7":"product_cat-huonekalut","8":"product_cat-sivupoydat","10":"first","11":"instock","12":"taxable","13":"shipping-taxable","14":"purchasable","15":"product-type-simple"},"_links":{"self":[{"href":"https:\/\/www.otiumhome.fi\/index.php\/wp-json\/wp\/v2\/product\/188307","targetHints":{"allow":["GET"]}}],"collection":[{"href":"https:\/\/www.otiumhome.fi\/index.php\/wp-json\/wp\/v2\/product"}],"about":[{"href":"https:\/\/www.otiumhome.fi\/index.php\/wp-json\/wp\/v2\/types\/product"}],"replies":[{"embeddable":true,"href":"https:\/\/www.otiumhome.fi\/index.php\/wp-json\/wp\/v2\/comments?post=188307"}],"wp:featuredmedia":[{"embeddable":true,"href":"https:\/\/www.otiumhome.fi\/index.php\/wp-json\/"}],"wp:attachment":[{"href":"https:\/\/www.otiumhome.fi\/index.php\/wp-json\/wp\/v2\/media?parent=188307"}],"wp:term":[{"taxonomy":"product_brand","embeddable":true,"href":"https:\/\/www.otiumhome.fi\/index.php\/wp-json\/wp\/v2\/product_brand?post=188307"},{"taxonomy":"product_cat","embeddable":true,"href":"https:\/\/www.otiumhome.fi\/index.php\/wp-json\/wp\/v2\/product_cat?post=188307"},{"taxonomy":"product_tag","embeddable":true,"href":"https:\/\/www.otiumhome.fi\/index.php\/wp-json\/wp\/v2\/product_tag?post=188307"}],"curies":[{"name":"wp","href":"https:\/\/api.w.org\/{rel}","templated":true}]}}