{"id":188288,"date":"2025-11-14T02:21:55","date_gmt":"2025-11-14T02:21:55","guid":{"rendered":"https:\/\/www.otiumhome.fi\/?p=188288"},"modified":"2025-12-09T04:07:55","modified_gmt":"2025-12-09T04:07:55","slug":"sivupoytasetti-hyllylla-2-pcs-musta-tammi","status":"publish","type":"product","link":"https:\/\/www.otiumhome.fi\/index.php\/tuote\/sivupoytasetti-hyllylla-2-pcs-musta-tammi\/","title":{"rendered":"Sivup\u00f6yt\u00e4setti hyllyll\u00e4 2 pcs Musta tammi."},"content":{"rendered":"<p>T\u00e4m\u00e4 tyylik\u00e4s insin\u00f6\u00f6ripuukokoelma tuo teollista fiilist\u00e4 sisustukseesi. Erityiset kaupungin loftit tai modernit sisustukset, n\u00e4m\u00e4 p\u00f6yd\u00e4t tarjoavat rosoista ja raakaa vieh\u00e4tyst\u00e4, yhdist\u00e4en materiaalit toimivaan taiteeseen. Monipuolinen muotoilu mahdollistaa niiden sijoittamisen sohvien tai tuolien viereen, luoden k\u00e4tev\u00e4n pinnan lampuille, juomille tai koriste-esineille.<\/p>\n<ul>\n<li><b>Materiaalit:<\/b> Insin\u00f6\u00f6ripuusta ja metallista, t\u00e4m\u00e4 sivup\u00f6ytien setti yhdist\u00e4\u00e4 metallin voiman ja puun hienon ulkon\u00e4\u00f6n tyylikk\u00e4\u00e4ksi osaksi. Materiaalit takaavat vakautta ja kest\u00e4vyytt\u00e4 p\u00e4iv\u00e4ss\u00e4 k\u00e4ytt\u00f6\u00e4 eri ymp\u00e4rist\u00f6iss\u00e4.<\/li>\n<li><b>Included Components:<\/b> P\u00f6ydiss\u00e4 on yksinkertaiset hyllyt, jotka tarjoavat loistavia s\u00e4ilytysratkaisuja, kuten kirjojen ja koriste-esineiden esittely\u00e4. Metallikehykset tuovat lis\u00e4\u00e4 tukea ja tukevat teollista tyyli\u00e4, joten p\u00f6yd\u00e4t ovat sek\u00e4 k\u00e4yt\u00e4nn\u00f6llisi\u00e4 ett\u00e4 tyylikk\u00e4it\u00e4.<\/li>\n<li><b>Ominaisuudet \/Toiminta \/Suunnittelu:<\/b> Kest\u00e4v\u00e4ksi suunnitellut sivup\u00f6yd\u00e4t on tehty kest\u00e4m\u00e4\u00e4n. T\u00e4m\u00e4 pitk\u00e4ik\u00e4isyys tekee niist\u00e4 luotettavia lis\u00e4yksi\u00e4 mihin tahansa elinymp\u00e4rist\u00f6\u00f6n ja ne kest\u00e4v\u00e4t p\u00e4ivitt\u00e4isen k\u00e4yt\u00f6n haasteet samalla pit\u00e4\u00e4kseen tyylins\u00e4.<\/li>\n<li><b>Suositellut k\u00e4ytt\u00f6tarkoitukset:<\/b> T\u00e4ydelliset olohuoneisiin, n\u00e4it\u00e4 p\u00f6yti\u00e4 voi my\u00f6s k\u00e4ytt\u00e4\u00e4 makuuhuoneissa, koska ne tarjoavat lis\u00e4pintoja henkil\u00f6kohtaisille esineille. Ajan my\u00f6t\u00e4 kest\u00e4v\u00e4 muotoilu tekee niist\u00e4 sopivia erilaisiin sisustustyyleihin, varmistaen yhteensopivuuden olemassa olevien huonekalujen kanssa.<\/li>\n<li><b>Huolto ja yll\u00e4pito:<\/b> Pyyhkim\u00e4ll\u00e4 kostealla liinalla pid\u00e4t n\u00e4m\u00e4 p\u00f6yd\u00e4t puhtaina ja esittelykelpoisina. Yksinkertaiset hoitovaatimukset takaavat, ett\u00e4 ne pysyv\u00e4t kodin sisustuksen keskipisteen\u00e4, esitellen raikasta ja houkuttelevaa pintaa v\u00e4h\u00e4ll\u00e4 vaivalla.<\/li>\n<\/ul>\n<ul>\n<li>V\u00e4ri: Musta tammi.<\/li>\n<li>Yleiset mitat: 50 x 50 x 50,5 cm (P x L x K)<\/li>\n<li>Paino: 8,12 kg<\/li>\n<li>Kest\u00e4v\u00e4<\/li>\n<li>Mukana 1 laatikkohylly<\/li>\n<li>Kehysmateriaali: Metalli<\/li>\n<li>Vain sis\u00e4k\u00e4ytt\u00f6\u00f6n<\/li>\n<li>Toimitus-:<\/li>\n<li>1 x Sivup\u00f6yt\u00e4(L): 50 x 50 x 50.5 cm (P x L x K)<\/li>\n<li>1 x Sivup\u00f6yt\u00e4(S): 40 x 40 x 45.5 cm (P x L x K)<\/li>\n<li>Kokoonpano vaaditaan: Kyll\u00e4<\/li>\n<\/ul>\n","protected":false},"excerpt":{"rendered":"<ul>\n<li>V\u00e4ri: Musta tammi.<\/li>\n<li>Yleiset mitat: 50 x 50 x 50,5 cm (P x L x K)<\/li>\n<li>Paino: 8,12 kg<\/li>\n<li>Kest\u00e4v\u00e4<\/li>\n<li>Mukana 1 laatikkohylly<\/li>\n<li>Kehysmateriaali: Metalli<\/li>\n<li>Vain sis\u00e4k\u00e4ytt\u00f6\u00f6n<\/li>\n<li>Toimitus-:<\/li>\n<li>1 x Sivup\u00f6yt\u00e4(L): 50 x 50 x 50.5 cm (P x L x K)<\/li>\n<li>1 x Sivup\u00f6yt\u00e4(S): 40 x 40 x 45.5 cm (P x L x K)<\/li>\n<li>Kokoonpano vaaditaan: Kyll\u00e4<\/li>\n<\/ul>\n","protected":false},"featured_media":100000188288,"comment_status":"closed","ping_status":"closed","template":"","meta":[],"product_brand":[],"product_cat":[8534,84,8533],"product_tag":[],"class_list":{"0":"post-188288","1":"product","2":"type-product","3":"status-publish","4":"has-post-thumbnail","6":"product_cat-apupoydat","7":"product_cat-huonekalut","8":"product_cat-sivupoydat","10":"first","11":"instock","12":"taxable","13":"shipping-taxable","14":"purchasable","15":"product-type-simple"},"_links":{"self":[{"href":"https:\/\/www.otiumhome.fi\/index.php\/wp-json\/wp\/v2\/product\/188288","targetHints":{"allow":["GET"]}}],"collection":[{"href":"https:\/\/www.otiumhome.fi\/index.php\/wp-json\/wp\/v2\/product"}],"about":[{"href":"https:\/\/www.otiumhome.fi\/index.php\/wp-json\/wp\/v2\/types\/product"}],"replies":[{"embeddable":true,"href":"https:\/\/www.otiumhome.fi\/index.php\/wp-json\/wp\/v2\/comments?post=188288"}],"wp:featuredmedia":[{"embeddable":true,"href":"https:\/\/www.otiumhome.fi\/index.php\/wp-json\/"}],"wp:attachment":[{"href":"https:\/\/www.otiumhome.fi\/index.php\/wp-json\/wp\/v2\/media?parent=188288"}],"wp:term":[{"taxonomy":"product_brand","embeddable":true,"href":"https:\/\/www.otiumhome.fi\/index.php\/wp-json\/wp\/v2\/product_brand?post=188288"},{"taxonomy":"product_cat","embeddable":true,"href":"https:\/\/www.otiumhome.fi\/index.php\/wp-json\/wp\/v2\/product_cat?post=188288"},{"taxonomy":"product_tag","embeddable":true,"href":"https:\/\/www.otiumhome.fi\/index.php\/wp-json\/wp\/v2\/product_tag?post=188288"}],"curies":[{"name":"wp","href":"https:\/\/api.w.org\/{rel}","templated":true}]}}