{"id":188283,"date":"2025-11-14T02:21:54","date_gmt":"2025-11-14T02:21:54","guid":{"rendered":"https:\/\/www.otiumhome.fi\/?p=188283"},"modified":"2025-12-09T04:07:54","modified_gmt":"2025-12-09T04:07:54","slug":"sivupoytasetti-hyllylla-2-pcs-sonoma-tammi-ja-musta","status":"publish","type":"product","link":"https:\/\/www.otiumhome.fi\/index.php\/tuote\/sivupoytasetti-hyllylla-2-pcs-sonoma-tammi-ja-musta\/","title":{"rendered":"Sivup\u00f6yt\u00e4setti hyllyll\u00e4 2 pcs Sonoma tammi ja musta"},"content":{"rendered":"<p>T\u00e4\u00e4 tyylik\u00e4s sivup\u00f6yt\u00e4sarja tuo moderniin olohuoneeseen teollista vieh\u00e4tysvoimaa. Py\u00f6re\u00e4 muoto ja kaupunkiteemaiset elementit tekee siit\u00e4 k\u00e4yt\u00e4nn\u00f6llisen ja toimivan osan sisustusta. N\u00e4\u00e4 p\u00f6yd\u00e4t tarjoaa k\u00e4tevi\u00e4 pintoja lampuille, juomille tai koriste-esineille ja ne sulautuu eleganssilla tilaan.<\/p>\n<ul>\n<li><b>Materiaalit:<\/b> Huolellisesti valmistettu teknisest\u00e4 puusta ja metallista, kest\u00e4\u00e4 hyvin aikaa. Puun kauniit kuviot sopii hyvin metallikehyksiin, jolloin syntyy n\u00e4ytt\u00e4v\u00e4 ulkon\u00e4k\u00f6 ja kest\u00e4vyys.<\/li>\n<li><b>Yhdess\u00e4 tulevat osat:<\/b> Levyn muodot tarjoavat paljon tilaa esineille, parantaen p\u00f6ytien toimivuutta. Vahva metallikehys tekee p\u00f6ydist\u00e4 kest\u00e4vi\u00e4 arkik\u00e4yt\u00f6ss\u00e4 ja ne toimii harmonisesti yhdess\u00e4.<\/li>\n<li><b>Ominaisuudet \/ Toiminta \/ Suunnittelu:<\/b> Minimalistinen muotoilu sopii nykyaikaisiin makuihin. Kehys antaa tarvittavaa tukea ilman h\u00e4iri\u00f6t\u00e4 sisustuksessa, joten se optimoi tilank\u00e4yt\u00f6n. Ihan t\u00e4ydellinen urban oloihin.<\/li>\n<li><b>Suositellut k\u00e4ytt\u00f6tarkoitukset:<\/b> N\u00e4m\u00e4 p\u00f6yd\u00e4t on loistavia olohuoneessa, kun tarvitaan tilaa p\u00e4ivitt\u00e4isiin toimintoihin kuten kirjoille tai juomille. Ne lis\u00e4\u00e4 huoneen k\u00e4yt\u00e4nn\u00f6llisyytt\u00e4 ja n\u00e4ytt\u00e4vyytt\u00e4.<\/li>\n<li><b>Hoito &amp; Yll\u00e4pito:<\/b> Helppo puhdistaa. Pyyhi kostealla liinalla ja v\u00e4lt\u00e4 voimakkaita kemikaaleja, niin p\u00f6yd\u00e4t kest\u00e4\u00e4 vuosia ja pysyy tyylikk\u00e4in\u00e4.<\/li>\n<\/ul>\n<ul>\n<li>V\u00e4ri: Sonoma tammi ja musta<\/li>\n<li>Yleiset mitat: 50 x 50 x 51 cm (P x L x K)<\/li>\n<li>Paino: 9,17 kg<\/li>\n<li>Kest\u00e4v\u00e4<\/li>\n<li>Mukana 1 laatikkohylly<\/li>\n<li>Kehysmateriaali: Metalli<\/li>\n<li>Vain sis\u00e4k\u00e4ytt\u00f6\u00f6n<\/li>\n<li>Toimitus-:<\/li>\n<li>1 x Sivup\u00f6yt\u00e4(L): 50 x 50 x 51 cm(PxLxK)<\/li>\n<li>1 x Sivup\u00f6yt\u00e4(S): 40 x 40 x 46 cm(PxLxK)<\/li>\n<li>Kokoonpano vaaditaan: Kyll\u00e4<\/li>\n<\/ul>\n","protected":false},"excerpt":{"rendered":"<ul>\n<li>V\u00e4ri: Sonoma tammi ja musta<\/li>\n<li>Yleiset mitat: 50 x 50 x 51 cm (P x L x K)<\/li>\n<li>Paino: 9,17 kg<\/li>\n<li>Kest\u00e4v\u00e4<\/li>\n<li>Mukana 1 laatikkohylly<\/li>\n<li>Kehysmateriaali: Metalli<\/li>\n<li>Vain sis\u00e4k\u00e4ytt\u00f6\u00f6n<\/li>\n<li>Toimitus-:<\/li>\n<li>1 x Sivup\u00f6yt\u00e4(L): 50 x 50 x 51 cm(PxLxK)<\/li>\n<li>1 x Sivup\u00f6yt\u00e4(S): 40 x 40 x 46 cm(PxLxK)<\/li>\n<li>Kokoonpano vaaditaan: Kyll\u00e4<\/li>\n<\/ul>\n","protected":false},"featured_media":100000188283,"comment_status":"closed","ping_status":"closed","template":"","meta":[],"product_brand":[],"product_cat":[8534,84,8533],"product_tag":[],"class_list":{"0":"post-188283","1":"product","2":"type-product","3":"status-publish","4":"has-post-thumbnail","6":"product_cat-apupoydat","7":"product_cat-huonekalut","8":"product_cat-sivupoydat","10":"first","11":"instock","12":"taxable","13":"shipping-taxable","14":"purchasable","15":"product-type-simple"},"_links":{"self":[{"href":"https:\/\/www.otiumhome.fi\/index.php\/wp-json\/wp\/v2\/product\/188283","targetHints":{"allow":["GET"]}}],"collection":[{"href":"https:\/\/www.otiumhome.fi\/index.php\/wp-json\/wp\/v2\/product"}],"about":[{"href":"https:\/\/www.otiumhome.fi\/index.php\/wp-json\/wp\/v2\/types\/product"}],"replies":[{"embeddable":true,"href":"https:\/\/www.otiumhome.fi\/index.php\/wp-json\/wp\/v2\/comments?post=188283"}],"wp:featuredmedia":[{"embeddable":true,"href":"https:\/\/www.otiumhome.fi\/index.php\/wp-json\/"}],"wp:attachment":[{"href":"https:\/\/www.otiumhome.fi\/index.php\/wp-json\/wp\/v2\/media?parent=188283"}],"wp:term":[{"taxonomy":"product_brand","embeddable":true,"href":"https:\/\/www.otiumhome.fi\/index.php\/wp-json\/wp\/v2\/product_brand?post=188283"},{"taxonomy":"product_cat","embeddable":true,"href":"https:\/\/www.otiumhome.fi\/index.php\/wp-json\/wp\/v2\/product_cat?post=188283"},{"taxonomy":"product_tag","embeddable":true,"href":"https:\/\/www.otiumhome.fi\/index.php\/wp-json\/wp\/v2\/product_tag?post=188283"}],"curies":[{"name":"wp","href":"https:\/\/api.w.org\/{rel}","templated":true}]}}