{"id":188266,"date":"2025-11-14T02:21:48","date_gmt":"2025-11-14T02:21:48","guid":{"rendered":"https:\/\/www.otiumhome.fi\/?p=188266"},"modified":"2025-12-09T04:07:47","modified_gmt":"2025-12-09T04:07:47","slug":"paatypoyta-hyllylla-musta-tammi-72-x-33-x-425-cm-tekninen-puu","status":"publish","type":"product","link":"https:\/\/www.otiumhome.fi\/index.php\/tuote\/paatypoyta-hyllylla-musta-tammi-72-x-33-x-425-cm-tekninen-puu\/","title":{"rendered":"P\u00e4\u00e4typ\u00f6yt\u00e4 hyllyll\u00e4 Musta tammi. 72 x 33 x 42,5 cm Tekninen puu"},"content":{"rendered":"<p>T\u00e4m\u00e4 nykyaikainen p\u00e4\u00e4typ\u00f6yt\u00e4 on tehty teknisest\u00e4 puusta ja se on t\u00e4ydellinen lis\u00e4 mihin tahansa olohuoneeseen. Tyylik\u00e4s ja moderni, se muodostaa erinomaisen paikan lampuille, kirjoille tai juomille ja tekee istuma-alustasi hienostuneemmaksi suorakaiteen muotonsa ansiosta. Se sopii hienosti sohvan tai tuolin viereen ja tarjoaa k\u00e4yt\u00e4nn\u00f6llisen pinnan p\u00e4ivitt\u00e4iseen k\u00e4ytt\u00f6\u00f6n, ilment\u00e4en nykyaikaisen sisustuksen ydint\u00e4.<\/p>\n<ul>\n<li><b>Teknisest\u00e4 puusta tehty runko:<\/b> P\u00f6yt\u00e4 on kokonaan teknisest\u00e4 puusta, mik\u00e4 takaa kest\u00e4v\u00e4 rakenteen. T\u00e4m\u00e4 materiaali varmistaa my\u00f6s sile\u00e4n pinnan. Kest\u00e4\u00e4 p\u00e4ivitt\u00e4ist\u00e4 k\u00e4ytt\u00f6\u00e4, ja se yhdist\u00e4\u00e4 esteettisyyden ja k\u00e4yt\u00e4nn\u00f6llisyyden, joten se on erinomainen lis\u00e4 nykyaikaiseen kotiin.<\/li>\n<li><b>Suorakaide-muoto:<\/b> K\u00e4yt\u00e4nn\u00f6llisen suorakaiteen muoto mahdollistaa sen sijoittamisen k\u00e4tev\u00e4sti sohvan viereen tai nurkkaan, parantaen tilan j\u00e4rkevyys. Sen virtaviivainen muotoilu on t\u00e4ydellinen koriste-esineille, p\u00f6yt\u00e4lamppuille tai vaikkapa kahvikupille, tehden siit\u00e4 olohuoneen keskipisteen.<\/li>\n<li><b>Nykyp\u00e4iv\u00e4n tyylin korostukset:<\/b> Suunniteltu vastaamaan nykyaikaisen kodin esteettisi\u00e4 vaatimuksia, p\u00e4\u00e4typ\u00f6yt\u00e4 omaksuu kauniit linjat ja raikkaan ilmeen, joka sulautuu vaivattomasti erilaisiin sisustustyyleihin. Ihanteellinen niille, jotka arvostavat hillitty\u00e4 elegancea yhdistettyn\u00e4 k\u00e4yt\u00e4nn\u00f6llisyyteen.<\/li>\n<li><b>Hoito-ohjeet:<\/b> P\u00f6yd\u00e4n siistin ulkon\u00e4\u00f6n yll\u00e4pito on helppoa. Yksinkertainen pyyhint\u00e4 kostealla liinalla puhdistaa l\u00e4ik\u00e4t ja p\u00f6lyn. T\u00e4ll\u00e4 tavoin p\u00f6yt\u00e4 pysyy kauniina v\u00e4h\u00e4ll\u00e4 vaivalla.<\/li>\n<li><b>Kokoamisvaatimukset:<\/b> Toimitetaan kokonaisena 1 x p\u00e4\u00e4typ\u00f6yt\u00e4n\u00e4, mutta kokoaminen vaatii kahden henkil\u00f6n yhteisty\u00f6t\u00e4 ruuvimeisselin avulla. Seuraa selkeit\u00e4 ohjeita nopeaan ja tehokkaaseen kokoamiseen ja saat nauttia sen ominaisuuksista pian.<\/li>\n<\/ul>\n<ul>\n<li>V\u00e4ri: Musta tammi.<\/li>\n<li>Materiaali: Tekninen puu<\/li>\n<li>Yleiset mitat: 72 x 33 x 42,5 cm (P x L x K)<\/li>\n<li>Paino: 8,35 kg<\/li>\n<li>2 hyllyill\u00e4<\/li>\n<li>4 py\u00f6rill\u00e4<\/li>\n<li>Kehysmateriaali: Tekninen puu<\/li>\n<li>Vain sis\u00e4k\u00e4ytt\u00f6\u00f6n<\/li>\n<li>Toimitus-:<\/li>\n<li>1 x p\u00f6yt\u00e4<\/li>\n<li>Kokoonpano vaaditaan: Kyll\u00e4<\/li>\n<\/ul>\n","protected":false},"excerpt":{"rendered":"<ul>\n<li>V\u00e4ri: Musta tammi.<\/li>\n<li>Materiaali: Tekninen puu<\/li>\n<li>Yleiset mitat: 72 x 33 x 42,5 cm (P x L x K)<\/li>\n<li>Paino: 8,35 kg<\/li>\n<li>2 hyllyill\u00e4<\/li>\n<li>4 py\u00f6rill\u00e4<\/li>\n<li>Kehysmateriaali: Tekninen puu<\/li>\n<li>Vain sis\u00e4k\u00e4ytt\u00f6\u00f6n<\/li>\n<li>Toimitus-:<\/li>\n<li>1 x p\u00f6yt\u00e4<\/li>\n<li>Kokoonpano vaaditaan: Kyll\u00e4<\/li>\n<\/ul>\n","protected":false},"featured_media":100000188266,"comment_status":"closed","ping_status":"closed","template":"","meta":[],"product_brand":[],"product_cat":[8534,84,8533],"product_tag":[],"class_list":{"0":"post-188266","1":"product","2":"type-product","3":"status-publish","4":"has-post-thumbnail","6":"product_cat-apupoydat","7":"product_cat-huonekalut","8":"product_cat-sivupoydat","10":"first","11":"instock","12":"taxable","13":"shipping-taxable","14":"purchasable","15":"product-type-simple"},"_links":{"self":[{"href":"https:\/\/www.otiumhome.fi\/index.php\/wp-json\/wp\/v2\/product\/188266","targetHints":{"allow":["GET"]}}],"collection":[{"href":"https:\/\/www.otiumhome.fi\/index.php\/wp-json\/wp\/v2\/product"}],"about":[{"href":"https:\/\/www.otiumhome.fi\/index.php\/wp-json\/wp\/v2\/types\/product"}],"replies":[{"embeddable":true,"href":"https:\/\/www.otiumhome.fi\/index.php\/wp-json\/wp\/v2\/comments?post=188266"}],"wp:featuredmedia":[{"embeddable":true,"href":"https:\/\/www.otiumhome.fi\/index.php\/wp-json\/"}],"wp:attachment":[{"href":"https:\/\/www.otiumhome.fi\/index.php\/wp-json\/wp\/v2\/media?parent=188266"}],"wp:term":[{"taxonomy":"product_brand","embeddable":true,"href":"https:\/\/www.otiumhome.fi\/index.php\/wp-json\/wp\/v2\/product_brand?post=188266"},{"taxonomy":"product_cat","embeddable":true,"href":"https:\/\/www.otiumhome.fi\/index.php\/wp-json\/wp\/v2\/product_cat?post=188266"},{"taxonomy":"product_tag","embeddable":true,"href":"https:\/\/www.otiumhome.fi\/index.php\/wp-json\/wp\/v2\/product_tag?post=188266"}],"curies":[{"name":"wp","href":"https:\/\/api.w.org\/{rel}","templated":true}]}}