{"id":188265,"date":"2025-11-14T02:21:48","date_gmt":"2025-11-14T02:21:48","guid":{"rendered":"https:\/\/www.otiumhome.fi\/?p=188265"},"modified":"2025-12-09T04:07:47","modified_gmt":"2025-12-09T04:07:47","slug":"konsolipoyta-hyllylla-musta-tammi-100-x-30-x-80-cm","status":"publish","type":"product","link":"https:\/\/www.otiumhome.fi\/index.php\/tuote\/konsolipoyta-hyllylla-musta-tammi-100-x-30-x-80-cm\/","title":{"rendered":"Konsolip\u00f6yt\u00e4 hyllyll\u00e4 Musta tammi 100 x 30 x 80 cm"},"content":{"rendered":"<p>T\u00e4\u00e4 teollinen konsolip\u00f6yt\u00e4 tuo tilaan ripauksen urbaania vieh\u00e4tyst\u00e4. Se on t\u00e4ydellinen olohuoneeseen, yhdist\u00e4\u00e4 tyylin ja k\u00e4yt\u00e4nn\u00f6llisyyden suorakaiteen muotoisella rakenteellaan, joka sopii hyvin seinille. Kova musta v\u00e4ri korostaa teollista muotoilua, kun taas tukeva tekninen puu ja rautarakennus tekev\u00e4t siit\u00e4 kest\u00e4v\u00e4n ja pitk\u00e4ik\u00e4isen valinnan. Olitpa esittelem\u00e4ss\u00e4 tavaroita tai tarvitset vaan lis\u00e4\u00e4 s\u00e4ilytystilaa, t\u00e4m\u00e4n p\u00f6yd\u00e4n vieh\u00e4tys ja k\u00e4yt\u00e4nn\u00f6llisyys tekee siit\u00e4 loistavan valinnan moneen ymp\u00e4rist\u00f6\u00f6n.<\/p>\n<ul>\n<li><b>Materiaalit:<\/b> T\u00e4\u00e4 konsolip\u00f6yt\u00e4 on tehty yhdistelm\u00e4st\u00e4 teknist\u00e4 puuta ja metallia, mik\u00e4 tuo yhteen tyylin ja kest\u00e4vyyden. P\u00f6yd\u00e4n pinnassa on sile\u00e4 viimeistely, ja rautajalat tekee siit\u00e4 vahvan ja vakaan &#8211; ihan t\u00e4ydellinen p\u00e4ivitt\u00e4iseen k\u00e4ytt\u00f6\u00f6n.<\/li>\n<li><b>Included Components:<\/b> T\u00e4ss\u00e4 p\u00f6yd\u00e4ss\u00e4 on suorakaiteen muotoinen pinta, joka on loistava kaikille koristeellisille ja k\u00e4yt\u00e4nn\u00f6llisille k\u00e4ytt\u00f6tarkoituksille. Levyhyllyt tarjoavat runsaasti s\u00e4ilytystilaa kirjoille, kehyksille tai koriste-esineille. Ter\u00e4srunko tuo mukanaan vahvuuden, luoden teollista tunnelmaa. Sen sijoittelu on joustavaa, eik\u00e4 se tarvitse sein\u00e4tukea, joten voit laittaa sen minne haluat.<\/li>\n<li><b>Ominaisuudet \/ Toiminta \/ Suunnittelu:<\/b> S\u00e4\u00e4dett\u00e4vien tasojen ansiosta t\u00e4\u00e4 konsolip\u00f6yt\u00e4 pysyy vakaana jopa ep\u00e4tasaisilla lattioilla. N\u00e4m\u00e4 jalat pit\u00e4\u00e4 sen tasapainossa ja est\u00e4\u00e4 tavaroita putoamasta. Se on suunniteltu sopeutumaan helposti mihin tahansa tilaan ja n\u00e4ytt\u00e4\u00e4 tosi hyv\u00e4lt\u00e4 niin moderneissa kuin vintage-ymp\u00e4rist\u00f6iss\u00e4.<\/li>\n<li><b>Suositellut k\u00e4ytt\u00f6tarkoitukset:<\/b> Ihanteellinen olohuoneisiin, t\u00e4\u00e4 konsolip\u00f6yt\u00e4 on loistava yksityiskohta k\u00e4yt\u00e4vill\u00e4, eteisiss\u00e4 tai sohvien takana. Tilava pinta sopii erinomaisesti valokuvien tai taiteen esittelyyn ja toimii my\u00f6s k\u00e4tev\u00e4n\u00e4 paikkana avaimille ja postille. Sen monimuotoisuus tekee siit\u00e4 must-have-kappaleen kodissa tai toimistossa, joka palvelee kaikenlaisia s\u00e4ilytystarpeita.<\/li>\n<li><b>Huolto &amp; Kunnossapito:<\/b> Jotta se pysyy ter\u00e4v\u00e4n\u00e4, kokoa p\u00f6yt\u00e4 ohjeiden mukaan ja v\u00e4lt\u00e4 voimakkaita puhdistusaineita. P\u00f6lyn pyyhkiminen kuivalla liinalla s\u00e4\u00e4nn\u00f6llisesti auttaa s\u00e4ilytt\u00e4m\u00e4\u00e4n sen tuoreena ja suojaa materiaaleja. T\u00e4\u00e4 huoltok\u00e4yt\u00e4nt\u00f6 varmistaa, ett\u00e4 se pysyy hienona ja hy\u00f6dyllisen\u00e4 kotonasi.<\/li>\n<\/ul>\n<ul>\n<li>V\u00e4ri: Musta tammi<\/li>\n<li>Materiaali: K\u00e4sitelty puu ja metalli<\/li>\n<li>Yleiset mitat: 100 x 30 x 80 cm (P x L x K)<\/li>\n<li>Paino: 13,6 kg<\/li>\n<li>Kest\u00e4v\u00e4<\/li>\n<li>Tasaimet<\/li>\n<li>S\u00e4ilytystila<\/li>\n<li>Hyllyll\u00e4<\/li>\n<li>Kehysmateriaali: Ter\u00e4s<\/li>\n<li>Sis\u00e4- \/ ulkotiloissa: Vain sis\u00e4k\u00e4ytt\u00f6\u00f6n<\/li>\n<li>Toimitus-:<\/li>\n<li>1 x konsolip\u00f6yt\u00e4<\/li>\n<li>Kokoonpano vaaditaan: Kyll\u00e4<\/li>\n<\/ul>\n","protected":false},"excerpt":{"rendered":"<ul>\n<li>V\u00e4ri: Musta tammi<\/li>\n<li>Materiaali: K\u00e4sitelty puu ja metalli<\/li>\n<li>Yleiset mitat: 100 x 30 x 80 cm (P x L x K)<\/li>\n<li>Paino: 13,6 kg<\/li>\n<li>Kest\u00e4v\u00e4<\/li>\n<li>Tasaimet<\/li>\n<li>S\u00e4ilytystila<\/li>\n<li>Hyllyll\u00e4<\/li>\n<li>Kehysmateriaali: Ter\u00e4s<\/li>\n<li>Sis\u00e4- \/ ulkotiloissa: Vain sis\u00e4k\u00e4ytt\u00f6\u00f6n<\/li>\n<li>Toimitus-:<\/li>\n<li>1 x konsolip\u00f6yt\u00e4<\/li>\n<li>Kokoonpano vaaditaan: Kyll\u00e4<\/li>\n<\/ul>\n","protected":false},"featured_media":100000188265,"comment_status":"closed","ping_status":"closed","template":"","meta":[],"product_brand":[],"product_cat":[8534,84,8533],"product_tag":[],"class_list":{"0":"post-188265","1":"product","2":"type-product","3":"status-publish","4":"has-post-thumbnail","6":"product_cat-apupoydat","7":"product_cat-huonekalut","8":"product_cat-sivupoydat","10":"first","11":"instock","12":"taxable","13":"shipping-taxable","14":"purchasable","15":"product-type-simple"},"_links":{"self":[{"href":"https:\/\/www.otiumhome.fi\/index.php\/wp-json\/wp\/v2\/product\/188265","targetHints":{"allow":["GET"]}}],"collection":[{"href":"https:\/\/www.otiumhome.fi\/index.php\/wp-json\/wp\/v2\/product"}],"about":[{"href":"https:\/\/www.otiumhome.fi\/index.php\/wp-json\/wp\/v2\/types\/product"}],"replies":[{"embeddable":true,"href":"https:\/\/www.otiumhome.fi\/index.php\/wp-json\/wp\/v2\/comments?post=188265"}],"wp:featuredmedia":[{"embeddable":true,"href":"https:\/\/www.otiumhome.fi\/index.php\/wp-json\/"}],"wp:attachment":[{"href":"https:\/\/www.otiumhome.fi\/index.php\/wp-json\/wp\/v2\/media?parent=188265"}],"wp:term":[{"taxonomy":"product_brand","embeddable":true,"href":"https:\/\/www.otiumhome.fi\/index.php\/wp-json\/wp\/v2\/product_brand?post=188265"},{"taxonomy":"product_cat","embeddable":true,"href":"https:\/\/www.otiumhome.fi\/index.php\/wp-json\/wp\/v2\/product_cat?post=188265"},{"taxonomy":"product_tag","embeddable":true,"href":"https:\/\/www.otiumhome.fi\/index.php\/wp-json\/wp\/v2\/product_tag?post=188265"}],"curies":[{"name":"wp","href":"https:\/\/api.w.org\/{rel}","templated":true}]}}