{"id":188260,"date":"2025-11-14T02:21:46","date_gmt":"2025-11-14T02:21:46","guid":{"rendered":"https:\/\/www.otiumhome.fi\/?p=188260"},"modified":"2025-12-09T04:07:45","modified_gmt":"2025-12-09T04:07:45","slug":"konsolipoyta-hyllylla-vanha-puu-100-x-35-x-75-cm","status":"publish","type":"product","link":"https:\/\/www.otiumhome.fi\/index.php\/tuote\/konsolipoyta-hyllylla-vanha-puu-100-x-35-x-75-cm\/","title":{"rendered":"Konsolip\u00f6yt\u00e4 hyllyll\u00e4 Vanha puu 100 x 35 x 75 cm"},"content":{"rendered":"<p>T\u00e4\u00e4 teollinen konsolip\u00f6yt\u00e4 on k\u00e4tev\u00e4 juttu, joka tuo sek\u00e4 toimintoa ett\u00e4 tyyli\u00e4 mihin tahansa tilaan. Sen tyylik\u00e4s suorakaiteen muotoinen ja kompakti koko (100 x 35 x 75 cm) luo minimalistisen fiiliksen olohuoneisiin tai k\u00e4yt\u00e4ville. Sen moderni teollinen vibe yhdist\u00e4\u00e4 eleganssin ja k\u00e4yt\u00e4nn\u00f6llisyyden, mik\u00e4 tekee siit\u00e4 loistavan koriste-esineiden esittelyyn tai olennaisten tavaroiden s\u00e4ilytt\u00e4miseen. Kaupunkitunnelma tulee sen raaka-aineista ja puhtaista linjoista, tehden siit\u00e4 erottuvan lis\u00e4n mihin tahansa nykyaikaiseen kotiin.<\/p>\n<ul>\n<li><b>Kest\u00e4v\u00e4 rakenne:<\/b> Teknist\u00e4 puuta ja kest\u00e4v\u00e4st\u00e4 metallista tehty p\u00f6yt\u00e4 on rakennettu kest\u00e4m\u00e4\u00e4n. Se n\u00e4ytt\u00e4\u00e4 modernilta ja kest\u00e4\u00e4 kulutusta, joten sopii erinomaisesti kaupunkieloon.<\/li>\n<li><b>Fiksu muotoilu:<\/b> T\u00e4ss\u00e4 konsolip\u00f6yd\u00e4ss\u00e4 on s\u00e4\u00e4dett\u00e4v\u00e4t jalat, joten se pysyy vakaana ep\u00e4tasaisilla lattioilla. \u00c4lyk\u00e4s muotoilu mahdollistaa monen eri kohteen k\u00e4ytt\u00f6mahdollisuudet, mik\u00e4 tekee siit\u00e4 monik\u00e4ytt\u00f6isen.<\/li>\n<li><b>Paljon hyllytilaa:<\/b> Levyn muotoiset hyllyt antavat runsaasti tilaa esittelyyn ja s\u00e4ilytykseen, mik\u00e4 helpottaa kotisi j\u00e4rjestyst\u00e4.<\/li>\n<li><b>Monik\u00e4ytt\u00f6inen k\u00e4ytt\u00f6:<\/b> Olipa se olohuoneessa, k\u00e4yt\u00e4v\u00e4ss\u00e4 tai eteisess\u00e4, t\u00e4m\u00e4 p\u00f6yt\u00e4 toimii mahtavasti sek\u00e4 esittelyss\u00e4 ett\u00e4 s\u00e4ilytyksess\u00e4, sopien erilaisten sisustustyylien kanssa.<\/li>\n<li><b>Hoito-ohjeet:<\/b> Jotta se n\u00e4ytt\u00e4isi hyv\u00e4lt\u00e4, seuraa kokoamisohjeita ja v\u00e4lt\u00e4 voimakkaita kemikaaleja. \u00c4kki\u00e4 pyyhk\u00e4isy silloin t\u00e4ll\u00f6in pit\u00e4\u00e4 sen hyv\u00e4ss\u00e4 kunnossa.<\/li>\n<\/ul>\n<ul>\n<li>V\u00e4ri: Vanha puu<\/li>\n<li>Materiaali: K\u00e4sitelty puu ja metalli<\/li>\n<li>Yleiset mitat: 100 x 35 x 75 cm (P x L x K)<\/li>\n<li>Paino: 14,9 kg<\/li>\n<li>Kest\u00e4v\u00e4<\/li>\n<li>Tasaimet<\/li>\n<li>S\u00e4ilytystila<\/li>\n<li>Hyllyll\u00e4<\/li>\n<li>Kehysmateriaali: Ter\u00e4s<\/li>\n<li>Sis\u00e4- \/ ulkotiloissa: Vain sis\u00e4k\u00e4ytt\u00f6\u00f6n<\/li>\n<li>Toimitus-:<\/li>\n<li>1 x konsolip\u00f6yt\u00e4<\/li>\n<li>Kokoonpano vaaditaan: Kyll\u00e4<\/li>\n<\/ul>\n","protected":false},"excerpt":{"rendered":"<ul>\n<li>V\u00e4ri: Vanha puu<\/li>\n<li>Materiaali: K\u00e4sitelty puu ja metalli<\/li>\n<li>Yleiset mitat: 100 x 35 x 75 cm (P x L x K)<\/li>\n<li>Paino: 14,9 kg<\/li>\n<li>Kest\u00e4v\u00e4<\/li>\n<li>Tasaimet<\/li>\n<li>S\u00e4ilytystila<\/li>\n<li>Hyllyll\u00e4<\/li>\n<li>Kehysmateriaali: Ter\u00e4s<\/li>\n<li>Sis\u00e4- \/ ulkotiloissa: Vain sis\u00e4k\u00e4ytt\u00f6\u00f6n<\/li>\n<li>Toimitus-:<\/li>\n<li>1 x konsolip\u00f6yt\u00e4<\/li>\n<li>Kokoonpano vaaditaan: Kyll\u00e4<\/li>\n<\/ul>\n","protected":false},"featured_media":100000188260,"comment_status":"closed","ping_status":"closed","template":"","meta":[],"product_brand":[],"product_cat":[8534,84,8533],"product_tag":[],"class_list":{"0":"post-188260","1":"product","2":"type-product","3":"status-publish","4":"has-post-thumbnail","6":"product_cat-apupoydat","7":"product_cat-huonekalut","8":"product_cat-sivupoydat","10":"first","11":"instock","12":"taxable","13":"shipping-taxable","14":"purchasable","15":"product-type-simple"},"_links":{"self":[{"href":"https:\/\/www.otiumhome.fi\/index.php\/wp-json\/wp\/v2\/product\/188260","targetHints":{"allow":["GET"]}}],"collection":[{"href":"https:\/\/www.otiumhome.fi\/index.php\/wp-json\/wp\/v2\/product"}],"about":[{"href":"https:\/\/www.otiumhome.fi\/index.php\/wp-json\/wp\/v2\/types\/product"}],"replies":[{"embeddable":true,"href":"https:\/\/www.otiumhome.fi\/index.php\/wp-json\/wp\/v2\/comments?post=188260"}],"wp:featuredmedia":[{"embeddable":true,"href":"https:\/\/www.otiumhome.fi\/index.php\/wp-json\/"}],"wp:attachment":[{"href":"https:\/\/www.otiumhome.fi\/index.php\/wp-json\/wp\/v2\/media?parent=188260"}],"wp:term":[{"taxonomy":"product_brand","embeddable":true,"href":"https:\/\/www.otiumhome.fi\/index.php\/wp-json\/wp\/v2\/product_brand?post=188260"},{"taxonomy":"product_cat","embeddable":true,"href":"https:\/\/www.otiumhome.fi\/index.php\/wp-json\/wp\/v2\/product_cat?post=188260"},{"taxonomy":"product_tag","embeddable":true,"href":"https:\/\/www.otiumhome.fi\/index.php\/wp-json\/wp\/v2\/product_tag?post=188260"}],"curies":[{"name":"wp","href":"https:\/\/api.w.org\/{rel}","templated":true}]}}