{"id":188258,"date":"2025-11-14T02:21:45","date_gmt":"2025-11-14T02:21:45","guid":{"rendered":"https:\/\/www.otiumhome.fi\/?p=188258"},"modified":"2025-12-09T04:07:45","modified_gmt":"2025-12-09T04:07:45","slug":"konsolipoyta-laatikon-kanssa-artesaani-tammi-75-x-28-x-75-cm","status":"publish","type":"product","link":"https:\/\/www.otiumhome.fi\/index.php\/tuote\/konsolipoyta-laatikon-kanssa-artesaani-tammi-75-x-28-x-75-cm\/","title":{"rendered":"Konsolip\u00f6yt\u00e4 laatikon kanssa artesaani tammi 75 x 28 x 75 cm"},"content":{"rendered":"<p>T\u00e4m\u00e4 rustiikkinen puup\u00f6yt\u00e4 on ehdottomasti pakollinen hankinta kotiisi, koska se yhdist\u00e4\u00e4 tyylin ja k\u00e4yt\u00e4nn\u00f6llisyyden. Vieh\u00e4tt\u00e4v\u00e4 muotoilu ja t\u00e4ydellinen koko tekev\u00e4t siit\u00e4 loistavan valinnan olohuoneeseen tai makuuhuoneeseen. Se on oiva paikka juomille, lampuille tai koriste-esineille, ja lis\u00e4ksi se tarjoaa v\u00e4h\u00e4n ylim\u00e4\u00e4r\u00e4ist\u00e4 s\u00e4ilytystilaa.<\/p>\n<ul>\n<li><b>Tyylik\u00e4s Muotoilu:<\/b> Rustiikkinen pinta tuo l\u00e4mp\u00f6\u00e4 ja kodikkuutta tilaan, ja se sopii hyvin sek\u00e4 perinteiseen ett\u00e4 moderniin tyyliin.<\/li>\n<li><b>Runsaasti S\u00e4ilytystilaa:<\/b> K\u00e4tev\u00e4 s\u00e4ilytystila pit\u00e4\u00e4 tavarasi l\u00e4hell\u00e4, mutta siististi piilossa, joten huoneesi n\u00e4ytt\u00e4\u00e4 j\u00e4rjest\u00e4ytyneelt\u00e4.<\/li>\n<li><b>Kest\u00e4v\u00e4 Rakenne:<\/b> Laadukkaista puista ja metallista tehty p\u00f6yt\u00e4 on tukeva ja kest\u00e4v\u00e4 jokap\u00e4iv\u00e4isess\u00e4 k\u00e4yt\u00f6ss\u00e4, mik\u00e4 tekee siit\u00e4 j\u00e4rkev\u00e4n valinnan mihin tahansa kotiin.<\/li>\n<li><b>Monik\u00e4ytt\u00f6inen:<\/b> Sopii t\u00e4ydellisesti sohvan viereen juomille tai y\u00f6p\u00f6yt\u00e4n\u00e4 makuuhuoneessa, t\u00e4m\u00e4 p\u00f6yt\u00e4 mukautuu tarpeidesi mukaan.<\/li>\n<li><b>Sile\u00e4 Pinta:<\/b> P\u00f6yd\u00e4n kaunis pinta on helppo pit\u00e4\u00e4 puhtaana ja tuo ripauksen eleganssia, joka toimii mainiosti koriste-esineiden tai lampun esittelyyn.<\/li>\n<\/ul>\n<ul>\n<li>V\u00e4ri: Artesaani tammi<\/li>\n<li>Materiaali: K\u00e4sitelty puu ja metalli<\/li>\n<li>Yleiset mitat: 75 x 28 x 75 cm (P x L x K)<\/li>\n<li>Paino: 15,8 kg<\/li>\n<li>Kest\u00e4v\u00e4<\/li>\n<li>Tasaimet<\/li>\n<li>S\u00e4ilytystila<\/li>\n<li>Laatikolla<\/li>\n<li>Hyllyll\u00e4<\/li>\n<li>Kehysmateriaali: Ter\u00e4s<\/li>\n<li>Sis\u00e4- \/ ulkotiloissa: Vain sis\u00e4k\u00e4ytt\u00f6\u00f6n<\/li>\n<li>Toimitus-:<\/li>\n<li>1 x konsolip\u00f6yt\u00e4<\/li>\n<li>Kokoonpano vaaditaan: Kyll\u00e4<\/li>\n<\/ul>\n","protected":false},"excerpt":{"rendered":"<ul>\n<li>V\u00e4ri: Artesaani tammi<\/li>\n<li>Materiaali: K\u00e4sitelty puu ja metalli<\/li>\n<li>Yleiset mitat: 75 x 28 x 75 cm (P x L x K)<\/li>\n<li>Paino: 15,8 kg<\/li>\n<li>Kest\u00e4v\u00e4<\/li>\n<li>Tasaimet<\/li>\n<li>S\u00e4ilytystila<\/li>\n<li>Laatikolla<\/li>\n<li>Hyllyll\u00e4<\/li>\n<li>Kehysmateriaali: Ter\u00e4s<\/li>\n<li>Sis\u00e4- \/ ulkotiloissa: Vain sis\u00e4k\u00e4ytt\u00f6\u00f6n<\/li>\n<li>Toimitus-:<\/li>\n<li>1 x konsolip\u00f6yt\u00e4<\/li>\n<li>Kokoonpano vaaditaan: Kyll\u00e4<\/li>\n<\/ul>\n","protected":false},"featured_media":100000188258,"comment_status":"closed","ping_status":"closed","template":"","meta":[],"product_brand":[],"product_cat":[8534,84,8533],"product_tag":[],"class_list":{"0":"post-188258","1":"product","2":"type-product","3":"status-publish","4":"has-post-thumbnail","6":"product_cat-apupoydat","7":"product_cat-huonekalut","8":"product_cat-sivupoydat","10":"first","11":"instock","12":"taxable","13":"shipping-taxable","14":"purchasable","15":"product-type-simple"},"_links":{"self":[{"href":"https:\/\/www.otiumhome.fi\/index.php\/wp-json\/wp\/v2\/product\/188258","targetHints":{"allow":["GET"]}}],"collection":[{"href":"https:\/\/www.otiumhome.fi\/index.php\/wp-json\/wp\/v2\/product"}],"about":[{"href":"https:\/\/www.otiumhome.fi\/index.php\/wp-json\/wp\/v2\/types\/product"}],"replies":[{"embeddable":true,"href":"https:\/\/www.otiumhome.fi\/index.php\/wp-json\/wp\/v2\/comments?post=188258"}],"wp:featuredmedia":[{"embeddable":true,"href":"https:\/\/www.otiumhome.fi\/index.php\/wp-json\/"}],"wp:attachment":[{"href":"https:\/\/www.otiumhome.fi\/index.php\/wp-json\/wp\/v2\/media?parent=188258"}],"wp:term":[{"taxonomy":"product_brand","embeddable":true,"href":"https:\/\/www.otiumhome.fi\/index.php\/wp-json\/wp\/v2\/product_brand?post=188258"},{"taxonomy":"product_cat","embeddable":true,"href":"https:\/\/www.otiumhome.fi\/index.php\/wp-json\/wp\/v2\/product_cat?post=188258"},{"taxonomy":"product_tag","embeddable":true,"href":"https:\/\/www.otiumhome.fi\/index.php\/wp-json\/wp\/v2\/product_tag?post=188258"}],"curies":[{"name":"wp","href":"https:\/\/api.w.org\/{rel}","templated":true}]}}