{"id":188248,"date":"2025-11-14T02:21:42","date_gmt":"2025-11-14T02:21:42","guid":{"rendered":"https:\/\/www.otiumhome.fi\/?p=188248"},"modified":"2025-12-09T04:07:44","modified_gmt":"2025-12-09T04:07:44","slug":"konsolipoyta-musta-tammi-75-x-195-x-75-cm-tekninen-puu","status":"publish","type":"product","link":"https:\/\/www.otiumhome.fi\/index.php\/tuote\/konsolipoyta-musta-tammi-75-x-195-x-75-cm-tekninen-puu\/","title":{"rendered":"Konsolip\u00f6yt\u00e4 Musta tammi. 75 x 19,5 x 75 cm Tekninen puu"},"content":{"rendered":"<p>T\u00e4\u00e4 teollinen konsolip\u00f6yt\u00e4 on t\u00e4ydellinen yhdistelm\u00e4 muotoa ja k\u00e4ytt\u00f6tarkoitusta, se tuo urbaania fiilist\u00e4 mihin tahansa tilaan. Sen rohkeat mustat ter\u00e4stukit ja teknisest\u00e4 puusta tehty p\u00f6yt\u00e4levy tekev\u00e4t siit\u00e4 tyylikk\u00e4\u00e4n ja modernin, ja varaa paljon s\u00e4ilytystilaa, se sulautuu mukavasti nykyaikaisiin sisustuksiin.<\/p>\n<ul>\n<li><b>Materiaalit:<\/b> T\u00e4ss\u00e4 konsolip\u00f6yd\u00e4ss\u00e4 on teknist\u00e4 puuta, mik\u00e4 tekee hyllyist\u00e4 ja p\u00f6yt\u00e4tasosta tukevat, sopivat koristeille, kirjoille tai kukille. Ter\u00e4srunko tuo lis\u00e4\u00e4 rosoista vieh\u00e4tyst\u00e4 ja korostaa teollista tyyli\u00e4, mik\u00e4 varmistaa luotettavan rakenteen.<\/li>\n<li><b>Mukana olevat osat:<\/b> P\u00f6yt\u00e4 tulee levyhyllyjen kanssa ilman osastoja, jotta tila on helppo j\u00e4rjest\u00e4\u00e4. Sen suunnittelu mahdollistaa monia sisustusmahdollisuuksia, minimalistisista asetteluista eloisampiin esillepanoihin. <\/li>\n<li><b>Ominaisuudet \/ Toiminto \/ Suunnittelu:<\/b> T\u00e4\u00e4 konsolip\u00f6yt\u00e4 tunnetaan kest\u00e4vyydest\u00e4\u00e4n, on tehty kest\u00e4m\u00e4\u00e4n p\u00e4ivitt\u00e4ist\u00e4 k\u00e4ytt\u00f6\u00e4. Avoin rakenne kutsuu luovia j\u00e4rjestelyideoita. Sen kapea muoto sopii ihanteellisesti sein\u00e4\u00e4 vasten, tuoden k\u00e4ytt\u00f6\u00e4 ja tyylikkyytt\u00e4 v\u00e4hemm\u00e4n huomiota saaviin tiloihin.<\/li>\n<li><b>Suositellut k\u00e4ytt\u00f6tavat:<\/b> T\u00e4\u00e4 konsolip\u00f6yt\u00e4 on t\u00e4ydellinen olohuoneisiin tai eteisiin, se toimii k\u00e4yt\u00e4nn\u00f6llisen\u00e4 keskipisteen\u00e4. Se on mahtava koristeen esittelyyn tai v\u00e4liaikaiseksi ty\u00f6tilaksi. Sen elegantti muoto ja muunneltava design tekev\u00e4t siit\u00e4 monik\u00e4ytt\u00f6isen erilaisissa ymp\u00e4rist\u00f6iss\u00e4.<\/li>\n<li><b>Hoito ja yll\u00e4pito:<\/b> T\u00e4m\u00e4n p\u00f6yd\u00e4n huolto on helppoa, riitt\u00e4\u00e4 ett\u00e4 pyyhit sen kostealla liinalla. Kokoaminen on yksinkertaista ja vaatii kaksi henkil\u00f6\u00e4 sek\u00e4 ruuvimeisselin, mik\u00e4 varmistaa vakaan asennuksen, joka pysyy t\u00e4rke\u00e4n\u00e4 osana kotiasi vuosia eteenp\u00e4in.<\/li>\n<\/ul>\n<ul>\n<li>V\u00e4ri: Musta tammi.<\/li>\n<li>Materiaali: Tekninen puu<\/li>\n<li>Yleiset mitat: 75 x 19,5 x 75 cm (P x L x K)<\/li>\n<li>Paino: 3,0 kg<\/li>\n<li>Kest\u00e4v\u00e4<\/li>\n<li>S\u00e4ilytystila<\/li>\n<li>Mukana levyhyllyt<\/li>\n<li>Kehysmateriaali: Ter\u00e4s<\/li>\n<li>Vain sis\u00e4k\u00e4ytt\u00f6\u00f6n<\/li>\n<li>Toimitus-:<\/li>\n<li>1 x konsolip\u00f6yt\u00e4<\/li>\n<li>Kokoonpano vaaditaan: Kyll\u00e4<\/li>\n<\/ul>\n","protected":false},"excerpt":{"rendered":"<ul>\n<li>V\u00e4ri: Musta tammi.<\/li>\n<li>Materiaali: Tekninen puu<\/li>\n<li>Yleiset mitat: 75 x 19,5 x 75 cm (P x L x K)<\/li>\n<li>Paino: 3,0 kg<\/li>\n<li>Kest\u00e4v\u00e4<\/li>\n<li>S\u00e4ilytystila<\/li>\n<li>Mukana levyhyllyt<\/li>\n<li>Kehysmateriaali: Ter\u00e4s<\/li>\n<li>Vain sis\u00e4k\u00e4ytt\u00f6\u00f6n<\/li>\n<li>Toimitus-:<\/li>\n<li>1 x konsolip\u00f6yt\u00e4<\/li>\n<li>Kokoonpano vaaditaan: Kyll\u00e4<\/li>\n<\/ul>\n","protected":false},"featured_media":100000188248,"comment_status":"closed","ping_status":"closed","template":"","meta":[],"product_brand":[],"product_cat":[8534,84,8533],"product_tag":[],"class_list":{"0":"post-188248","1":"product","2":"type-product","3":"status-publish","4":"has-post-thumbnail","6":"product_cat-apupoydat","7":"product_cat-huonekalut","8":"product_cat-sivupoydat","10":"first","11":"instock","12":"taxable","13":"shipping-taxable","14":"purchasable","15":"product-type-simple"},"_links":{"self":[{"href":"https:\/\/www.otiumhome.fi\/index.php\/wp-json\/wp\/v2\/product\/188248","targetHints":{"allow":["GET"]}}],"collection":[{"href":"https:\/\/www.otiumhome.fi\/index.php\/wp-json\/wp\/v2\/product"}],"about":[{"href":"https:\/\/www.otiumhome.fi\/index.php\/wp-json\/wp\/v2\/types\/product"}],"replies":[{"embeddable":true,"href":"https:\/\/www.otiumhome.fi\/index.php\/wp-json\/wp\/v2\/comments?post=188248"}],"wp:featuredmedia":[{"embeddable":true,"href":"https:\/\/www.otiumhome.fi\/index.php\/wp-json\/"}],"wp:attachment":[{"href":"https:\/\/www.otiumhome.fi\/index.php\/wp-json\/wp\/v2\/media?parent=188248"}],"wp:term":[{"taxonomy":"product_brand","embeddable":true,"href":"https:\/\/www.otiumhome.fi\/index.php\/wp-json\/wp\/v2\/product_brand?post=188248"},{"taxonomy":"product_cat","embeddable":true,"href":"https:\/\/www.otiumhome.fi\/index.php\/wp-json\/wp\/v2\/product_cat?post=188248"},{"taxonomy":"product_tag","embeddable":true,"href":"https:\/\/www.otiumhome.fi\/index.php\/wp-json\/wp\/v2\/product_tag?post=188248"}],"curies":[{"name":"wp","href":"https:\/\/api.w.org\/{rel}","templated":true}]}}