{"id":188242,"date":"2025-11-14T02:21:39","date_gmt":"2025-11-14T02:21:39","guid":{"rendered":"https:\/\/www.otiumhome.fi\/?p=188242"},"modified":"2025-12-09T04:07:43","modified_gmt":"2025-12-09T04:07:43","slug":"konsolipoyta-musta-tammi-30-x-36-x-75-cm-tekninen-puu","status":"publish","type":"product","link":"https:\/\/www.otiumhome.fi\/index.php\/tuote\/konsolipoyta-musta-tammi-30-x-36-x-75-cm-tekninen-puu\/","title":{"rendered":"Konsolip\u00f6yt\u00e4 Musta tammi. 30 x 36 x 75 cm Tekninen puu"},"content":{"rendered":"<p>Premium-konsolip\u00f6yt\u00e4 tuo yhteen modernin ilmeen ja k\u00e4yt\u00e4nn\u00f6llisen toimivuuden, t\u00e4ydellinen elegantin ilmeen luomiseksi kotiisi. Sen virtaviivainen muotoilu ja puhtaat linjat sulautuvat hienosti moderniin sisustukseen. Kun p\u00f6yt\u00e4 asetetaan k\u00e4yt\u00e4v\u00e4n sein\u00e4\u00e4 vasten, se on loistava paikka koriste-esineille ja s\u00e4ilytystarvikkeille.<\/p>\n<ul>\n<li><b>Tekninen puurakenne<\/b> T\u00e4m\u00e4 konsolip\u00f6yt\u00e4 on tehty teknisest\u00e4 puusta, mik\u00e4 takaa sen vakauden ja kest\u00e4vyyden. T\u00e4m\u00e4 materiaali pit\u00e4\u00e4 p\u00f6yd\u00e4n kauniina ja toimivana jopa vilkkaimmissa perheiss\u00e4. Se yhdist\u00e4\u00e4 muodon ja k\u00e4yt\u00e4nn\u00f6llisyyden sek\u00e4 kest\u00e4\u00e4 p\u00e4ivitt\u00e4ist\u00e4 k\u00e4ytt\u00f6\u00e4.<\/li>\n<li><b>K\u00e4yt\u00e4nn\u00f6lliset s\u00e4ilytysratkaisut<\/b> Laatikot, jotka on tehty teknisest\u00e4 puusta, antavat runsaasti tilaa t\u00e4rkeit\u00e4 tavaroita varten. Laatikoiden mattapinta tuo tyyli\u00e4 ilman kiiltoa. Hyv\u00e4 sekoitus s\u00e4ilytystilaa ja n\u00e4ytt\u00e4mist\u00e4 parantaa sen monik\u00e4ytt\u00f6isyytt\u00e4 ja tekee siit\u00e4 hy\u00f6dyllisen osan kodin j\u00e4rjestyksen yll\u00e4pitoa.<\/li>\n<li><b>Nykyaikainen tyyli<\/b> T\u00e4ss\u00e4 p\u00f6yd\u00e4ss\u00e4 yhdistyv\u00e4t puhtaat linjat ja k\u00e4yt\u00e4nn\u00f6llinen kauneus. Se tarjoaa sile\u00e4n pinnan koriste-esineille, samalla olo on tyylik\u00e4s ja huomaamaton. Sen minimalistinen muoto k\u00e4y moneen eri tyyliseen sisustukseen, mik\u00e4 tekee siit\u00e4 loistavan lis\u00e4n eri teemoihin.<\/li>\n<li><b>Ihanat k\u00e4yt\u00e4ville<\/b> T\u00e4m\u00e4 p\u00f6yt\u00e4 on t\u00e4ydellinen k\u00e4yt\u00e4ville ja eteisiin, tuo yhdistelem\u00e4\u00e4n hienostuneisuutta mink\u00e4 tahansa sis\u00e4\u00e4nk\u00e4ynnin. Loistava ensimm\u00e4inen vaikutelma ja riitt\u00e4v\u00e4sti tilaa valokuvakehyksille, maljakoille tai peileille. Koko ja muoto ovat hyvi\u00e4 kapeisiin tiloihin, mik\u00e4 takaa, ett\u00e4 tyyli on aina huomioitu.<\/li>\n<li><b>Hoito-ohjeet<\/b> P\u00f6yd\u00e4n kauniina pit\u00e4miseksi riitt\u00e4\u00e4, ett\u00e4 pyyhit p\u00f6lyratkaisu pehme\u00e4ll\u00e4 liinalla s\u00e4\u00e4nn\u00f6llisesti. Kovien kemikaalien k\u00e4ytt\u00f6 kannattaa v\u00e4ltell\u00e4, jotta pintak\u00e4sittely pysyisi kunnossa. Helppo hoito takaa, ett\u00e4 p\u00f6yt\u00e4 on elegantti ja n\u00e4ytt\u00e4v\u00e4 viel\u00e4 vuosien p\u00e4\u00e4st\u00e4.<\/li>\n<\/ul>\n<ul>\n<li>V\u00e4ri: Musta tammi.<\/li>\n<li>Materiaali: Tekninen puu<\/li>\n<li>Yleiset mitat: 30 x 36 x 75 cm (P x L x K)<\/li>\n<li>Paino: 16,9 kg<\/li>\n<li>Kest\u00e4v\u00e4<\/li>\n<li>S\u00e4ilytystila<\/li>\n<li>Laatikolla<\/li>\n<li>Sis\u00e4- \/ ulkotiloissa: Vain sis\u00e4k\u00e4ytt\u00f6\u00f6n<\/li>\n<li>Kokoonpano vaaditaan: Kyll\u00e4<\/li>\n<\/ul>\n","protected":false},"excerpt":{"rendered":"<ul>\n<li>V\u00e4ri: Musta tammi.<\/li>\n<li>Materiaali: Tekninen puu<\/li>\n<li>Yleiset mitat: 30 x 36 x 75 cm (P x L x K)<\/li>\n<li>Paino: 16,9 kg<\/li>\n<li>Kest\u00e4v\u00e4<\/li>\n<li>S\u00e4ilytystila<\/li>\n<li>Laatikolla<\/li>\n<li>Sis\u00e4- \/ ulkotiloissa: Vain sis\u00e4k\u00e4ytt\u00f6\u00f6n<\/li>\n<li>Kokoonpano vaaditaan: Kyll\u00e4<\/li>\n<\/ul>\n","protected":false},"featured_media":100000188242,"comment_status":"closed","ping_status":"closed","template":"","meta":[],"product_brand":[],"product_cat":[8534,84,8533],"product_tag":[],"class_list":{"0":"post-188242","1":"product","2":"type-product","3":"status-publish","4":"has-post-thumbnail","6":"product_cat-apupoydat","7":"product_cat-huonekalut","8":"product_cat-sivupoydat","10":"first","11":"instock","12":"taxable","13":"shipping-taxable","14":"purchasable","15":"product-type-simple"},"_links":{"self":[{"href":"https:\/\/www.otiumhome.fi\/index.php\/wp-json\/wp\/v2\/product\/188242","targetHints":{"allow":["GET"]}}],"collection":[{"href":"https:\/\/www.otiumhome.fi\/index.php\/wp-json\/wp\/v2\/product"}],"about":[{"href":"https:\/\/www.otiumhome.fi\/index.php\/wp-json\/wp\/v2\/types\/product"}],"replies":[{"embeddable":true,"href":"https:\/\/www.otiumhome.fi\/index.php\/wp-json\/wp\/v2\/comments?post=188242"}],"wp:featuredmedia":[{"embeddable":true,"href":"https:\/\/www.otiumhome.fi\/index.php\/wp-json\/"}],"wp:attachment":[{"href":"https:\/\/www.otiumhome.fi\/index.php\/wp-json\/wp\/v2\/media?parent=188242"}],"wp:term":[{"taxonomy":"product_brand","embeddable":true,"href":"https:\/\/www.otiumhome.fi\/index.php\/wp-json\/wp\/v2\/product_brand?post=188242"},{"taxonomy":"product_cat","embeddable":true,"href":"https:\/\/www.otiumhome.fi\/index.php\/wp-json\/wp\/v2\/product_cat?post=188242"},{"taxonomy":"product_tag","embeddable":true,"href":"https:\/\/www.otiumhome.fi\/index.php\/wp-json\/wp\/v2\/product_tag?post=188242"}],"curies":[{"name":"wp","href":"https:\/\/api.w.org\/{rel}","templated":true}]}}