{"id":188232,"date":"2025-11-14T02:21:36","date_gmt":"2025-11-14T02:21:36","guid":{"rendered":"https:\/\/www.otiumhome.fi\/?p=188232"},"modified":"2025-12-09T04:07:41","modified_gmt":"2025-12-09T04:07:41","slug":"sivupoyta-musta-tammi-59-x-36-x-38-cm-tekninen-puu","status":"publish","type":"product","link":"https:\/\/www.otiumhome.fi\/index.php\/tuote\/sivupoyta-musta-tammi-59-x-36-x-38-cm-tekninen-puu\/","title":{"rendered":"Sivup\u00f6yt\u00e4 Musta tammi. 59 x 36 x 38 cm Tekninen puu"},"content":{"rendered":"<p>T\u00e4m\u00e4 tyylik\u00e4s sivup\u00f6yt\u00e4 tiivist\u00e4\u00e4 modernin suunnittelun sulavilla linjoilla, yksinkertaisuudella ja toiminnallisuudella. Se on suunniteltu sopimaan t\u00e4ydellisesti mihin tahansa sisustukseen, ja sen mitat tekev\u00e4t siit\u00e4 monik\u00e4ytt\u00f6isen lis\u00e4yksen olohuoneeseen \u2013 hieno pinta koristeiden esittelyst\u00e4 tarpeellisten tavaroiden s\u00e4ilytt\u00e4miseen. Valmistettu teknisest\u00e4 puusta, t\u00e4m\u00e4 p\u00f6yt\u00e4 yhdist\u00e4\u00e4 kest\u00e4vyyden ja kauneuden, tehden siit\u00e4 sek\u00e4 k\u00e4yt\u00e4nn\u00f6llisen ett\u00e4 tyylikk\u00e4\u00e4n vaihtoehdon.<\/p>\n<ul>\n<li><b>Tekninen puu:<\/b> T\u00e4m\u00e4 sivup\u00f6yt\u00e4 on rakennettu laadukkaasta teknisest\u00e4 puusta, yhdist\u00e4en tyylin ja kest\u00e4vyyden. Rakenne takaa pitk\u00e4kestoisen suorituskyvyn ja kest\u00e4vyyden arjessa. Sile\u00e4 pinta tuo raikkautta olohuoneeseen, ja se toimii monenlaisten sisustustyylien kumppanina.<\/li>\n<li><b>Toiminnallinen koko:<\/b> Mitat 59 x 36 x 38 cm tarjoavat t\u00e4ydellisen koon niin suurissa kuin pieniss\u00e4 olohuoneissa. Tyylikk\u00e4\u00e4n koonsa ansiosta se sopii t\u00e4ydellisesti kirjoille, kasveille tai lampuille, ja se mahtuu helposti sohvan tai nojatuolin viereen. K\u00e4yt\u00e4nn\u00f6llinen muotoilu helpottaa sen sijoittamista erilaisiin huoneisiin.<\/li>\n<li><b>Tyylik\u00e4s moderni tyyli:<\/b> T\u00e4m\u00e4 p\u00f6yt\u00e4 tuo mukanaan modernin estetiikan, joka on yksinkertainen ja kaunis. Sen puhtaat linjat tekev\u00e4t siit\u00e4 ajattoman valinnan, ja se s\u00e4ilytt\u00e4\u00e4 tyylikk\u00e4\u00e4n ilmeens\u00e4 vuosia. Se on t\u00e4ydellinen yhdistelm\u00e4 k\u00e4yt\u00e4nn\u00f6llisyytt\u00e4 ja taidetta.<\/li>\n<li><b>Sis\u00e4k\u00e4ytt\u00f6\u00f6n tarkoitettu:<\/b> Suunniteltu sulautumaan olohuoneen ymp\u00e4rist\u00f6\u00f6n, t\u00e4m\u00e4 p\u00f6yt\u00e4 on kest\u00e4v\u00e4 valinta p\u00e4ivitt\u00e4iseen k\u00e4ytt\u00f6\u00f6n. Se toimii k\u00e4yt\u00e4nn\u00f6llisen\u00e4 huonekaluna ja kauniina sisustuselementtin\u00e4. Sen l\u00e4sn\u00e4olo tuo ripauksen eleganssia ja tukee jokap\u00e4iv\u00e4isi\u00e4 toimia kodissa.<\/li>\n<li><b>Kokoaminen vaaditaan:<\/b> T\u00e4m\u00e4 p\u00f6yt\u00e4 toimitetaan selkeiden kokoamisohjeiden kanssa, ja se vaatii vain yksinkertaisen asennuksen. Kun se on kokoamassa, se tulee olemaan olennainen osa kotiasi, tarjoten k\u00e4yt\u00e4nn\u00f6llisyytt\u00e4 ja tyylikkyytt\u00e4. Sen muotoilu varmistaa, ett\u00e4 se sulautuu luontevasti eri ymp\u00e4rist\u00f6ihin, antaen lis\u00e4\u00e4 k\u00e4yt\u00e4nn\u00f6llisyytt\u00e4 ja eleganssia.<\/li>\n<\/ul>\n<ul>\n<li>V\u00e4ri: Musta tammi.<\/li>\n<li>Materiaali: Tekninen puu<\/li>\n<li>Yleiset mitat: 59 x 36 x 38 cm (P x L x K)<\/li>\n<li>Paino: 6,65 kg<\/li>\n<li>Kest\u00e4v\u00e4<\/li>\n<li>Sis\u00e4- \/ ulkotiloissa: Vain sis\u00e4k\u00e4ytt\u00f6\u00f6n<\/li>\n<li>Toimitus-:<\/li>\n<li>1 x Sivup\u00f6yt\u00e4<\/li>\n<li>Kokoonpano vaaditaan: Kyll\u00e4<\/li>\n<\/ul>\n","protected":false},"excerpt":{"rendered":"<ul>\n<li>V\u00e4ri: Musta tammi.<\/li>\n<li>Materiaali: Tekninen puu<\/li>\n<li>Yleiset mitat: 59 x 36 x 38 cm (P x L x K)<\/li>\n<li>Paino: 6,65 kg<\/li>\n<li>Kest\u00e4v\u00e4<\/li>\n<li>Sis\u00e4- \/ ulkotiloissa: Vain sis\u00e4k\u00e4ytt\u00f6\u00f6n<\/li>\n<li>Toimitus-:<\/li>\n<li>1 x Sivup\u00f6yt\u00e4<\/li>\n<li>Kokoonpano vaaditaan: Kyll\u00e4<\/li>\n<\/ul>\n","protected":false},"featured_media":100000188232,"comment_status":"closed","ping_status":"closed","template":"","meta":[],"product_brand":[],"product_cat":[8534,84,8533],"product_tag":[],"class_list":{"0":"post-188232","1":"product","2":"type-product","3":"status-publish","4":"has-post-thumbnail","6":"product_cat-apupoydat","7":"product_cat-huonekalut","8":"product_cat-sivupoydat","10":"first","11":"instock","12":"taxable","13":"shipping-taxable","14":"purchasable","15":"product-type-simple"},"_links":{"self":[{"href":"https:\/\/www.otiumhome.fi\/index.php\/wp-json\/wp\/v2\/product\/188232","targetHints":{"allow":["GET"]}}],"collection":[{"href":"https:\/\/www.otiumhome.fi\/index.php\/wp-json\/wp\/v2\/product"}],"about":[{"href":"https:\/\/www.otiumhome.fi\/index.php\/wp-json\/wp\/v2\/types\/product"}],"replies":[{"embeddable":true,"href":"https:\/\/www.otiumhome.fi\/index.php\/wp-json\/wp\/v2\/comments?post=188232"}],"wp:featuredmedia":[{"embeddable":true,"href":"https:\/\/www.otiumhome.fi\/index.php\/wp-json\/"}],"wp:attachment":[{"href":"https:\/\/www.otiumhome.fi\/index.php\/wp-json\/wp\/v2\/media?parent=188232"}],"wp:term":[{"taxonomy":"product_brand","embeddable":true,"href":"https:\/\/www.otiumhome.fi\/index.php\/wp-json\/wp\/v2\/product_brand?post=188232"},{"taxonomy":"product_cat","embeddable":true,"href":"https:\/\/www.otiumhome.fi\/index.php\/wp-json\/wp\/v2\/product_cat?post=188232"},{"taxonomy":"product_tag","embeddable":true,"href":"https:\/\/www.otiumhome.fi\/index.php\/wp-json\/wp\/v2\/product_tag?post=188232"}],"curies":[{"name":"wp","href":"https:\/\/api.w.org\/{rel}","templated":true}]}}