{"id":188229,"date":"2025-11-14T02:21:36","date_gmt":"2025-11-14T02:21:36","guid":{"rendered":"https:\/\/www.otiumhome.fi\/?p=188229"},"modified":"2025-12-09T04:07:41","modified_gmt":"2025-12-09T04:07:41","slug":"sivupoyta-hyllylla-artisan-tammi-30-x-30-x-55-cm-tekninen-puu","status":"publish","type":"product","link":"https:\/\/www.otiumhome.fi\/index.php\/tuote\/sivupoyta-hyllylla-artisan-tammi-30-x-30-x-55-cm-tekninen-puu\/","title":{"rendered":"Sivup\u00f6yt\u00e4 hyllyll\u00e4 Artisan tammi 30 x 30 x 55 cm Tekninen puu"},"content":{"rendered":"<p>T\u00e4m\u00e4 tyylik\u00e4s sivup\u00f6yt\u00e4 lis\u00e4\u00e4 modernia ilmett\u00e4 mihin tahansa olohuoneeseen, sen kompakti muoto k\u00e4y mainiosti pieniin tiloihin ja tekee vaikutuksen. Puhtaat linjat ja minimalistinen tyyli eiv\u00e4t pelk\u00e4st\u00e4\u00e4n toimi, vaan my\u00f6s n\u00e4ytt\u00e4v\u00e4t hyv\u00e4lt\u00e4, sopivat koristeille tai henkil\u00f6kohtaisille asioille.<\/p>\n<ul>\n<li><b>Tekninen puumateriaali:<\/b> T\u00e4m\u00e4 sivup\u00f6yt\u00e4 on tehty kest\u00e4v\u00e4st\u00e4 teknisest\u00e4 puusta, joten se on pitk\u00e4ik\u00e4inen ja k\u00e4ytt\u00e4\u00e4 hyvin kulumista vastaan. Pintamateriaali lis\u00e4\u00e4 tyyli\u00e4 tukevan rakenteen lis\u00e4ksi.<\/li>\n<li><b>Levyhyllyt:<\/b> Sen levyhyllyt tarjoavat runsaasti tilaa aikakauslehdille, kaukos\u00e4\u00e4timille tai koriste-esineille, pit\u00e4en kaikki j\u00e4rjestyksess\u00e4 ja lis\u00e4\u00e4m\u00e4ll\u00e4 toimivuutta p\u00f6yd\u00e4lle.<\/li>\n<li><b>Moderni tyyli:<\/b> P\u00f6yt\u00e4 yhdist\u00e4\u00e4 modernin yksinkertaisuuden ja hoikan profiilin, se sulautuu t\u00e4ydellisesti nykyaikaiseen sisustukseen. Puhtaat linjat tekev\u00e4t siit\u00e4 erinomaisen valinnan minimalistisen sisustuksen yst\u00e4ville.<\/li>\n<li><b>Sis\u00e4k\u00e4ytt\u00f6\u00f6n:<\/b> Suunniteltu erityisesti sis\u00e4tiloihin, t\u00e4m\u00e4 p\u00f6yt\u00e4 sopii mainiosti olohuoneeseen, oleskeluun tai toimistoon. Kompakti koko mahdollistaa sen sijoittamisen ahtaisiin tiloihin, tuoden mukavaa lis\u00e4\u00e4 eri huoneisiin.<\/li>\n<li><b>Kokoamisohjeet:<\/b> Helppo kokoaminen, tarvita vain ruuvimeisseli. Yksi henkil\u00f6 voi sen koota helposti ilman ongelmia.<\/li>\n<\/ul>\n<ul>\n<li>V\u00e4ri: Artisan tammi<\/li>\n<li>Materiaali: Tekninen puu<\/li>\n<li>Yleiset mitat: 30 x 30 x 55 cm (P x L x K)<\/li>\n<li>Paino: 6,2 kg<\/li>\n<li>Kest\u00e4v\u00e4<\/li>\n<li>Hyllyll\u00e4<\/li>\n<li>Sis\u00e4- &amp; ulkotila: Vain sis\u00e4k\u00e4ytt\u00f6\u00f6n<\/li>\n<li>Toimitus-:<\/li>\n<li>1 x Sivup\u00f6yt\u00e4<\/li>\n<li>Kokoonpano vaaditaan: Kyll\u00e4<\/li>\n<\/ul>\n","protected":false},"excerpt":{"rendered":"<ul>\n<li>V\u00e4ri: Artisan tammi<\/li>\n<li>Materiaali: Tekninen puu<\/li>\n<li>Yleiset mitat: 30 x 30 x 55 cm (P x L x K)<\/li>\n<li>Paino: 6,2 kg<\/li>\n<li>Kest\u00e4v\u00e4<\/li>\n<li>Hyllyll\u00e4<\/li>\n<li>Sis\u00e4- &amp; ulkotila: Vain sis\u00e4k\u00e4ytt\u00f6\u00f6n<\/li>\n<li>Toimitus-:<\/li>\n<li>1 x Sivup\u00f6yt\u00e4<\/li>\n<li>Kokoonpano vaaditaan: Kyll\u00e4<\/li>\n<\/ul>\n","protected":false},"featured_media":100000188229,"comment_status":"closed","ping_status":"closed","template":"","meta":[],"product_brand":[],"product_cat":[8534,84,8533],"product_tag":[],"class_list":{"0":"post-188229","1":"product","2":"type-product","3":"status-publish","4":"has-post-thumbnail","6":"product_cat-apupoydat","7":"product_cat-huonekalut","8":"product_cat-sivupoydat","10":"first","11":"instock","12":"taxable","13":"shipping-taxable","14":"purchasable","15":"product-type-simple"},"_links":{"self":[{"href":"https:\/\/www.otiumhome.fi\/index.php\/wp-json\/wp\/v2\/product\/188229","targetHints":{"allow":["GET"]}}],"collection":[{"href":"https:\/\/www.otiumhome.fi\/index.php\/wp-json\/wp\/v2\/product"}],"about":[{"href":"https:\/\/www.otiumhome.fi\/index.php\/wp-json\/wp\/v2\/types\/product"}],"replies":[{"embeddable":true,"href":"https:\/\/www.otiumhome.fi\/index.php\/wp-json\/wp\/v2\/comments?post=188229"}],"wp:featuredmedia":[{"embeddable":true,"href":"https:\/\/www.otiumhome.fi\/index.php\/wp-json\/"}],"wp:attachment":[{"href":"https:\/\/www.otiumhome.fi\/index.php\/wp-json\/wp\/v2\/media?parent=188229"}],"wp:term":[{"taxonomy":"product_brand","embeddable":true,"href":"https:\/\/www.otiumhome.fi\/index.php\/wp-json\/wp\/v2\/product_brand?post=188229"},{"taxonomy":"product_cat","embeddable":true,"href":"https:\/\/www.otiumhome.fi\/index.php\/wp-json\/wp\/v2\/product_cat?post=188229"},{"taxonomy":"product_tag","embeddable":true,"href":"https:\/\/www.otiumhome.fi\/index.php\/wp-json\/wp\/v2\/product_tag?post=188229"}],"curies":[{"name":"wp","href":"https:\/\/api.w.org\/{rel}","templated":true}]}}