{"id":188224,"date":"2025-11-14T02:21:30","date_gmt":"2025-11-14T02:21:30","guid":{"rendered":"https:\/\/www.otiumhome.fi\/?p=188224"},"modified":"2025-12-09T04:07:33","modified_gmt":"2025-12-09T04:07:33","slug":"konsolipoyta-hyllylla-musta-tammi-100-x-32-x-75-cm-tekninen-puu","status":"publish","type":"product","link":"https:\/\/www.otiumhome.fi\/index.php\/tuote\/konsolipoyta-hyllylla-musta-tammi-100-x-32-x-75-cm-tekninen-puu\/","title":{"rendered":"Konsolip\u00f6yt\u00e4 hyllyll\u00e4 Musta tammi 100 x 32 x 75 cm Tekninen puu"},"content":{"rendered":"<p>Konsolip\u00f6yt\u00e4 yhdist\u00e4\u00e4 t\u00e4ydellisesti tyylikk\u00e4\u00e4n teollisen muotoilun ja k\u00e4yt\u00e4nn\u00f6llisen s\u00e4ilytystilan, mik\u00e4 tekee siit\u00e4 juuri oikean olohuoneeseen. Suorakaiteen muotoinen ja sile\u00e4 pinta pit\u00e4\u00e4 sen yksinkertaisena, samalla kun se tuo esiin modernia, urbaania tyyli\u00e4. T\u00e4m\u00e4 kappale tekee kaksinkertaista ty\u00f6t\u00e4: voit esitell\u00e4 vaikka taidetta tai valokuvia samalla kun se piilottaa muita tavaroita siististi.<\/p>\n<ul>\n<li><b>Materiaalit:<\/b> Konsolip\u00f6yt\u00e4 on valmistettu teknisest\u00e4 puusta, joten pinta on sile\u00e4 ja kest\u00e4v\u00e4. Ter\u00e4srunko tukee rakennetta ja tarjoaa vahvan perustan koristeille ja k\u00e4yt\u00e4nn\u00f6n tarpeille pit\u00e4\u00e4 teollista tyyli\u00e4 yll\u00e4.<\/li>\n<li><b>Komponentit:<\/b> Teknisen puun hyllyt tekev\u00e4t t\u00e4st\u00e4 p\u00f6yd\u00e4st\u00e4 erinomaisen s\u00e4ilytysratkaisun. Olipa kyseess\u00e4 koriste-esineet tai hy\u00f6dylliset jutut kuten kirjat ja laitteet, n\u00e4m\u00e4 hyllyt pit\u00e4v\u00e4t asiat j\u00e4rjestyksess\u00e4 ja kauniina.<\/li>\n<li><b>Ominaisuudet \/ Toiminto \/ Muotoilu:<\/b> Siin\u00e4 on s\u00e4\u00e4dett\u00e4v\u00e4t jalat, joten p\u00f6yt\u00e4 pysyy tukevasti ep\u00e4tasaisella lattiapinnalla. Voit olla varma, ett\u00e4 tavarasi ovat turvassa, etk\u00e4 tarvitse huolehtia keikkumisesta.<\/li>\n<li><b>Suositellut k\u00e4ytt\u00f6tarkoitukset:<\/b> T\u00e4m\u00e4 konsolip\u00f6yt\u00e4 on erityisesti suunniteltu sis\u00e4tiloihin, erityisesti olohuoneisiin. K\u00e4ytettyn\u00e4 koriste-esineiden tai kynttil\u00f6iden tukemiseen, se todella nostaa tilan ilmett\u00e4.<\/li>\n<li><b>Huolto &amp; Yll\u00e4pito:<\/b> Pid\u00e4 se n\u00e4ytt\u00e4v\u00e4n\u00e4 pyyhkim\u00e4ll\u00e4 kostean liinan kanssa. V\u00e4lt\u00e4 voimakkaita puhdistusaineita, jotta p\u00f6yt\u00e4 pysyy kauniina ja k\u00e4yt\u00e4nn\u00f6llisen\u00e4 osana olohuonettasi.<\/li>\n<\/ul>\n<ul>\n<li>V\u00e4ri: Musta tammi<\/li>\n<li>Materiaali: Tekninen puu<\/li>\n<li>Viimeistely: Matta<\/li>\n<li>Yleiset mitat: 100 x 32 x 75 cm (L x S x K)<\/li>\n<li>Paino: 16,7 kg<\/li>\n<li>S\u00e4\u00e4dett\u00e4v\u00e4t Jalat<\/li>\n<li>Runsaasti s\u00e4ilytystilaa<\/li>\n<li>Kest\u00e4v\u00e4<\/li>\n<li>Hyllyll\u00e4<\/li>\n<li>Kehysmateriaali: Ter\u00e4s<\/li>\n<li>Sis\u00e4- \/ ulkotiloissa: Vain sis\u00e4k\u00e4ytt\u00f6\u00f6n<\/li>\n<li>Toimitus-:<\/li>\n<li>1 x konsolip\u00f6yt\u00e4<\/li>\n<li>Kokoonpano vaaditaan: Kyll\u00e4<\/li>\n<\/ul>\n","protected":false},"excerpt":{"rendered":"<ul>\n<li>V\u00e4ri: Musta tammi<\/li>\n<li>Materiaali: Tekninen puu<\/li>\n<li>Viimeistely: Matta<\/li>\n<li>Yleiset mitat: 100 x 32 x 75 cm (L x S x K)<\/li>\n<li>Paino: 16,7 kg<\/li>\n<li>S\u00e4\u00e4dett\u00e4v\u00e4t Jalat<\/li>\n<li>Runsaasti s\u00e4ilytystilaa<\/li>\n<li>Kest\u00e4v\u00e4<\/li>\n<li>Hyllyll\u00e4<\/li>\n<li>Kehysmateriaali: Ter\u00e4s<\/li>\n<li>Sis\u00e4- \/ ulkotiloissa: Vain sis\u00e4k\u00e4ytt\u00f6\u00f6n<\/li>\n<li>Toimitus-:<\/li>\n<li>1 x konsolip\u00f6yt\u00e4<\/li>\n<li>Kokoonpano vaaditaan: Kyll\u00e4<\/li>\n<\/ul>\n","protected":false},"featured_media":100000188224,"comment_status":"closed","ping_status":"closed","template":"","meta":[],"product_brand":[],"product_cat":[8534,84,8533],"product_tag":[],"class_list":{"0":"post-188224","1":"product","2":"type-product","3":"status-publish","4":"has-post-thumbnail","6":"product_cat-apupoydat","7":"product_cat-huonekalut","8":"product_cat-sivupoydat","10":"first","11":"instock","12":"taxable","13":"shipping-taxable","14":"purchasable","15":"product-type-simple"},"_links":{"self":[{"href":"https:\/\/www.otiumhome.fi\/index.php\/wp-json\/wp\/v2\/product\/188224","targetHints":{"allow":["GET"]}}],"collection":[{"href":"https:\/\/www.otiumhome.fi\/index.php\/wp-json\/wp\/v2\/product"}],"about":[{"href":"https:\/\/www.otiumhome.fi\/index.php\/wp-json\/wp\/v2\/types\/product"}],"replies":[{"embeddable":true,"href":"https:\/\/www.otiumhome.fi\/index.php\/wp-json\/wp\/v2\/comments?post=188224"}],"wp:featuredmedia":[{"embeddable":true,"href":"https:\/\/www.otiumhome.fi\/index.php\/wp-json\/"}],"wp:attachment":[{"href":"https:\/\/www.otiumhome.fi\/index.php\/wp-json\/wp\/v2\/media?parent=188224"}],"wp:term":[{"taxonomy":"product_brand","embeddable":true,"href":"https:\/\/www.otiumhome.fi\/index.php\/wp-json\/wp\/v2\/product_brand?post=188224"},{"taxonomy":"product_cat","embeddable":true,"href":"https:\/\/www.otiumhome.fi\/index.php\/wp-json\/wp\/v2\/product_cat?post=188224"},{"taxonomy":"product_tag","embeddable":true,"href":"https:\/\/www.otiumhome.fi\/index.php\/wp-json\/wp\/v2\/product_tag?post=188224"}],"curies":[{"name":"wp","href":"https:\/\/api.w.org\/{rel}","templated":true}]}}