{"id":188040,"date":"2025-11-09T14:25:26","date_gmt":"2025-11-09T14:25:26","guid":{"rendered":"https:\/\/www.otiumhome.fi\/?p=188040"},"modified":"2025-11-14T12:05:35","modified_gmt":"2025-11-14T12:05:35","slug":"tv-taso-sonoma-tammi-150x30x50-cm-tekninen-puu","status":"publish","type":"product","link":"https:\/\/www.otiumhome.fi\/index.php\/tuote\/tv-taso-sonoma-tammi-150x30x50-cm-tekninen-puu\/","title":{"rendered":"TV-taso Sonoma-tammi 150x30x50 cm tekninen puu"},"content":{"rendered":"<p>T\u00e4m\u00e4 klassinen TV-taso on k\u00e4yt\u00e4nn\u00f6llinen ja katseet vangitseva lis\u00e4 sisustukseesi.<\/p>\n<\/p>\n<ul>\n<li>Tukeva materiaali: Tekninen puu on poikkeuksellisen laadukasta ja sile\u00e4pintaista. Se on my\u00f6s luja, vakaa ja kosteudelle vastustuskykyinen.<\/li>\n<li>Runsaasti s\u00e4ilytystilaa: Stereokaappi sis\u00e4lt\u00e4\u00e4 lokerot ja hyllyt, joissa voit s\u00e4ilytt\u00e4\u00e4 DVD-soittimen, pelikonsolit, sek\u00e4 suoratoisto- ja medialaitteet ulottuvilla ja siistiss\u00e4 j\u00e4rjestyksess\u00e4.<\/li>\n<li>Tukeva yl\u00e4taso: Sivukaapin yl\u00e4taso toimii ihanteellisena paikkana esineiden, kuten kirjojen ja koristeiden asettamiseen.<\/li>\n<\/ul>\n<p>Varoitus:<\/p>\n<ul>\n<li>Kaatumisen est\u00e4miseksi on t\u00e4t\u00e4 tuotetta k\u00e4ytett\u00e4v\u00e4 mukana toimitetun sein\u00e4kiinnityslaitteen kanssa.<\/li>\n<\/ul>\n<p>Huomioi:<\/p>\n<ul>\n<li>Jokaisen tuotteen mukana on laatikossa kokoonpano-ohje helppoa asennusta varten.<\/li>\n<\/ul>\n<ul>\n<li>V\u00e4ri: Sonoma-tammi<\/li>\n<li>Materiaali: Tekninen puu, t\u00e4ysi eukalyptuspuu<\/li>\n<li>Mitat: 150 x 30 x 50 cm (L x S x K)<\/li>\n<\/ul>\n","protected":false},"excerpt":{"rendered":"<ul>\n<li>V\u00e4ri: Sonoma-tammi<\/li>\n<li>Materiaali: Tekninen puu, t\u00e4ysi eukalyptuspuu<\/li>\n<li>Mitat: 150 x 30 x 50 cm (L x S x K)<\/li>\n<\/ul>\n","protected":false},"featured_media":100000188040,"comment_status":"closed","ping_status":"closed","template":"","meta":[],"product_brand":[],"product_cat":[84],"product_tag":[],"class_list":{"0":"post-188040","1":"product","2":"type-product","3":"status-publish","4":"has-post-thumbnail","6":"product_cat-huonekalut","8":"first","9":"instock","10":"taxable","11":"shipping-taxable","12":"purchasable","13":"product-type-simple"},"_links":{"self":[{"href":"https:\/\/www.otiumhome.fi\/index.php\/wp-json\/wp\/v2\/product\/188040","targetHints":{"allow":["GET"]}}],"collection":[{"href":"https:\/\/www.otiumhome.fi\/index.php\/wp-json\/wp\/v2\/product"}],"about":[{"href":"https:\/\/www.otiumhome.fi\/index.php\/wp-json\/wp\/v2\/types\/product"}],"replies":[{"embeddable":true,"href":"https:\/\/www.otiumhome.fi\/index.php\/wp-json\/wp\/v2\/comments?post=188040"}],"wp:featuredmedia":[{"embeddable":true,"href":"https:\/\/www.otiumhome.fi\/index.php\/wp-json\/"}],"wp:attachment":[{"href":"https:\/\/www.otiumhome.fi\/index.php\/wp-json\/wp\/v2\/media?parent=188040"}],"wp:term":[{"taxonomy":"product_brand","embeddable":true,"href":"https:\/\/www.otiumhome.fi\/index.php\/wp-json\/wp\/v2\/product_brand?post=188040"},{"taxonomy":"product_cat","embeddable":true,"href":"https:\/\/www.otiumhome.fi\/index.php\/wp-json\/wp\/v2\/product_cat?post=188040"},{"taxonomy":"product_tag","embeddable":true,"href":"https:\/\/www.otiumhome.fi\/index.php\/wp-json\/wp\/v2\/product_tag?post=188040"}],"curies":[{"name":"wp","href":"https:\/\/api.w.org\/{rel}","templated":true}]}}