{"id":188037,"date":"2025-11-09T14:24:48","date_gmt":"2025-11-09T14:24:48","guid":{"rendered":"https:\/\/www.otiumhome.fi\/?p=188037"},"modified":"2025-11-14T12:05:22","modified_gmt":"2025-11-14T12:05:22","slug":"tv-taso-betoninharmaa-150x36x30-cm-tekninen-puu","status":"publish","type":"product","link":"https:\/\/www.otiumhome.fi\/index.php\/tuote\/tv-taso-betoninharmaa-150x36x30-cm-tekninen-puu\/","title":{"rendered":"TV-taso betoninharmaa 150x36x30 cm tekninen puu"},"content":{"rendered":"<p>T\u00e4st\u00e4 tukevasta ja trendikk\u00e4\u00e4st\u00e4 mutta k\u00e4yt\u00e4nn\u00f6llisest\u00e4 TV-kaapista tulee huoneesi keskipiste.<\/p>\n<\/p>\n<ul>\n<li>Tukeva materiaali: Tekninen puu on poikkeuksellisen laadukasta ja sile\u00e4pintaista. Se on my\u00f6s luja, vakaa ja kosteudelle vastustuskykyinen. Teknisest\u00e4 puusta valmistettu TV-taso on helppo puhdistaa.<\/li>\n<li>Reilu s\u00e4ilytystila: TV-tasossa on kolme laatikkoa, mik\u00e4 tekee siit\u00e4 ihanteellisen paikan aikakauslehtien, DVD-levyjen tai muiden esineiden s\u00e4ilytt\u00e4miseen.<\/li>\n<li>Esittelytoiminto: Mediakaapin tukeva yl\u00e4taso on ihanteellinen koristeiden, kuten valokuvien ja kasvien esille laittoon.<\/li>\n<li>Rautajalat: Rautajalat lis\u00e4\u00e4v\u00e4t sisustukseesi rauhallista tyyli\u00e4 ja takaavat samalla vakauden.<\/li>\n<\/ul>\n<ul>\n<li>V\u00e4ri: betoninharmaa<\/li>\n<li>Materiaali: Tekninen puu, rauta<\/li>\n<li>Mitat: 150 x 36 x 30 cm (L x S x K)<\/li>\n<li>Asennus vaaditaan: kyll\u00e4<\/li>\n<\/ul>\n","protected":false},"excerpt":{"rendered":"<ul>\n<li>V\u00e4ri: betoninharmaa<\/li>\n<li>Materiaali: Tekninen puu, rauta<\/li>\n<li>Mitat: 150 x 36 x 30 cm (L x S x K)<\/li>\n<li>Asennus vaaditaan: kyll\u00e4<\/li>\n<\/ul>\n","protected":false},"featured_media":100000188037,"comment_status":"closed","ping_status":"closed","template":"","meta":[],"product_brand":[],"product_cat":[84],"product_tag":[],"class_list":{"0":"post-188037","1":"product","2":"type-product","3":"status-publish","4":"has-post-thumbnail","6":"product_cat-huonekalut","8":"first","9":"instock","10":"taxable","11":"shipping-taxable","12":"purchasable","13":"product-type-simple"},"_links":{"self":[{"href":"https:\/\/www.otiumhome.fi\/index.php\/wp-json\/wp\/v2\/product\/188037","targetHints":{"allow":["GET"]}}],"collection":[{"href":"https:\/\/www.otiumhome.fi\/index.php\/wp-json\/wp\/v2\/product"}],"about":[{"href":"https:\/\/www.otiumhome.fi\/index.php\/wp-json\/wp\/v2\/types\/product"}],"replies":[{"embeddable":true,"href":"https:\/\/www.otiumhome.fi\/index.php\/wp-json\/wp\/v2\/comments?post=188037"}],"wp:featuredmedia":[{"embeddable":true,"href":"https:\/\/www.otiumhome.fi\/index.php\/wp-json\/"}],"wp:attachment":[{"href":"https:\/\/www.otiumhome.fi\/index.php\/wp-json\/wp\/v2\/media?parent=188037"}],"wp:term":[{"taxonomy":"product_brand","embeddable":true,"href":"https:\/\/www.otiumhome.fi\/index.php\/wp-json\/wp\/v2\/product_brand?post=188037"},{"taxonomy":"product_cat","embeddable":true,"href":"https:\/\/www.otiumhome.fi\/index.php\/wp-json\/wp\/v2\/product_cat?post=188037"},{"taxonomy":"product_tag","embeddable":true,"href":"https:\/\/www.otiumhome.fi\/index.php\/wp-json\/wp\/v2\/product_tag?post=188037"}],"curies":[{"name":"wp","href":"https:\/\/api.w.org\/{rel}","templated":true}]}}