{"id":188035,"date":"2025-11-09T14:24:21","date_gmt":"2025-11-09T14:24:21","guid":{"rendered":"https:\/\/www.otiumhome.fi\/?p=188035"},"modified":"2025-11-10T00:40:28","modified_gmt":"2025-11-10T00:40:28","slug":"tv-taso-seinalle-valkoinen-120x235x90-cm-tekninen-puu","status":"publish","type":"product","link":"https:\/\/www.otiumhome.fi\/index.php\/tuote\/tv-taso-seinalle-valkoinen-120x235x90-cm-tekninen-puu\/","title":{"rendered":"TV-taso sein\u00e4lle valkoinen 120&#215;23,5&#215;90 cm tekninen puu"},"content":{"rendered":"<p>Tuo hieman eleganssia ja k\u00e4yt\u00e4nn\u00f6llisyytt\u00e4 sisustukseesi t\u00e4ll\u00e4 trendikk\u00e4\u00e4ll\u00e4 sein\u00e4kiinnitett\u00e4v\u00e4ll\u00e4 TV-tasolla!<\/p>\n<\/p>\n<p>Laadukkaasta teknisest\u00e4 puusta valmistettu hifi-kaappi on kest\u00e4v\u00e4 ja vankka. Kaapin avoimet lokerot tarjoavat rutkasti tilaa aikakauslehdille, kasveille, valokuvakehyksille jne. Vankalle p\u00f6yt\u00e4levylle voi laittaa koriste-esineit\u00e4 kuten ruukkukasveja, maljakoita, jne. T\u00e4m\u00e4 TV-yksikk\u00f6 on lis\u00e4ksi helppo puhdistaa kostealla liinalla.<\/p>\n<ul>\n<li>V\u00e4ri: valkoinen<\/li>\n<li>Materiaali: tekninen puu<\/li>\n<li>Mitat: 120 x 23,5 x 90 cm (P x L x K)<\/li>\n<li>Maksimikantavuus (yhteens\u00e4): 50 kg<\/li>\n<li>Asennus vaaditaan: kyll\u00e4<\/li>\n<\/ul>\n","protected":false},"excerpt":{"rendered":"<ul>\n<li>V\u00e4ri: valkoinen<\/li>\n<li>Materiaali: tekninen puu<\/li>\n<li>Mitat: 120 x 23,5 x 90 cm (P x L x K)<\/li>\n<li>Maksimikantavuus (yhteens\u00e4): 50 kg<\/li>\n<li>Asennus vaaditaan: kyll\u00e4<\/li>\n<\/ul>\n","protected":false},"featured_media":100000188035,"comment_status":"closed","ping_status":"closed","template":"","meta":[],"product_brand":[],"product_cat":[84],"product_tag":[],"class_list":{"0":"post-188035","1":"product","2":"type-product","3":"status-publish","4":"has-post-thumbnail","6":"product_cat-huonekalut","8":"first","9":"instock","10":"taxable","11":"shipping-taxable","12":"purchasable","13":"product-type-simple"},"_links":{"self":[{"href":"https:\/\/www.otiumhome.fi\/index.php\/wp-json\/wp\/v2\/product\/188035","targetHints":{"allow":["GET"]}}],"collection":[{"href":"https:\/\/www.otiumhome.fi\/index.php\/wp-json\/wp\/v2\/product"}],"about":[{"href":"https:\/\/www.otiumhome.fi\/index.php\/wp-json\/wp\/v2\/types\/product"}],"replies":[{"embeddable":true,"href":"https:\/\/www.otiumhome.fi\/index.php\/wp-json\/wp\/v2\/comments?post=188035"}],"wp:featuredmedia":[{"embeddable":true,"href":"https:\/\/www.otiumhome.fi\/index.php\/wp-json\/"}],"wp:attachment":[{"href":"https:\/\/www.otiumhome.fi\/index.php\/wp-json\/wp\/v2\/media?parent=188035"}],"wp:term":[{"taxonomy":"product_brand","embeddable":true,"href":"https:\/\/www.otiumhome.fi\/index.php\/wp-json\/wp\/v2\/product_brand?post=188035"},{"taxonomy":"product_cat","embeddable":true,"href":"https:\/\/www.otiumhome.fi\/index.php\/wp-json\/wp\/v2\/product_cat?post=188035"},{"taxonomy":"product_tag","embeddable":true,"href":"https:\/\/www.otiumhome.fi\/index.php\/wp-json\/wp\/v2\/product_tag?post=188035"}],"curies":[{"name":"wp","href":"https:\/\/api.w.org\/{rel}","templated":true}]}}