{"id":188032,"date":"2025-11-09T14:17:22","date_gmt":"2025-11-09T14:17:22","guid":{"rendered":"https:\/\/www.otiumhome.fi\/?p=188032"},"modified":"2025-11-10T01:19:37","modified_gmt":"2025-11-10T01:19:37","slug":"tv-taso-sininen-110x30x40-cm-taysi-mangopuu","status":"publish","type":"product","link":"https:\/\/www.otiumhome.fi\/index.php\/tuote\/tv-taso-sininen-110x30x40-cm-taysi-mangopuu\/","title":{"rendered":"TV-taso sininen 110x30x40 cm t\u00e4ysi mangopuu"},"content":{"rendered":"<p>T\u00e4m\u00e4 puinen retrotyylinen TV-taso on k\u00e4yt\u00e4nn\u00f6llinen ja katseet vangitseva lis\u00e4 sisustukseesi.  <\/p>\n<\/p>\n<ul>\n<li>Tukeva materiaali: T\u00e4ysi mangopuu on luja trooppinen lehtipuu, josta valmistetaan tukevia kalusteita. Kauniit puunsyyt tekev\u00e4t jokaisesta kalusteesta hieman erilaisen kuin seuraavasta.<\/li>\n<li>Runsaasti s\u00e4ilytystilaa: TV-taso sis\u00e4lt\u00e4\u00e4 lokeroita, joissa voit s\u00e4ilytt\u00e4\u00e4 DVD-soittimen, pelikonsolit, sek\u00e4 suoratoisto- ja medialaitteet ulottuvilla ja siistiss\u00e4 j\u00e4rjestyksess\u00e4.<\/li>\n<li>Tukeva yl\u00e4taso: Mediakaapin yl\u00e4taso toimii ihanteellisena paikkana esineiden, kuten kirjojen ja koristeiden asettamiseen.<\/li>\n<li>Retrotyyli: T\u00e4m\u00e4 TV-taso on k\u00e4sinmaalattu ja se lis\u00e4\u00e4 retrotyyli\u00e4 nykyiseen sisustukseesi. Retrotyyli on j\u00e4ljittelev\u00e4 tai tietoisesti johdannainen ja sit\u00e4 inspiroi el\u00e4m\u00e4ntyylit ja trendit, mukaan lukien menneisyys ja historialliset taiteen muodot.<\/li>\n<\/ul>\n<p>Huomioi:<\/p>\n<ul>\n<li>V\u00e4rit saattavat vaihdella kappaleesta toiseen, tehden jokaisesta kappaleesta ainutlaatuisen ja hieman erilaisen kuin muut. Toimitus on satunnainen, joka takaa tuotteesi ainutlaatuisuuden ja yksil\u00f6llisyyden.<\/li>\n<\/ul>\n<ul>\n<li>V\u00e4ri: sininen<\/li>\n<li>Materiaali: K\u00e4sinmaalattu t\u00e4ysi mangopuu<\/li>\n<li>Mitat: 110 x 30 x 40 cm (L x S x K)<\/li>\n<li>Asennus vaaditaan: kyll\u00e4<\/li>\n<\/ul>\n","protected":false},"excerpt":{"rendered":"<ul>\n<li>V\u00e4ri: sininen<\/li>\n<li>Materiaali: K\u00e4sinmaalattu t\u00e4ysi mangopuu<\/li>\n<li>Mitat: 110 x 30 x 40 cm (L x S x K)<\/li>\n<li>Asennus vaaditaan: kyll\u00e4<\/li>\n<\/ul>\n","protected":false},"featured_media":100000188032,"comment_status":"closed","ping_status":"closed","template":"","meta":[],"product_brand":[],"product_cat":[84],"product_tag":[],"class_list":{"0":"post-188032","1":"product","2":"type-product","3":"status-publish","4":"has-post-thumbnail","6":"product_cat-huonekalut","8":"first","9":"instock","10":"taxable","11":"shipping-taxable","12":"purchasable","13":"product-type-simple"},"_links":{"self":[{"href":"https:\/\/www.otiumhome.fi\/index.php\/wp-json\/wp\/v2\/product\/188032","targetHints":{"allow":["GET"]}}],"collection":[{"href":"https:\/\/www.otiumhome.fi\/index.php\/wp-json\/wp\/v2\/product"}],"about":[{"href":"https:\/\/www.otiumhome.fi\/index.php\/wp-json\/wp\/v2\/types\/product"}],"replies":[{"embeddable":true,"href":"https:\/\/www.otiumhome.fi\/index.php\/wp-json\/wp\/v2\/comments?post=188032"}],"wp:featuredmedia":[{"embeddable":true,"href":"https:\/\/www.otiumhome.fi\/index.php\/wp-json\/"}],"wp:attachment":[{"href":"https:\/\/www.otiumhome.fi\/index.php\/wp-json\/wp\/v2\/media?parent=188032"}],"wp:term":[{"taxonomy":"product_brand","embeddable":true,"href":"https:\/\/www.otiumhome.fi\/index.php\/wp-json\/wp\/v2\/product_brand?post=188032"},{"taxonomy":"product_cat","embeddable":true,"href":"https:\/\/www.otiumhome.fi\/index.php\/wp-json\/wp\/v2\/product_cat?post=188032"},{"taxonomy":"product_tag","embeddable":true,"href":"https:\/\/www.otiumhome.fi\/index.php\/wp-json\/wp\/v2\/product_tag?post=188032"}],"curies":[{"name":"wp","href":"https:\/\/api.w.org\/{rel}","templated":true}]}}