{"id":188027,"date":"2025-11-09T14:05:23","date_gmt":"2025-11-09T14:05:23","guid":{"rendered":"https:\/\/www.otiumhome.fi\/?p=188027"},"modified":"2025-12-09T14:58:09","modified_gmt":"2025-12-09T14:58:09","slug":"tv-yksikot-seinakiinnitettava-6-pcs-musta-tammi-tekninen-puu","status":"publish","type":"product","link":"https:\/\/www.otiumhome.fi\/index.php\/tuote\/tv-yksikot-seinakiinnitettava-6-pcs-musta-tammi-tekninen-puu\/","title":{"rendered":"TV-yksik\u00f6t Sein\u00e4kiinnitett\u00e4v\u00e4 6 pcs Musta tammi Tekninen puu"},"content":{"rendered":"<p>T\u00e4m\u00e4 moderni puinen TV-yksikk\u00f6 on t\u00e4ydellinen valinta, jos haluat lis\u00e4t\u00e4 tyyli\u00e4 ja k\u00e4yt\u00e4nn\u00f6llisyytt\u00e4 oleskelutilaan. Sein\u00e4lle kiinnitett\u00e4v\u00e4 rakenne on loistava ratkaisu nykyaikaisille kodeille, joissa halutaan maksimoida lattiatila ilman tyylist\u00e4 tinkimist\u00e4. Sen tyylik\u00e4s suorakaiteen muotoinen design tekee siit\u00e4 hienon osan olkkaria, ja se sopii hyvin erilaisiin sisustustyyleihin ja tarjoaa monia s\u00e4ilytysratkaisuja. Olipa kyseess\u00e4 media-laitteiden s\u00e4ilytys tai koriste-esineiden esille tuominen, t\u00e4m\u00e4 yksikk\u00f6 on todella monipuolinen ja mukautuu tarpeetesi mukaan.<\/p>\n<ul>\n<li><b>Teknisen puun kehykset:<\/b> Yksikk\u00f6 on valmistettu teknisest\u00e4 puusta, joten sen ilme on hieno ja nykyaikainen. Sile\u00e4 pinta ja kest\u00e4vyys tekev\u00e4t siit\u00e4 pitk\u00e4\u00e4n kest\u00e4vi\u00e4, joten laatua riitt\u00e4\u00e4 vuosiksi eteenp\u00e4in.<\/li>\n<li><b>Levyhyllyt mukana:<\/b> Rakenne tarjoaa runsaasti tilaa TV:hen liittyville asioille, kuten kaukos\u00e4\u00e4timille ja HDMI-kaapeleille. Hyllyt ovat joustavat ja tukevat eri materiaaleja, n\u00e4in niiden k\u00e4ytt\u00f6 on todellakin vaivatonta.<\/li>\n<li><b>Sein\u00e4lle asennettava ominaisuus:<\/b> T\u00e4m\u00e4 yksikk\u00f6 on suunniteltu asennettavaksi sein\u00e4lle, mik\u00e4 s\u00e4\u00e4st\u00e4\u00e4 lattiatilaa, ja se on erinomainen valinta kompakteihin koteihin. Sein\u00e4ratkaisu luo ilmavan kokonaisuuden ja helpottaa my\u00f6s siivousta yksik\u00f6n alta.<\/li>\n<li><b>Monitoiminen s\u00e4ilytys:<\/b> Mukana on sek\u00e4 hyllyj\u00e4 ett\u00e4 lokeroita, joilla voit k\u00e4tev\u00e4sti j\u00e4rjest\u00e4\u00e4 olkkarisi t\u00e4rkeimm\u00e4t asiat, oli kyseess\u00e4 sitten koriste-esineet tai viihdej\u00e4rjestelm\u00e4t, jotta kaikki l\u00f6ytyy helposti.<\/li>\n<li><b>Kokoaminen vaaditaan:<\/b> T\u00e4m\u00e4 yksikk\u00f6 tulee koota, ja siihen tarvitaan vain ruuvimeisseli. Selke\u00e4 asennusprosessi mahdollistaa kahden henkil\u00f6n yhteisty\u00f6n, jotta kaikki menee sujuvasti ja lopputulos on kest\u00e4v\u00e4.<\/li>\n<\/ul>\n<ul>\n<li>V\u00e4ri: Musta tammi<\/li>\n<li>Materiaali: Tekninen puu<\/li>\n<li>Yleiset mitat: 60 x 30 x 41 cm (P x L x K)<\/li>\n<li>4 ovien kanssa<\/li>\n<li>4 hyllyill\u00e4<\/li>\n<li>Kokoonpano vaaditaan: Kyll\u00e4<\/li>\n<li>Toimitus-:<\/li>\n<li>2 x Sein\u00e4hyllykaappi<\/li>\n<li>4 x Sein\u00e4hylly<\/li>\n<\/ul>\n","protected":false},"excerpt":{"rendered":"<ul>\n<li>V\u00e4ri: Musta tammi<\/li>\n<li>Materiaali: Tekninen puu<\/li>\n<li>Yleiset mitat: 60 x 30 x 41 cm (P x L x K)<\/li>\n<li>4 ovien kanssa<\/li>\n<li>4 hyllyill\u00e4<\/li>\n<li>Kokoonpano vaaditaan: Kyll\u00e4<\/li>\n<li>Toimitus-:<\/li>\n<li>2 x Sein\u00e4hyllykaappi<\/li>\n<li>4 x Sein\u00e4hylly<\/li>\n<\/ul>\n","protected":false},"featured_media":100000188027,"comment_status":"closed","ping_status":"closed","template":"","meta":[],"product_brand":[],"product_cat":[84],"product_tag":[],"class_list":{"0":"post-188027","1":"product","2":"type-product","3":"status-publish","4":"has-post-thumbnail","6":"product_cat-huonekalut","8":"first","9":"instock","10":"taxable","11":"shipping-taxable","12":"purchasable","13":"product-type-simple"},"_links":{"self":[{"href":"https:\/\/www.otiumhome.fi\/index.php\/wp-json\/wp\/v2\/product\/188027","targetHints":{"allow":["GET"]}}],"collection":[{"href":"https:\/\/www.otiumhome.fi\/index.php\/wp-json\/wp\/v2\/product"}],"about":[{"href":"https:\/\/www.otiumhome.fi\/index.php\/wp-json\/wp\/v2\/types\/product"}],"replies":[{"embeddable":true,"href":"https:\/\/www.otiumhome.fi\/index.php\/wp-json\/wp\/v2\/comments?post=188027"}],"wp:featuredmedia":[{"embeddable":true,"href":"https:\/\/www.otiumhome.fi\/index.php\/wp-json\/"}],"wp:attachment":[{"href":"https:\/\/www.otiumhome.fi\/index.php\/wp-json\/wp\/v2\/media?parent=188027"}],"wp:term":[{"taxonomy":"product_brand","embeddable":true,"href":"https:\/\/www.otiumhome.fi\/index.php\/wp-json\/wp\/v2\/product_brand?post=188027"},{"taxonomy":"product_cat","embeddable":true,"href":"https:\/\/www.otiumhome.fi\/index.php\/wp-json\/wp\/v2\/product_cat?post=188027"},{"taxonomy":"product_tag","embeddable":true,"href":"https:\/\/www.otiumhome.fi\/index.php\/wp-json\/wp\/v2\/product_tag?post=188027"}],"curies":[{"name":"wp","href":"https:\/\/api.w.org\/{rel}","templated":true}]}}