{"id":188022,"date":"2025-11-09T14:05:19","date_gmt":"2025-11-09T14:05:19","guid":{"rendered":"https:\/\/www.otiumhome.fi\/?p=188022"},"modified":"2025-12-14T18:01:34","modified_gmt":"2025-12-14T18:01:34","slug":"tv-seinakappaleet-ledlla-5-pcs-vanha-puu-405-x-30-x-90-cm","status":"publish","type":"product","link":"https:\/\/www.otiumhome.fi\/index.php\/tuote\/tv-seinakappaleet-ledlla-5-pcs-vanha-puu-405-x-30-x-90-cm\/","title":{"rendered":"TV Sein\u00e4kappaleet LED:ll\u00e4 5 pcs Vanha Puu 40,5 x 30 x 90 cm"},"content":{"rendered":"<p>T\u00e4m\u00e4 moderni sein\u00e4lle asennettava televisiosijoitus tekee olohuoneestasi tyylikk\u00e4\u00e4n viihdekeskuksen. Sen sulavalinjainen muotoilu yhdist\u00e4\u00e4 k\u00e4yt\u00e4nn\u00f6llisyyden ja nykyaikaisen ilmeen, ollen joka huoneen katseenvangitsija. T\u00e4m\u00e4 malli on t\u00e4ydellinen, jos haluat maksimoida tilan tinkim\u00e4tt\u00e4 tyylist\u00e4. Se tarjoaa runsaasti s\u00e4ilytystilaa ja mukavaa tunnelmaa LED-valojen ansiosta.<\/p>\n<ul>\n<li><b>Tekninen puumateriaali:<\/b> T\u00e4m\u00e4 televisiokaappi on kest\u00e4v\u00e4 ja tasapintainen, valmistettu teknisest\u00e4 puusta, joka varmistaa pitk\u00e4n k\u00e4ytt\u00f6i\u00e4n v\u00e4h\u00e4ll\u00e4 vaivalla.<\/li>\n<li><b>Hienostunut LED-valaistus:<\/b> Integroitu LED-valaistus luo pehme\u00e4n tunnelmavalon, joka parantaa katselukokemusta ja tekee olohuoneestasi houkuttelevan tilan.<\/li>\n<li><b>Tilava ja toiminnallinen:<\/b> Runsaat hyllyt ja s\u00e4ilytysratkaisu pit\u00e4v\u00e4t mediat ja tavarat j\u00e4rjestyksess\u00e4. J\u00e4rjestelty muotoilu pit\u00e4\u00e4 pinnat siistein\u00e4, t\u00e4ydellinen moderniin tilaan.<\/li>\n<li><b>Sein\u00e4lle asennettava muotoilu:<\/b> T\u00e4m\u00e4 tilaa s\u00e4\u00e4st\u00e4v\u00e4 vaihtoehto vapauttaa arvokasta lattiatilaa, mik\u00e4 tekee olohuoneesta avaran ja siistin.<\/li>\n<li><b>Helppo huolto:<\/b> Pit\u00e4\u00e4 yksikk\u00f6si hyv\u00e4ss\u00e4 kunnossa noudattamalla yksinkertaisia huolto-ohjeita. V\u00e4lt\u00e4 voimakkaita kemikaaleja ja k\u00e4yt\u00e4 valmistajan ohjeita puhdistuksessa.<\/li>\n<\/ul>\n<ul>\n<li>V\u00e4ri: Vanha puu<\/li>\n<li>Materiaali: Tekninen puu<\/li>\n<li>Yleiset mitat: 40,5 x 30 x 90 cm (L x S x K)<\/li>\n<li>6 ovien kanssa<\/li>\n<li>24 hyllyill\u00e4<\/li>\n<li>Enimm\u00e4ispaino: 60 kg<\/li>\n<li>Kokoonpano vaaditaan: Kyll\u00e4<\/li>\n<li>Toimitus-:<\/li>\n<li>5 x TV-sein\u00e4hylly<\/li>\n<\/ul>\n","protected":false},"excerpt":{"rendered":"<ul>\n<li>V\u00e4ri: Vanha puu<\/li>\n<li>Materiaali: Tekninen puu<\/li>\n<li>Yleiset mitat: 40,5 x 30 x 90 cm (L x S x K)<\/li>\n<li>6 ovien kanssa<\/li>\n<li>24 hyllyill\u00e4<\/li>\n<li>Enimm\u00e4ispaino: 60 kg<\/li>\n<li>Kokoonpano vaaditaan: Kyll\u00e4<\/li>\n<li>Toimitus-:<\/li>\n<li>5 x TV-sein\u00e4hylly<\/li>\n<\/ul>\n","protected":false},"featured_media":100000188022,"comment_status":"closed","ping_status":"closed","template":"","meta":[],"product_brand":[],"product_cat":[84],"product_tag":[],"class_list":{"0":"post-188022","1":"product","2":"type-product","3":"status-publish","4":"has-post-thumbnail","6":"product_cat-huonekalut","8":"first","9":"instock","10":"taxable","11":"shipping-taxable","12":"purchasable","13":"product-type-simple"},"_links":{"self":[{"href":"https:\/\/www.otiumhome.fi\/index.php\/wp-json\/wp\/v2\/product\/188022","targetHints":{"allow":["GET"]}}],"collection":[{"href":"https:\/\/www.otiumhome.fi\/index.php\/wp-json\/wp\/v2\/product"}],"about":[{"href":"https:\/\/www.otiumhome.fi\/index.php\/wp-json\/wp\/v2\/types\/product"}],"replies":[{"embeddable":true,"href":"https:\/\/www.otiumhome.fi\/index.php\/wp-json\/wp\/v2\/comments?post=188022"}],"wp:featuredmedia":[{"embeddable":true,"href":"https:\/\/www.otiumhome.fi\/index.php\/wp-json\/"}],"wp:attachment":[{"href":"https:\/\/www.otiumhome.fi\/index.php\/wp-json\/wp\/v2\/media?parent=188022"}],"wp:term":[{"taxonomy":"product_brand","embeddable":true,"href":"https:\/\/www.otiumhome.fi\/index.php\/wp-json\/wp\/v2\/product_brand?post=188022"},{"taxonomy":"product_cat","embeddable":true,"href":"https:\/\/www.otiumhome.fi\/index.php\/wp-json\/wp\/v2\/product_cat?post=188022"},{"taxonomy":"product_tag","embeddable":true,"href":"https:\/\/www.otiumhome.fi\/index.php\/wp-json\/wp\/v2\/product_tag?post=188022"}],"curies":[{"name":"wp","href":"https:\/\/api.w.org\/{rel}","templated":true}]}}