{"id":188018,"date":"2025-11-09T14:05:15","date_gmt":"2025-11-09T14:05:15","guid":{"rendered":"https:\/\/www.otiumhome.fi\/?p=188018"},"modified":"2025-12-23T22:07:53","modified_gmt":"2025-12-23T22:07:53","slug":"tv-seinakkeet-4-pcs-vanha-puu-tekninen-puu","status":"publish","type":"product","link":"https:\/\/www.otiumhome.fi\/index.php\/tuote\/tv-seinakkeet-4-pcs-vanha-puu-tekninen-puu\/","title":{"rendered":"TV-sein\u00e4kkeet 4 pcs Vanha Puu Tekninen puu"},"content":{"rendered":"<p>T\u00e4m\u00e4 moderni TV-sein\u00e4ke yhdist\u00e4\u00e4 k\u00e4yt\u00e4nn\u00f6llisyyden ja minimalistisen tyylin, ollen t\u00e4ydellinen nykyaikaisiin olohuoneisiin. Sein\u00e4\u00e4n asennettu muotoilu on ihanteellinen viihdej\u00e4rjestelmille, ja se s\u00e4\u00e4st\u00e4\u00e4 arvokasta lattiatilaa. Puhtaat linjat ja matta pinta lis\u00e4\u00e4v\u00e4t huoneen hienostuneisuutta, tehden siit\u00e4 loistavan valinnan niille, jotka haluavat siistin ja tyylikk\u00e4\u00e4n ymp\u00e4rist\u00f6n. Se ei ainoastaan maksimoi tilan, vaan tarjoaa my\u00f6s runsaasti s\u00e4ilytysratkaisuja, jotka mukautuvat eri asetteluihin ja mieltymyksiin.<\/p>\n<ul>\n<li><b>Materiaalit:<\/b> Korkealaatuisesta teknisest\u00e4 puusta valmistettu yksikk\u00f6 takaa kest\u00e4vyyden ja pitk\u00e4ik\u00e4isyyden. Sulavasti moderni viimeistely on sek\u00e4 kaunis ett\u00e4 k\u00e4yt\u00e4nn\u00f6llinen, mik\u00e4 tekee siit\u00e4 erinomaisen lis\u00e4n mihin tahansa kodin sisustukseen.<\/li>\n<li><b>Mukana tulevat osat:<\/b> Sarja ovia, hyllyj\u00e4 ja kehyksi\u00e4, kaikki teknisest\u00e4 puusta, varmistavat yhten\u00e4isen suunnittelun ja toiminnallisuuden. Saranolliset ovet antavat helpon p\u00e4\u00e4syn sis\u00e4lle, pit\u00e4en tavarat n\u00e4kym\u00e4tt\u00f6m\u00e4n\u00e4 ja j\u00e4rjestyksess\u00e4.<\/li>\n<li><b>Ominaisuudet \/Toiminto \/Suunnittelu:<\/b> Sein\u00e4\u00e4n kiinnitett\u00e4v\u00e4 muotoilu s\u00e4\u00e4st\u00e4\u00e4 tilaa, samalla kun sen runsaasti s\u00e4ilytystilaa sopii moneen eli elektroniikasta DVD-levyihin. T\u00e4m\u00e4 ainutlaatuinen muotoilu t\u00e4ydent\u00e4\u00e4 modernia sisustusta, tuoden k\u00e4yt\u00e4nn\u00f6llisyytt\u00e4 ja tyyli\u00e4.<\/li>\n<li><b>Suositellut k\u00e4ytt\u00f6tarkoitukset:<\/b> T\u00e4ydellinen olohuoneisiin tai viihdealueille, sopii pelikonsoleille, televisioille ja koriste-esineille. Moderni tyyli sulautuu erilaisiin sisustuksiin, tehden t\u00e4st\u00e4 monik\u00e4ytt\u00f6isen huonekalun.<\/li>\n<li><b>Hoito ja yll\u00e4pito:<\/b> Noudata valmistajan kokoamisohjeita, ja v\u00e4lt\u00e4 voimakkaita kemikaaleja puhdistuksessa, jotta se pysyy hyv\u00e4ss\u00e4 kunnossa. S\u00e4\u00e4nn\u00f6llinen p\u00f6lynpoisto kuivan liinan avulla parantaa sen pitk\u00e4ik\u00e4isyytt\u00e4 ja esteettist\u00e4 vetovoimaa.<\/li>\n<\/ul>\n<ul>\n<li>V\u00e4ri: Vanha puu<\/li>\n<li>Materiaali: Tekninen puu<\/li>\n<li>Yleiset mitat: 40,5 x 30 x 102 cm (L x S x K)<\/li>\n<li>Mukana 4 saranoidut ovet<\/li>\n<li>Mukana 12 levyhyllyt<\/li>\n<li>Enimm\u00e4ispaino: 60 kg<\/li>\n<li>Kokoonpano vaaditaan: Kyll\u00e4<\/li>\n<li>Toimitus-:<\/li>\n<li>1 x Sein\u00e4kaappi: 40.5 x 30 x 40 cm (L x S x K)<\/li>\n<li>1 x Sein\u00e4kaappi: 40.5 x 30 x 102 cm (L x S x K)<\/li>\n<li>2 x Sein\u00e4kaappi: 60 x 30 x 30 cm (L x S x K)<\/li>\n<\/ul>\n","protected":false},"excerpt":{"rendered":"<ul>\n<li>V\u00e4ri: Vanha puu<\/li>\n<li>Materiaali: Tekninen puu<\/li>\n<li>Yleiset mitat: 40,5 x 30 x 102 cm (L x S x K)<\/li>\n<li>Mukana 4 saranoidut ovet<\/li>\n<li>Mukana 12 levyhyllyt<\/li>\n<li>Enimm\u00e4ispaino: 60 kg<\/li>\n<li>Kokoonpano vaaditaan: Kyll\u00e4<\/li>\n<li>Toimitus-:<\/li>\n<li>1 x Sein\u00e4kaappi: 40.5 x 30 x 40 cm (L x S x K)<\/li>\n<li>1 x Sein\u00e4kaappi: 40.5 x 30 x 102 cm (L x S x K)<\/li>\n<li>2 x Sein\u00e4kaappi: 60 x 30 x 30 cm (L x S x K)<\/li>\n<\/ul>\n","protected":false},"featured_media":100000188018,"comment_status":"closed","ping_status":"closed","template":"","meta":[],"product_brand":[],"product_cat":[84],"product_tag":[],"class_list":{"0":"post-188018","1":"product","2":"type-product","3":"status-publish","4":"has-post-thumbnail","6":"product_cat-huonekalut","8":"first","9":"instock","10":"taxable","11":"shipping-taxable","12":"purchasable","13":"product-type-simple"},"_links":{"self":[{"href":"https:\/\/www.otiumhome.fi\/index.php\/wp-json\/wp\/v2\/product\/188018","targetHints":{"allow":["GET"]}}],"collection":[{"href":"https:\/\/www.otiumhome.fi\/index.php\/wp-json\/wp\/v2\/product"}],"about":[{"href":"https:\/\/www.otiumhome.fi\/index.php\/wp-json\/wp\/v2\/types\/product"}],"replies":[{"embeddable":true,"href":"https:\/\/www.otiumhome.fi\/index.php\/wp-json\/wp\/v2\/comments?post=188018"}],"wp:featuredmedia":[{"embeddable":true,"href":"https:\/\/www.otiumhome.fi\/index.php\/wp-json\/"}],"wp:attachment":[{"href":"https:\/\/www.otiumhome.fi\/index.php\/wp-json\/wp\/v2\/media?parent=188018"}],"wp:term":[{"taxonomy":"product_brand","embeddable":true,"href":"https:\/\/www.otiumhome.fi\/index.php\/wp-json\/wp\/v2\/product_brand?post=188018"},{"taxonomy":"product_cat","embeddable":true,"href":"https:\/\/www.otiumhome.fi\/index.php\/wp-json\/wp\/v2\/product_cat?post=188018"},{"taxonomy":"product_tag","embeddable":true,"href":"https:\/\/www.otiumhome.fi\/index.php\/wp-json\/wp\/v2\/product_tag?post=188018"}],"curies":[{"name":"wp","href":"https:\/\/api.w.org\/{rel}","templated":true}]}}