{"id":188017,"date":"2025-11-09T14:05:14","date_gmt":"2025-11-09T14:05:14","guid":{"rendered":"https:\/\/www.otiumhome.fi\/?p=188017"},"modified":"2025-12-23T22:07:53","modified_gmt":"2025-12-23T22:07:53","slug":"tv-seinayksikko-5-pcs-musta-tammi-tekninen-puu","status":"publish","type":"product","link":"https:\/\/www.otiumhome.fi\/index.php\/tuote\/tv-seinayksikko-5-pcs-musta-tammi-tekninen-puu\/","title":{"rendered":"TV-sein\u00e4yksikk\u00f6 5 pcs Musta tammi Tekninen puu"},"content":{"rendered":"<p>T\u00e4m\u00e4 moderni TV-sein\u00e4kaappi tuo olohuoneeseesi tyylikk\u00e4\u00e4n ja toiminnallisen twistin. Suunniteltu sis\u00e4tiloihin, sen siisti muotoilu ja puhtaat linjat luovat virtaviivaisen ilmeen, samalla kun se tarjoaa runsaasti s\u00e4ilytystilaa. T\u00e4ydellinen niille, jotka arvostavat kauniita ja k\u00e4yt\u00e4nn\u00f6llisi\u00e4 asioita, t\u00e4m\u00e4 yksikk\u00f6 yhdistelee helposti muihin nykyaikaisiin kalusteisiin, luoden tyylikk\u00e4\u00e4n ja hienostuneen kokonaisuuden.<\/p>\n<ul>\n<li><b>Teknisen puun rakenne<\/b> takaa pitk\u00e4\u00e4n kest\u00e4v\u00e4n, kest\u00e4\u00e4 p\u00e4ivitt\u00e4ist\u00e4 k\u00e4ytt\u00f6\u00e4. T\u00e4m\u00e4 kest\u00e4v\u00e4 materiaali valitaan sen voiman ja sile\u00e4n pinnan ansiosta, mik\u00e4 lis\u00e4\u00e4 vakautta ja modernia ilmett\u00e4, tehden siit\u00e4 t\u00e4ydellisen valinnan arjessa.<\/li>\n<li><b>Saranoidut ovikaapit<\/b> tarjoavat helppoa p\u00e4\u00e4sy\u00e4 s\u00e4ilytykseen. Useat osastot varmistavat, ett\u00e4 kaikki viihteesi on hyvin j\u00e4rjestetty, tehden k\u00e4yt\u00f6st\u00e4 sujuvampaa. K\u00e4yt\u00f6n helppous ja harkittu suunnittelu parantavat k\u00e4ytett\u00e4vyytt\u00e4.<\/li>\n<li><b>Monipuoliset asennusmahdollisuudet<\/b> tulee kiinnitystarvikkeiden mukana. Sein\u00e4lle kiinnitett\u00e4v\u00e4 rakenne on loistava tilan s\u00e4\u00e4st\u00e4miseksi ja avartaa pienempien huoneiden tunnelmaa tinkim\u00e4tt\u00e4 s\u00e4ilytyskyvyst\u00e4.<\/li>\n<li><b>Optimaalinen k\u00e4ytt\u00f6<\/b> olohuoneeseen, se on suunniteltu erityisesti pelikonsoleiden, mediav\u00e4lineiden ja muiden laitteiden s\u00e4ilytt\u00e4miseen. Kaappien j\u00e4rjestely tarjoaa sek\u00e4 tyyli\u00e4 ett\u00e4 mukavuutta, parantaen tilan k\u00e4yt\u00e4nn\u00f6n toimivuutta.<\/li>\n<li><b>Kokoaminen<\/b> vaatii kaksi henkil\u00f6\u00e4 ruuvimeisselin avulla, mik\u00e4 auttaa varmistamaan sen rakenteen kest\u00e4vyyden. Selke\u00e4t ohjeet tekev\u00e4t kokoamisesta helppoa, jotta jokainen osa voidaan turvallisesti liitt\u00e4\u00e4 ja se on heti k\u00e4ytt\u00f6valmis.<\/li>\n<\/ul>\n<ul>\n<li>V\u00e4ri: Musta tammi<\/li>\n<li>Materiaali: Tekninen puu<\/li>\n<li>Yleiset mitat: 40,5 x 30 x 102 cm (P x L x K)<\/li>\n<li>Mukana 8 saranoidut ovet<\/li>\n<li>Enimm\u00e4ispaino: 50 kg<\/li>\n<li>Kokoonpano vaaditaan: Kyll\u00e4<\/li>\n<li>Toimitus-:<\/li>\n<li>2 x TV-sein\u00e4kaappi: 40.5 x 30 x 102 cm (P x L x K)<\/li>\n<li>1 x TV-sein\u00e4kaappi: 60 x 30 x 41 cm (P x L x K)<\/li>\n<li>2 x TV-sein\u00e4kaappi: 100 x 30 x 41 cm (P x L x K)<\/li>\n<\/ul>\n","protected":false},"excerpt":{"rendered":"<ul>\n<li>V\u00e4ri: Musta tammi<\/li>\n<li>Materiaali: Tekninen puu<\/li>\n<li>Yleiset mitat: 40,5 x 30 x 102 cm (P x L x K)<\/li>\n<li>Mukana 8 saranoidut ovet<\/li>\n<li>Enimm\u00e4ispaino: 50 kg<\/li>\n<li>Kokoonpano vaaditaan: Kyll\u00e4<\/li>\n<li>Toimitus-:<\/li>\n<li>2 x TV-sein\u00e4kaappi: 40.5 x 30 x 102 cm (P x L x K)<\/li>\n<li>1 x TV-sein\u00e4kaappi: 60 x 30 x 41 cm (P x L x K)<\/li>\n<li>2 x TV-sein\u00e4kaappi: 100 x 30 x 41 cm (P x L x K)<\/li>\n<\/ul>\n","protected":false},"featured_media":100000188017,"comment_status":"closed","ping_status":"closed","template":"","meta":[],"product_brand":[],"product_cat":[84],"product_tag":[],"class_list":{"0":"post-188017","1":"product","2":"type-product","3":"status-publish","4":"has-post-thumbnail","6":"product_cat-huonekalut","8":"first","9":"instock","10":"taxable","11":"shipping-taxable","12":"purchasable","13":"product-type-simple"},"_links":{"self":[{"href":"https:\/\/www.otiumhome.fi\/index.php\/wp-json\/wp\/v2\/product\/188017","targetHints":{"allow":["GET"]}}],"collection":[{"href":"https:\/\/www.otiumhome.fi\/index.php\/wp-json\/wp\/v2\/product"}],"about":[{"href":"https:\/\/www.otiumhome.fi\/index.php\/wp-json\/wp\/v2\/types\/product"}],"replies":[{"embeddable":true,"href":"https:\/\/www.otiumhome.fi\/index.php\/wp-json\/wp\/v2\/comments?post=188017"}],"wp:featuredmedia":[{"embeddable":true,"href":"https:\/\/www.otiumhome.fi\/index.php\/wp-json\/"}],"wp:attachment":[{"href":"https:\/\/www.otiumhome.fi\/index.php\/wp-json\/wp\/v2\/media?parent=188017"}],"wp:term":[{"taxonomy":"product_brand","embeddable":true,"href":"https:\/\/www.otiumhome.fi\/index.php\/wp-json\/wp\/v2\/product_brand?post=188017"},{"taxonomy":"product_cat","embeddable":true,"href":"https:\/\/www.otiumhome.fi\/index.php\/wp-json\/wp\/v2\/product_cat?post=188017"},{"taxonomy":"product_tag","embeddable":true,"href":"https:\/\/www.otiumhome.fi\/index.php\/wp-json\/wp\/v2\/product_tag?post=188017"}],"curies":[{"name":"wp","href":"https:\/\/api.w.org\/{rel}","templated":true}]}}