{"id":188006,"date":"2025-11-09T14:00:35","date_gmt":"2025-11-09T14:00:35","guid":{"rendered":"https:\/\/www.otiumhome.fi\/?p=188006"},"modified":"2025-11-10T02:11:35","modified_gmt":"2025-11-10T02:11:35","slug":"tv-kulmataso-valkoinen-93x49x49-cm-taysi-manty-panama-sarja","status":"publish","type":"product","link":"https:\/\/www.otiumhome.fi\/index.php\/tuote\/tv-kulmataso-valkoinen-93x49x49-cm-taysi-manty-panama-sarja\/","title":{"rendered":"TV-kulmataso valkoinen 93x49x49 cm t\u00e4ysi m\u00e4nty Panama-sarja"},"content":{"rendered":"<p>Tuo hieman eleganssia ja k\u00e4tevyytt\u00e4 sisustukseesi t\u00e4ll\u00e4 t\u00e4ydest\u00e4 m\u00e4nnyst\u00e4 valmistetulla TV-tasolla!<\/p>\n<\/p>\n<p>T\u00e4ydest\u00e4 m\u00e4nnyst\u00e4 valmistettu kulmataso on kest\u00e4v\u00e4 ja vankkatekoinen. Voit asettaa sen vankalle t\u00e4yspuiselle p\u00f6yt\u00e4levylle television, reitittimen, multimedialaitteet tai koriste-esineit\u00e4 kuten valokuvakehykset, hedelm\u00e4korit tai maljakot. TV-tasossa on lis\u00e4ksi 2 laatikkoa ja 1 avoin lokero, joten se tarjoaa runsaasti tilaa erilaisille pienesineille. Se on helppo pyyhki\u00e4 puhtaaksi kuivalla liinalla. Kaappi on helppo koota.<\/p>\n<ul>\n<li>V\u00e4ri: valkoinen ja luonnollinen puun v\u00e4ri<\/li>\n<li>Materiaali: t\u00e4ysi m\u00e4nty<\/li>\n<li>Mitat: 93 x 49 x 49 cm (L x S x K)<\/li>\n<li>2 laatikkoa ja avoin hylly<\/li>\n<li>Helppo pyyhki\u00e4 puhtaaksi<\/li>\n<\/ul>\n","protected":false},"excerpt":{"rendered":"<ul>\n<li>V\u00e4ri: valkoinen ja luonnollinen puun v\u00e4ri<\/li>\n<li>Materiaali: t\u00e4ysi m\u00e4nty<\/li>\n<li>Mitat: 93 x 49 x 49 cm (L x S x K)<\/li>\n<li>2 laatikkoa ja avoin hylly<\/li>\n<li>Helppo pyyhki\u00e4 puhtaaksi<\/li>\n<\/ul>\n","protected":false},"featured_media":100000188006,"comment_status":"closed","ping_status":"closed","template":"","meta":[],"product_brand":[],"product_cat":[84],"product_tag":[],"class_list":{"0":"post-188006","1":"product","2":"type-product","3":"status-publish","4":"has-post-thumbnail","6":"product_cat-huonekalut","8":"first","9":"instock","10":"taxable","11":"shipping-taxable","12":"purchasable","13":"product-type-simple"},"_links":{"self":[{"href":"https:\/\/www.otiumhome.fi\/index.php\/wp-json\/wp\/v2\/product\/188006","targetHints":{"allow":["GET"]}}],"collection":[{"href":"https:\/\/www.otiumhome.fi\/index.php\/wp-json\/wp\/v2\/product"}],"about":[{"href":"https:\/\/www.otiumhome.fi\/index.php\/wp-json\/wp\/v2\/types\/product"}],"replies":[{"embeddable":true,"href":"https:\/\/www.otiumhome.fi\/index.php\/wp-json\/wp\/v2\/comments?post=188006"}],"wp:featuredmedia":[{"embeddable":true,"href":"https:\/\/www.otiumhome.fi\/index.php\/wp-json\/"}],"wp:attachment":[{"href":"https:\/\/www.otiumhome.fi\/index.php\/wp-json\/wp\/v2\/media?parent=188006"}],"wp:term":[{"taxonomy":"product_brand","embeddable":true,"href":"https:\/\/www.otiumhome.fi\/index.php\/wp-json\/wp\/v2\/product_brand?post=188006"},{"taxonomy":"product_cat","embeddable":true,"href":"https:\/\/www.otiumhome.fi\/index.php\/wp-json\/wp\/v2\/product_cat?post=188006"},{"taxonomy":"product_tag","embeddable":true,"href":"https:\/\/www.otiumhome.fi\/index.php\/wp-json\/wp\/v2\/product_tag?post=188006"}],"curies":[{"name":"wp","href":"https:\/\/api.w.org\/{rel}","templated":true}]}}