{"id":187999,"date":"2025-11-09T13:52:39","date_gmt":"2025-11-09T13:52:39","guid":{"rendered":"https:\/\/www.otiumhome.fi\/?p=187999"},"modified":"2025-12-23T21:54:35","modified_gmt":"2025-12-23T21:54:35","slug":"yksityisyysnaytto-hunajaruskea-160-x-180-cm-massiivinen-manty","status":"publish","type":"product","link":"https:\/\/www.otiumhome.fi\/index.php\/tuote\/yksityisyysnaytto-hunajaruskea-160-x-180-cm-massiivinen-manty\/","title":{"rendered":"Yksityisyysn\u00e4ytt\u00f6 Hunajaruskea 160 x 180 cm Massiivinen m\u00e4nty"},"content":{"rendered":"<p>T\u00e4m\u00e4 yksityisyysn\u00e4ytt\u00f6 yhdist\u00e4\u00e4 tyylin ja k\u00e4yt\u00e4nn\u00f6llisyyden, se on moderni elementti, joka parantaa sek\u00e4 sis\u00e4- ett\u00e4 ulkotiloja. Valmistettu t\u00e4ysist\u00e4 m\u00e4ntypuista, t\u00e4m\u00e4 n\u00e4ytt\u00f6 on luotettava valinta henkil\u00f6kohtaisen tilan luomiseen olohuoneeseesi tai puutarhaasi. Sen hunajapuiset s\u00e4vyt sopivat mihin tahansa sisustukseen, tuoden eleganssia ja l\u00e4mp\u00f6\u00e4 tiloihisi.<\/p>\n<ul>\n<li><b>T\u00e4ysi m\u00e4nty<\/b> N\u00e4ytt\u00f6 on tehty kest\u00e4v\u00e4st\u00e4 t\u00e4ysm\u00e4ntypuusta, joka takaa vahvuuden ja pitk\u00e4ik\u00e4isyyden. T\u00e4m\u00e4 materiaali kest\u00e4\u00e4 eri olosuhteita, joten se soveltuu sek\u00e4 sis\u00e4- ett\u00e4 ulkok\u00e4ytt\u00f6\u00f6n. Sen luonnollinen vieh\u00e4tys tuo tilasi esteettist\u00e4 arvoa.<\/li>\n<li><b>S\u00e4\u00e4t\u00f6mahdollisuus<\/b> Koska n\u00e4ytt\u00f6 on taitettava, se on helppo kuljettaa ja s\u00e4ilytt\u00e4\u00e4 kompaktisti. T\u00e4m\u00e4 n\u00e4pp\u00e4r\u00e4 ominaisuus tekee tuotteesta sopivan erilaisiin ymp\u00e4rist\u00f6ihin, mahdollistaen vaivattoman siirron.<\/li>\n<li><b>Kaksinkertainen sis\u00e4- ja ulkok\u00e4ytt\u00f6<\/b> Suunniteltu t\u00e4ytt\u00e4m\u00e4\u00e4n sek\u00e4 sis\u00e4- ett\u00e4 ulkok\u00e4yt\u00f6n tarpeet, t\u00e4m\u00e4 n\u00e4ytt\u00f6 voi muuntua olohuoneen jakajasta ulkoiseen yksityisyysratkaisuun. Sen joustavuus tarkoittaa enemm\u00e4n k\u00e4ytt\u00f6mahdollisuuksia pit\u00e4en ulkon\u00e4\u00f6n tyylikk\u00e4\u00e4n\u00e4.<\/li>\n<li><b>Huolto-ohjeet<\/b> Tuotteen esteettisyyden yll\u00e4pit\u00e4minen on helppoa; pyyhi se vain kostealla liinalla, niin sen luonnollinen kauneus s\u00e4ilyy. T\u00e4m\u00e4n helpon huollon ansiosta tuote on olennainen osa sisustustasi vuosien ajan.<\/li>\n<li><b>Kokoaminen<\/b> Kokoaminen vaatii kaksi henkil\u00f6\u00e4 ja ruuvimeisselin, mik\u00e4 osoittaa, ett\u00e4 ajatus on ollut asennuksen helppoudessa. Sen helppo kokoamisprosessi takaa vakauden k\u00e4yt\u00f6ss\u00e4 ja osoittaa modernin tyylin ominaisuuksia.<\/li>\n<\/ul>\n<ul>\n<li>V\u00e4ri: Hunajaruskea<\/li>\n<li>Materiaali: Massiivinen m\u00e4nty<\/li>\n<li>Yleiset mitat: 160 x 180 cm (P x L)<\/li>\n<li>Kokoontaittuva<\/li>\n<li>K\u00e4ytt\u00f6\u00f6n sis\u00e4ll\u00e4 ja ulkona<\/li>\n<li>Toimitus-:<\/li>\n<li>1 x 4-paneelinen yksityisyysn\u00e4ytt\u00f6<\/li>\n<li>Kokoonpano vaaditaan: Kyll\u00e4<\/li>\n<\/ul>\n","protected":false},"excerpt":{"rendered":"<ul>\n<li>V\u00e4ri: Hunajaruskea<\/li>\n<li>Materiaali: Massiivinen m\u00e4nty<\/li>\n<li>Yleiset mitat: 160 x 180 cm (P x L)<\/li>\n<li>Kokoontaittuva<\/li>\n<li>K\u00e4ytt\u00f6\u00f6n sis\u00e4ll\u00e4 ja ulkona<\/li>\n<li>Toimitus-:<\/li>\n<li>1 x 4-paneelinen yksityisyysn\u00e4ytt\u00f6<\/li>\n<li>Kokoonpano vaaditaan: Kyll\u00e4<\/li>\n<\/ul>\n","protected":false},"featured_media":100000187999,"comment_status":"closed","ping_status":"closed","template":"","meta":[],"product_brand":[],"product_cat":[84],"product_tag":[],"class_list":{"0":"post-187999","1":"product","2":"type-product","3":"status-publish","4":"has-post-thumbnail","6":"product_cat-huonekalut","8":"first","9":"instock","10":"taxable","11":"shipping-taxable","12":"purchasable","13":"product-type-simple"},"_links":{"self":[{"href":"https:\/\/www.otiumhome.fi\/index.php\/wp-json\/wp\/v2\/product\/187999","targetHints":{"allow":["GET"]}}],"collection":[{"href":"https:\/\/www.otiumhome.fi\/index.php\/wp-json\/wp\/v2\/product"}],"about":[{"href":"https:\/\/www.otiumhome.fi\/index.php\/wp-json\/wp\/v2\/types\/product"}],"replies":[{"embeddable":true,"href":"https:\/\/www.otiumhome.fi\/index.php\/wp-json\/wp\/v2\/comments?post=187999"}],"wp:featuredmedia":[{"embeddable":true,"href":"https:\/\/www.otiumhome.fi\/index.php\/wp-json\/"}],"wp:attachment":[{"href":"https:\/\/www.otiumhome.fi\/index.php\/wp-json\/wp\/v2\/media?parent=187999"}],"wp:term":[{"taxonomy":"product_brand","embeddable":true,"href":"https:\/\/www.otiumhome.fi\/index.php\/wp-json\/wp\/v2\/product_brand?post=187999"},{"taxonomy":"product_cat","embeddable":true,"href":"https:\/\/www.otiumhome.fi\/index.php\/wp-json\/wp\/v2\/product_cat?post=187999"},{"taxonomy":"product_tag","embeddable":true,"href":"https:\/\/www.otiumhome.fi\/index.php\/wp-json\/wp\/v2\/product_tag?post=187999"}],"curies":[{"name":"wp","href":"https:\/\/api.w.org\/{rel}","templated":true}]}}