{"id":186325,"date":"2025-11-09T04:53:54","date_gmt":"2025-11-09T04:53:54","guid":{"rendered":"https:\/\/www.otiumhome.fi\/?p=186325"},"modified":"2025-12-09T07:43:35","modified_gmt":"2025-12-09T07:43:35","slug":"makuuhuoneen-meikkipoydat-artisan-tammi-80-x-396-x-135-cm","status":"publish","type":"product","link":"https:\/\/www.otiumhome.fi\/index.php\/tuote\/makuuhuoneen-meikkipoydat-artisan-tammi-80-x-396-x-135-cm\/","title":{"rendered":"Makuuhuoneen meikkip\u00f6yd\u00e4t Artisan tammi 80 x 39,6 x 135 cm"},"content":{"rendered":"<p>Morden makuuhuoneen meikkip\u00f6yt\u00e4 tuo raikkaan n\u00e4k\u00f6kulman k\u00e4yt\u00e4nn\u00f6lliseen eleganssiin. Modernit yksityiskohdat luovat t\u00e4ydellisen yhdistelm\u00e4n tyyli\u00e4 ja k\u00e4yt\u00e4nn\u00f6llisyytt\u00e4, sopien l\u00e4hes mihin tahansa nykyaikaiseen makuuhuoneen sisustukseen. Sen puhdas siluetti, sile\u00e4 pinta ja tilaa s\u00e4\u00e4st\u00e4v\u00e4 suorakaiteen muotoinen profiili tekev\u00e4t siit\u00e4 visuaalisesti houkuttelevan ja k\u00e4ytt\u00e4j\u00e4yst\u00e4v\u00e4llisen. T\u00e4m\u00e4 meikkip\u00f6yt\u00e4 parantaa huoneesi tunnelmaa samalla kun tarjoaa arvokasta s\u00e4ilytystilaa.<\/p>\n<ul>\n<li><b>Tekninen puurakenne<\/b> Laadukkaasta teknisest\u00e4 puusta valmistettu meikkip\u00f6yt\u00e4 on kest\u00e4v\u00e4 ja vahva. Tekninen puu takaa tukevuuden kulutusta vastaan, ja se n\u00e4ytt\u00e4\u00e4 tyylikk\u00e4\u00e4lt\u00e4.<\/li>\n<li><b>Levyhyllyt ja kuulalaakerilaatikot<\/b> Levyhyllyt ovat kest\u00e4vi\u00e4 ja monipuolisia, kun taas kuulalaakerikaulus parantaa k\u00e4ytt\u00f6\u00e4.<\/li>\n<li><b>Yksinkertainen muoto ja tyyli<\/b> Suorakaiteen muoto ja moderni tyyli sulautuvat hyvin minimalistisiin sisustuksiin. Yksinkertaisena ja kauniina se on t\u00e4ydellinen nykyaikaisiin huoneisiin.<\/li>\n<li><b>Toiminnallinen muotoilu<\/b> Enemm\u00e4n kuin vain n\u00e4yttelyesine, se maksimoi k\u00e4yt\u00f6n ja tekee arvokkaasta tilasta toimivan. Se on t\u00e4ydellinen kosmetiikalle, koruille tai jokap\u00e4iv\u00e4isille tavaroille.<\/li>\n<li><b>Huolto ja kokoaminen<\/b> Kootaan kahden henkil\u00f6n toimesta ruuvimeisselin ja poran avulla. S\u00e4\u00e4nn\u00f6llinen huolto on helppoa \u2013 vain pyyhi pinta kuivalla liinalla.<\/li>\n<\/ul>\n<ul>\n<li>V\u00e4ri: Artisan tammi<\/li>\n<li>Materiaali: Tekninen puu<\/li>\n<li>Yleiset mitat: 60 x 39,5 x 135 cm (P x L x K)<\/li>\n<li>Paino: 20,45 kg<\/li>\n<li>Kest\u00e4v\u00e4<\/li>\n<li>Runsaasti s\u00e4ilytystilaa<\/li>\n<li>Laatikot<\/li>\n<li>Laatikolla<\/li>\n<li>Tasainen peili<\/li>\n<li>2 hyllyill\u00e4<\/li>\n<li>Kehysmateriaali: Tekninen puu<\/li>\n<li>Sis\u00e4- \/ ulkotiloissa: Vain sis\u00e4k\u00e4ytt\u00f6\u00f6n<\/li>\n<li>Toimitus-:<\/li>\n<li>1 x Makuuhuoneen meikkausp\u00f6yti\u00e4<\/li>\n<li>Kokoonpano vaaditaan: Kyll\u00e4<\/li>\n<\/ul>\n","protected":false},"excerpt":{"rendered":"<ul>\n<li>V\u00e4ri: Artisan tammi<\/li>\n<li>Materiaali: Tekninen puu<\/li>\n<li>Yleiset mitat: 60 x 39,5 x 135 cm (P x L x K)<\/li>\n<li>Paino: 20,45 kg<\/li>\n<li>Kest\u00e4v\u00e4<\/li>\n<li>Runsaasti s\u00e4ilytystilaa<\/li>\n<li>Laatikot<\/li>\n<li>Laatikolla<\/li>\n<li>Tasainen peili<\/li>\n<li>2 hyllyill\u00e4<\/li>\n<li>Kehysmateriaali: Tekninen puu<\/li>\n<li>Sis\u00e4- \/ ulkotiloissa: Vain sis\u00e4k\u00e4ytt\u00f6\u00f6n<\/li>\n<li>Toimitus-:<\/li>\n<li>1 x Makuuhuoneen meikkausp\u00f6yti\u00e4<\/li>\n<li>Kokoonpano vaaditaan: Kyll\u00e4<\/li>\n<\/ul>\n","protected":false},"featured_media":100000186325,"comment_status":"closed","ping_status":"closed","template":"","meta":[],"product_brand":[],"product_cat":[84,8561,8566],"product_tag":[],"class_list":{"0":"post-186325","1":"product","2":"type-product","3":"status-publish","4":"has-post-thumbnail","6":"product_cat-huonekalut","7":"product_cat-kampauspoydat","8":"product_cat-makuuhuoneen-kampauspoydat","10":"first","11":"instock","12":"taxable","13":"shipping-taxable","14":"purchasable","15":"product-type-simple"},"_links":{"self":[{"href":"https:\/\/www.otiumhome.fi\/index.php\/wp-json\/wp\/v2\/product\/186325","targetHints":{"allow":["GET"]}}],"collection":[{"href":"https:\/\/www.otiumhome.fi\/index.php\/wp-json\/wp\/v2\/product"}],"about":[{"href":"https:\/\/www.otiumhome.fi\/index.php\/wp-json\/wp\/v2\/types\/product"}],"replies":[{"embeddable":true,"href":"https:\/\/www.otiumhome.fi\/index.php\/wp-json\/wp\/v2\/comments?post=186325"}],"wp:featuredmedia":[{"embeddable":true,"href":"https:\/\/www.otiumhome.fi\/index.php\/wp-json\/"}],"wp:attachment":[{"href":"https:\/\/www.otiumhome.fi\/index.php\/wp-json\/wp\/v2\/media?parent=186325"}],"wp:term":[{"taxonomy":"product_brand","embeddable":true,"href":"https:\/\/www.otiumhome.fi\/index.php\/wp-json\/wp\/v2\/product_brand?post=186325"},{"taxonomy":"product_cat","embeddable":true,"href":"https:\/\/www.otiumhome.fi\/index.php\/wp-json\/wp\/v2\/product_cat?post=186325"},{"taxonomy":"product_tag","embeddable":true,"href":"https:\/\/www.otiumhome.fi\/index.php\/wp-json\/wp\/v2\/product_tag?post=186325"}],"curies":[{"name":"wp","href":"https:\/\/api.w.org\/{rel}","templated":true}]}}