{"id":186297,"date":"2025-11-09T04:53:43","date_gmt":"2025-11-09T04:53:43","guid":{"rendered":"https:\/\/www.otiumhome.fi\/?p=186297"},"modified":"2025-12-09T07:43:28","modified_gmt":"2025-12-09T07:43:28","slug":"makuuhuoneen-meikkipoydat-peililla-valkoinen-80-x-396-x-135-cm","status":"publish","type":"product","link":"https:\/\/www.otiumhome.fi\/index.php\/tuote\/makuuhuoneen-meikkipoydat-peililla-valkoinen-80-x-396-x-135-cm\/","title":{"rendered":"Makuuhuoneen meikkip\u00f6yd\u00e4t peilill\u00e4 Valkoinen 80 x 39,6 x 135 cm"},"content":{"rendered":"<p>T\u00e4m\u00e4 moderni meikkip\u00f6yt\u00e4 on tyylik\u00e4s ratkaisu tilan j\u00e4rjest\u00e4miseen. Sen sile\u00e4, hienostunut viimeistely ja minimalistinen muotoilu sulautuu mihin tahansa makuuhuoneeseen. Suorakaiteen muotoinen p\u00f6yt\u00e4 tarjoaa runsaasti toimivuutta ilman, ett\u00e4 esteettisyys k\u00e4rsii.<\/p>\n<ul>\n<li><b>Materiaalit:<\/b> T\u00e4m\u00e4 meikkip\u00f6yt\u00e4 on tehty teknisest\u00e4 puusta, joka on sile\u00e4 ja kest\u00e4v\u00e4. Se takaa tukevan rakenteen ja lis\u00e4\u00e4 tyyli\u00e4. Materiaalivalinta tukee modernia estetiikkaa ja parantaa kalusteen pitk\u00e4ik\u00e4isyytt\u00e4.<\/li>\n<li><b>Lis\u00e4komponentit:<\/b> P\u00f6yd\u00e4ss\u00e4 on laatikot kuulalaakeriliu\u2019illa, mik\u00e4 takaa sujuvan ja hiljaisen toiminnan. T\u00e4ll\u00e4 mekanismilla p\u00e4\u00e4set helposti tavaroihin pit\u00e4en kaiken siistin\u00e4. Jokainen laatikko on suunniteltu vakaaksi, mik\u00e4 tukee modernia muotoilua.<\/li>\n<li><b>Ominaisuudet \/ Toiminta \/ Suunnittelu:<\/b> P\u00f6yd\u00e4n suunnittelu korostaa yksinkertaisuutta ja k\u00e4yt\u00e4nn\u00f6llisyytt\u00e4. Sen runsaasta s\u00e4ilytystilasta apua oleellisten asioiden j\u00e4rjest\u00e4miseen. Moderni muotoilu tekee siit\u00e4 monik\u00e4ytt\u00f6isen erilaisten makuuhuoneen tyylien kanssa.<\/li>\n<li><b>Suositellut k\u00e4ytt\u00f6tarkoitukset:<\/b> Sopii t\u00e4ydellisesti meikkip\u00f6yd\u00e4ksi, joka palvelee monia s\u00e4ilytystarpeita. Erinomainen valinta kauneustuotteille, koruille ja hygieniatuotteille. Se tuo mukanaan k\u00e4yt\u00e4nn\u00f6llisyytt\u00e4 ja eleganssia mihin tahansa makuuhuoneeseen.<\/li>\n<li><b>Hoito &amp; Yll\u00e4pito:<\/b> S\u00e4ilytt\u00e4\u00e4ksesi p\u00f6yd\u00e4n kauniina, pyyhi se s\u00e4\u00e4nn\u00f6llisesti kuivalla liinalla. Seuraa kokoamisohjeita huolellisesti, varmistaen ett\u00e4 kaksi henkil\u00f6\u00e4 auttaa. Kiinnit\u00e4 p\u00f6yt\u00e4 sein\u00e4\u00e4n kaatumisen est\u00e4miseksi ja turvallisuuden takaamiseksi.<\/li>\n<\/ul>\n<ul>\n<li>V\u00e4ri: Valkoinen<\/li>\n<li>Materiaali: Tekninen puu<\/li>\n<li>Yleiset mitat: 80 x 39,5 x 135 cm (P x L x K)<\/li>\n<li>Paino: 26,63 kg<\/li>\n<li>Kest\u00e4v\u00e4<\/li>\n<li>Runsaasti s\u00e4ilytystilaa<\/li>\n<li>Laatikot<\/li>\n<li>Laatikolla<\/li>\n<li>Tasainen peili<\/li>\n<li>Kehysmateriaali: Tekninen puu<\/li>\n<li>Sis\u00e4- \/ ulkotiloissa: Vain sis\u00e4k\u00e4ytt\u00f6\u00f6n<\/li>\n<li>Toimitus-:<\/li>\n<li>1 x Makuuhuoneen meikkausp\u00f6yti\u00e4<\/li>\n<li>Kokoonpano vaaditaan: Kyll\u00e4<\/li>\n<\/ul>\n","protected":false},"excerpt":{"rendered":"<ul>\n<li>V\u00e4ri: Valkoinen<\/li>\n<li>Materiaali: Tekninen puu<\/li>\n<li>Yleiset mitat: 80 x 39,5 x 135 cm (P x L x K)<\/li>\n<li>Paino: 26,63 kg<\/li>\n<li>Kest\u00e4v\u00e4<\/li>\n<li>Runsaasti s\u00e4ilytystilaa<\/li>\n<li>Laatikot<\/li>\n<li>Laatikolla<\/li>\n<li>Tasainen peili<\/li>\n<li>Kehysmateriaali: Tekninen puu<\/li>\n<li>Sis\u00e4- \/ ulkotiloissa: Vain sis\u00e4k\u00e4ytt\u00f6\u00f6n<\/li>\n<li>Toimitus-:<\/li>\n<li>1 x Makuuhuoneen meikkausp\u00f6yti\u00e4<\/li>\n<li>Kokoonpano vaaditaan: Kyll\u00e4<\/li>\n<\/ul>\n","protected":false},"featured_media":100000186297,"comment_status":"closed","ping_status":"closed","template":"","meta":[],"product_brand":[],"product_cat":[84,8561,8566],"product_tag":[],"class_list":{"0":"post-186297","1":"product","2":"type-product","3":"status-publish","4":"has-post-thumbnail","6":"product_cat-huonekalut","7":"product_cat-kampauspoydat","8":"product_cat-makuuhuoneen-kampauspoydat","10":"first","11":"instock","12":"taxable","13":"shipping-taxable","14":"purchasable","15":"product-type-simple"},"_links":{"self":[{"href":"https:\/\/www.otiumhome.fi\/index.php\/wp-json\/wp\/v2\/product\/186297","targetHints":{"allow":["GET"]}}],"collection":[{"href":"https:\/\/www.otiumhome.fi\/index.php\/wp-json\/wp\/v2\/product"}],"about":[{"href":"https:\/\/www.otiumhome.fi\/index.php\/wp-json\/wp\/v2\/types\/product"}],"replies":[{"embeddable":true,"href":"https:\/\/www.otiumhome.fi\/index.php\/wp-json\/wp\/v2\/comments?post=186297"}],"wp:featuredmedia":[{"embeddable":true,"href":"https:\/\/www.otiumhome.fi\/index.php\/wp-json\/"}],"wp:attachment":[{"href":"https:\/\/www.otiumhome.fi\/index.php\/wp-json\/wp\/v2\/media?parent=186297"}],"wp:term":[{"taxonomy":"product_brand","embeddable":true,"href":"https:\/\/www.otiumhome.fi\/index.php\/wp-json\/wp\/v2\/product_brand?post=186297"},{"taxonomy":"product_cat","embeddable":true,"href":"https:\/\/www.otiumhome.fi\/index.php\/wp-json\/wp\/v2\/product_cat?post=186297"},{"taxonomy":"product_tag","embeddable":true,"href":"https:\/\/www.otiumhome.fi\/index.php\/wp-json\/wp\/v2\/product_tag?post=186297"}],"curies":[{"name":"wp","href":"https:\/\/api.w.org\/{rel}","templated":true}]}}