{"id":186285,"date":"2025-11-09T04:50:46","date_gmt":"2025-11-09T04:50:46","guid":{"rendered":"https:\/\/www.otiumhome.fi\/?p=186285"},"modified":"2025-12-09T07:39:06","modified_gmt":"2025-12-09T07:39:06","slug":"keittiovaunu-artisan-tammi-60-x-41-x-80-5-cm-tekninen-puu","status":"publish","type":"product","link":"https:\/\/www.otiumhome.fi\/index.php\/tuote\/keittiovaunu-artisan-tammi-60-x-41-x-80-5-cm-tekninen-puu\/","title":{"rendered":"Keitti\u00f6vaunu Artisan tammi 60 x 41 x 80.5 cm Tekninen puu"},"content":{"rendered":"<p>T\u00e4\u00e4 puinen keitti\u00f6vaunu yhdist\u00e4\u00e4 k\u00e4yt\u00e4nn\u00f6llisyyden ja tyylin, tuoden mukuvan lis\u00e4n mihin tahansa keitti\u00f6\u00f6n tai ruokasaliin. Teollinen, kaupunkimainen ulkon\u00e4k\u00f6 yhdist\u00e4\u00e4 puun ja ter\u00e4ksen, mik\u00e4 luo modernin ja rustiikkisen fiiliksen. Se tarjoaa runsaasti tilaa ja liikkumismahdollisuuksia, joten se on tarkoitettu keitti\u00f6n perustarvikkeiden organisoimiseen ja aterioiden tarjoiluun. T\u00e4m\u00e4n muotoilu tekee siit\u00e4 korvaamattoman osan jokaista kotia.<\/p>\n<ul>\n<li><b>Tyylik\u00e4s teollinen muotoilu<\/b> T\u00e4ss\u00e4 puu- ja ter\u00e4ksiseen yhdistelm\u00e4ss\u00e4 on upea ilme, joka tuo modernia tunnelmaa keitti\u00f6\u00f6n. Sen suorakulmainen muotoilu ja sile\u00e4t pinnat tekev\u00e4t siit\u00e4 t\u00e4ydellisen monenlaisiin sisustuksiin.<\/li>\n<li><b>Optimaalinen toiminnallisuus<\/b> Py\u00f6r\u00e4t tekev\u00e4t liikkumisesta vaivatonta, joten voit helposti siirt\u00e4\u00e4 vaunua keitti\u00f6n ja ruokasalin v\u00e4lill\u00e4. Se on t\u00e4ydellinen apuri tarjoilussa ja keitti\u00f6n j\u00e4rjest\u00e4misess\u00e4.<\/li>\n<li><b>Monipuoliset s\u00e4ilytysmahdollisuudet<\/b> Suunniteltu maksimoimaan tilank\u00e4ytt\u00f6, vaunu tarjoaa runsaasti s\u00e4ilytystilaa. Lokeroita ja hyllyj\u00e4 voi hy\u00f6dynt\u00e4\u00e4 astioiden, v\u00e4lineiden ja elintarvikkeiden j\u00e4rjest\u00e4misess\u00e4, joten perusv\u00e4lineet ovat aina k\u00e4den ulottuvilla.<\/li>\n<li><b>Luotettava rakenne<\/b> Valmistettu teknisest\u00e4 puusta ja ter\u00e4ksest\u00e4, t\u00e4m\u00e4 vaunu on kest\u00e4v\u00e4 ja pitk\u00e4ik\u00e4inen. Sen vahva rakenne takaa, ett\u00e4 se kest\u00e4\u00e4 arkea ja s\u00e4ilytt\u00e4\u00e4 ilmeens\u00e4 pitk\u00e4\u00e4n.<\/li>\n<li><b>Yksinkertainen huolto<\/b> Huolto on helppoa; riitt\u00e4\u00e4, ett\u00e4 pyyhit sen kuivalla liinalla. V\u00e4lt\u00e4 kovia kemikaaleja niin se pysyy esteettisen\u00e4 ja k\u00e4yt\u00e4nn\u00f6llisen\u00e4.<\/li>\n<\/ul>\n<ul>\n<li>V\u00e4ri: Artisan tammi<\/li>\n<li>Materiaali: Tekninen puu<\/li>\n<li>Yleiset mitat: 60 x 41 x 80,5 cm (L x S x K)<\/li>\n<li>Paino: 12,7 kg<\/li>\n<li>Kest\u00e4v\u00e4<\/li>\n<li>Py\u00f6r\u00e4t\/rullapy\u00f6r\u00e4t<\/li>\n<li>Sis\u00e4- \/ ulkotiloissa: Vain sis\u00e4k\u00e4ytt\u00f6\u00f6n<\/li>\n<li>Toimitus-:<\/li>\n<li>1 x Keitti\u00f6k\u00e4rry<\/li>\n<li>Kokoonpano vaaditaan: Kyll\u00e4<\/li>\n<\/ul>\n","protected":false},"excerpt":{"rendered":"<ul>\n<li>V\u00e4ri: Artisan tammi<\/li>\n<li>Materiaali: Tekninen puu<\/li>\n<li>Yleiset mitat: 60 x 41 x 80,5 cm (L x S x K)<\/li>\n<li>Paino: 12,7 kg<\/li>\n<li>Kest\u00e4v\u00e4<\/li>\n<li>Py\u00f6r\u00e4t\/rullapy\u00f6r\u00e4t<\/li>\n<li>Sis\u00e4- \/ ulkotiloissa: Vain sis\u00e4k\u00e4ytt\u00f6\u00f6n<\/li>\n<li>Toimitus-:<\/li>\n<li>1 x Keitti\u00f6k\u00e4rry<\/li>\n<li>Kokoonpano vaaditaan: Kyll\u00e4<\/li>\n<\/ul>\n","protected":false},"featured_media":100000186285,"comment_status":"closed","ping_status":"closed","template":"","meta":[],"product_brand":[],"product_cat":[84],"product_tag":[],"class_list":{"0":"post-186285","1":"product","2":"type-product","3":"status-publish","4":"has-post-thumbnail","6":"product_cat-huonekalut","8":"first","9":"instock","10":"taxable","11":"shipping-taxable","12":"purchasable","13":"product-type-simple"},"_links":{"self":[{"href":"https:\/\/www.otiumhome.fi\/index.php\/wp-json\/wp\/v2\/product\/186285","targetHints":{"allow":["GET"]}}],"collection":[{"href":"https:\/\/www.otiumhome.fi\/index.php\/wp-json\/wp\/v2\/product"}],"about":[{"href":"https:\/\/www.otiumhome.fi\/index.php\/wp-json\/wp\/v2\/types\/product"}],"replies":[{"embeddable":true,"href":"https:\/\/www.otiumhome.fi\/index.php\/wp-json\/wp\/v2\/comments?post=186285"}],"wp:featuredmedia":[{"embeddable":true,"href":"https:\/\/www.otiumhome.fi\/index.php\/wp-json\/"}],"wp:attachment":[{"href":"https:\/\/www.otiumhome.fi\/index.php\/wp-json\/wp\/v2\/media?parent=186285"}],"wp:term":[{"taxonomy":"product_brand","embeddable":true,"href":"https:\/\/www.otiumhome.fi\/index.php\/wp-json\/wp\/v2\/product_brand?post=186285"},{"taxonomy":"product_cat","embeddable":true,"href":"https:\/\/www.otiumhome.fi\/index.php\/wp-json\/wp\/v2\/product_cat?post=186285"},{"taxonomy":"product_tag","embeddable":true,"href":"https:\/\/www.otiumhome.fi\/index.php\/wp-json\/wp\/v2\/product_tag?post=186285"}],"curies":[{"name":"wp","href":"https:\/\/api.w.org\/{rel}","templated":true}]}}