{"id":186283,"date":"2025-11-09T04:50:46","date_gmt":"2025-11-09T04:50:46","guid":{"rendered":"https:\/\/www.otiumhome.fi\/?p=186283"},"modified":"2025-12-09T07:39:05","modified_gmt":"2025-12-09T07:39:05","slug":"keittiovaunu-musta-tammi-53-x-20-x-76-cm-tekninen-puu","status":"publish","type":"product","link":"https:\/\/www.otiumhome.fi\/index.php\/tuote\/keittiovaunu-musta-tammi-53-x-20-x-76-cm-tekninen-puu\/","title":{"rendered":"Keitti\u00f6vaunu Musta tammi. 53 x 20 x 76 cm Tekninen puu"},"content":{"rendered":"<p>T\u00e4\u00e4 puinen keitti\u00f6vaunu on teollisvaikutteinen ja tuo ripauksen loft-tyyli\u00e4 sun kotiisi. Tehty kest\u00e4v\u00e4st\u00e4 teknisest\u00e4 puusta, se on valmis kest\u00e4m\u00e4\u00e4n s\u00e4\u00e4nn\u00f6llist\u00e4 k\u00e4ytt\u00f6\u00e4 samalla, kun se n\u00e4ytt\u00e4\u00e4 tyylikk\u00e4lt\u00e4. Sen kompakti suorakulmainen muoto sopii moneen keitti\u00f6\u00f6n, olipa se sit pieni asunto tai isompi tila, ja tuo rustiikkista charmia. Liikkuvuuden ansiosta vaunu toimii loistavasti niin paikoillaan kuin siirrett\u00e4v\u00e4n\u00e4 yksikk\u00f6n\u00e4.<\/p>\n<ul>\n<li><b>Teknisen puun rakenne<\/b> T\u00e4m\u00e4 vaunu on tehty korkealaatuisesta teknisest\u00e4 puusta, yhdist\u00e4en kauniin designin ja k\u00e4yt\u00e4nn\u00f6llisyyden. Kest\u00e4v\u00e4 pinta kest\u00e4\u00e4 kulumista, ja se tuo hienostuneen lis\u00e4n keitti\u00f6\u00f6n.<\/li>\n<li><b>Integroidut py\u00f6r\u00e4t<\/b> Kest\u00e4vill\u00e4 py\u00f6rill\u00e4 varustettu vaunu on joustava dynaamisissa keitti\u00f6nopeissa. Olipa kyseess\u00e4 ainesosien siirt\u00e4minen tai vieraiden palveleminen, joku voi helpottaa liikkuvuus ja tehokkuus.<\/li>\n<li><b>Tila mieless\u00e4<\/b> Kompaktiksi suunniteltu vaunu vie todella v\u00e4h\u00e4n tilaa, mutta tarjoaa maksimim\u00e4\u00e4r\u00e4n pintak\u00e4ytt\u00f6\u00e4. Sen 53 x 20 x 76 cm koko on ihanteellinen tarpeiden s\u00e4ilytt\u00e4miseen ilman iso h\u00e4irik\u00f6inti\u00e4.<\/li>\n<li><b>Ter\u00e4ksiset yksityiskohdat<\/b> Ter\u00e4ksisten osien ansiosta vaunun teollinen tyylillisyys lis\u00e4\u00e4ntyypi ja samalla se on kest\u00e4v\u00e4. T\u00e4\u00e4 materiaalikombinaatio vahvistaa karua estetiikkaa, joka heijastaa kaupunkiteollista muotoilua.<\/li>\n<li><b>Monipuolinen huolto<\/b> Korkeat huonekalut kannattaa kiinnitt\u00e4\u00e4 sein\u00e4\u00e4n, jotta ne eiv\u00e4t kaadu. S\u00e4\u00e4nn\u00f6llinen hoito pit\u00e4\u00e4 sis\u00e4ll\u00e4\u00e4n pyyhkimisen kuivalla liinalla, ja vahvoja puhdistusaineita on parempi v\u00e4ltt\u00e4\u00e4, niin se pysyy hyv\u00e4ss\u00e4 kunnossa.<\/li>\n<\/ul>\n<ul>\n<li>V\u00e4ri: Musta tammi.<\/li>\n<li>Materiaali: Tekninen puu<\/li>\n<li>Yleiset mitat: 53 x 20 x 76 cm (L x S x K)<\/li>\n<li>Paino: 4,2 kg<\/li>\n<li>Kest\u00e4v\u00e4<\/li>\n<li>Py\u00f6r\u00e4t\/rullapy\u00f6r\u00e4t<\/li>\n<li>Sis\u00e4- \/ ulkotiloissa: Vain sis\u00e4k\u00e4ytt\u00f6\u00f6n<\/li>\n<li>Toimitus-:<\/li>\n<li>1 x Keitti\u00f6k\u00e4rry<\/li>\n<li>Kokoonpano vaaditaan: Kyll\u00e4<\/li>\n<\/ul>\n","protected":false},"excerpt":{"rendered":"<ul>\n<li>V\u00e4ri: Musta tammi.<\/li>\n<li>Materiaali: Tekninen puu<\/li>\n<li>Yleiset mitat: 53 x 20 x 76 cm (L x S x K)<\/li>\n<li>Paino: 4,2 kg<\/li>\n<li>Kest\u00e4v\u00e4<\/li>\n<li>Py\u00f6r\u00e4t\/rullapy\u00f6r\u00e4t<\/li>\n<li>Sis\u00e4- \/ ulkotiloissa: Vain sis\u00e4k\u00e4ytt\u00f6\u00f6n<\/li>\n<li>Toimitus-:<\/li>\n<li>1 x Keitti\u00f6k\u00e4rry<\/li>\n<li>Kokoonpano vaaditaan: Kyll\u00e4<\/li>\n<\/ul>\n","protected":false},"featured_media":100000186283,"comment_status":"closed","ping_status":"closed","template":"","meta":[],"product_brand":[],"product_cat":[84],"product_tag":[],"class_list":{"0":"post-186283","1":"product","2":"type-product","3":"status-publish","4":"has-post-thumbnail","6":"product_cat-huonekalut","8":"first","9":"instock","10":"taxable","11":"shipping-taxable","12":"purchasable","13":"product-type-simple"},"_links":{"self":[{"href":"https:\/\/www.otiumhome.fi\/index.php\/wp-json\/wp\/v2\/product\/186283","targetHints":{"allow":["GET"]}}],"collection":[{"href":"https:\/\/www.otiumhome.fi\/index.php\/wp-json\/wp\/v2\/product"}],"about":[{"href":"https:\/\/www.otiumhome.fi\/index.php\/wp-json\/wp\/v2\/types\/product"}],"replies":[{"embeddable":true,"href":"https:\/\/www.otiumhome.fi\/index.php\/wp-json\/wp\/v2\/comments?post=186283"}],"wp:featuredmedia":[{"embeddable":true,"href":"https:\/\/www.otiumhome.fi\/index.php\/wp-json\/"}],"wp:attachment":[{"href":"https:\/\/www.otiumhome.fi\/index.php\/wp-json\/wp\/v2\/media?parent=186283"}],"wp:term":[{"taxonomy":"product_brand","embeddable":true,"href":"https:\/\/www.otiumhome.fi\/index.php\/wp-json\/wp\/v2\/product_brand?post=186283"},{"taxonomy":"product_cat","embeddable":true,"href":"https:\/\/www.otiumhome.fi\/index.php\/wp-json\/wp\/v2\/product_cat?post=186283"},{"taxonomy":"product_tag","embeddable":true,"href":"https:\/\/www.otiumhome.fi\/index.php\/wp-json\/wp\/v2\/product_tag?post=186283"}],"curies":[{"name":"wp","href":"https:\/\/api.w.org\/{rel}","templated":true}]}}