{"id":186280,"date":"2025-11-09T04:50:45","date_gmt":"2025-11-09T04:50:45","guid":{"rendered":"https:\/\/www.otiumhome.fi\/?p=186280"},"modified":"2025-12-09T07:39:04","modified_gmt":"2025-12-09T07:39:04","slug":"keittiovaunu-musta-tammi-50-x-35-x-75-5-cm-tekninen-puu","status":"publish","type":"product","link":"https:\/\/www.otiumhome.fi\/index.php\/tuote\/keittiovaunu-musta-tammi-50-x-35-x-75-5-cm-tekninen-puu\/","title":{"rendered":"Keitti\u00f6vaunu Musta tammi. 50 x 35 x 75.5 cm Tekninen puu"},"content":{"rendered":"<p>Puinen keitti\u00f6vaunu on olennainen osa kiireist\u00e4 keitti\u00f6t\u00e4, ja se sulautuu sisustukseen teollisen ilmeens\u00e4 ansiosta. Ihanteellinen kaikille, jotka arvostavat k\u00e4yt\u00e4nn\u00f6llist\u00e4 ja tyylik\u00e4st\u00e4 kalustoa, se nostaa keitti\u00f6si kauneutta ja toimivuutta. Suorakaiteen muoto ja sile\u00e4 pinta tekev\u00e4t siit\u00e4 erinomaisen keskipisteen ruoanlaittoon tai ruokailuun.<\/p>\n<ul>\n<li><b>Materiaalit:<\/b> T\u00e4m\u00e4 keitti\u00f6vaunu on tehty teknisest\u00e4 puusta ja ter\u00e4ksest\u00e4, mik\u00e4 tekee siit\u00e4 kest\u00e4v\u00e4n. Tekninen puu on sile\u00e4 ja kest\u00e4v\u00e4, n\u00e4ytt\u00e4en hyv\u00e4lt\u00e4 ja kest\u00e4en k\u00e4yt\u00f6ss\u00e4.<\/li>\n<li><b>Mukana tulevat osat:<\/b> Varustettu tilavilla hyllyill\u00e4 ja tasaisella yl\u00e4pinnalla, vaunu tarjoaa reilusti tilaa keitti\u00f6n tarvikkeille tai esittelyesineille. Helposti siirrett\u00e4v\u00e4 py\u00f6r\u00e4rakenne tekee siit\u00e4 k\u00e4tev\u00e4n kaikenlaisiin ymp\u00e4rist\u00f6ihin.<\/li>\n<li><b>Ominaisuudet \/Toiminta \/Muotoilu:<\/b> Suunniteltu liikkuvuutta silm\u00e4ll\u00e4 pit\u00e4en, t\u00e4ss\u00e4 vaunussa on lukittavat py\u00f6r\u00e4t vakauden takaamiseksi. Teollinen tyyli tuo kotiisi raikkaan ilmeen ja yll\u00e4pit\u00e4\u00e4 samaan aikaan k\u00e4yt\u00e4nn\u00f6llisyytt\u00e4.<\/li>\n<li><b>Suositellut k\u00e4ytt\u00f6tarkoitukset:<\/b> Ihanteellinen keitti\u00f6\u00f6n tai ruokailutiloihin, t\u00e4m\u00e4 vaunu tarjoaa lis\u00e4tilaa tai tehokasta tarjoilua juhliin. Sen monipuolisuus tekee siit\u00e4 my\u00f6s hienon koriste-esineiden esittelyyn.<\/li>\n<li><b>Hoito &amp;Yll\u00e4pito:<\/b> Puhdista vaunu kuivalla liinalla ja v\u00e4lt\u00e4 voimakkaita kemikaaleja. Raskaammat esineet kannattaa s\u00e4ilytt\u00e4\u00e4 alahyllyill\u00e4 vakauden lis\u00e4\u00e4miseksi, ja voit kiinnitt\u00e4\u00e4 vaunun sein\u00e4\u00e4n kaatumisen est\u00e4miseksi.<\/li>\n<\/ul>\n<ul>\n<li>V\u00e4ri: Musta tammi.<\/li>\n<li>Materiaali: Tekninen puu<\/li>\n<li>Yleiset mitat: 50 x 34 x 75,5 cm (L x S x K)<\/li>\n<li>Paino: 7,3 kg<\/li>\n<li>Kest\u00e4v\u00e4<\/li>\n<li>Py\u00f6r\u00e4t\/rullapy\u00f6r\u00e4t<\/li>\n<li>Sis\u00e4- \/ ulkotiloissa: Vain sis\u00e4k\u00e4ytt\u00f6\u00f6n<\/li>\n<li>Toimitus-:<\/li>\n<li>1 x Keitti\u00f6k\u00e4rry<\/li>\n<li>Kokoonpano vaaditaan: Kyll\u00e4<\/li>\n<\/ul>\n","protected":false},"excerpt":{"rendered":"<ul>\n<li>V\u00e4ri: Musta tammi.<\/li>\n<li>Materiaali: Tekninen puu<\/li>\n<li>Yleiset mitat: 50 x 34 x 75,5 cm (L x S x K)<\/li>\n<li>Paino: 7,3 kg<\/li>\n<li>Kest\u00e4v\u00e4<\/li>\n<li>Py\u00f6r\u00e4t\/rullapy\u00f6r\u00e4t<\/li>\n<li>Sis\u00e4- \/ ulkotiloissa: Vain sis\u00e4k\u00e4ytt\u00f6\u00f6n<\/li>\n<li>Toimitus-:<\/li>\n<li>1 x Keitti\u00f6k\u00e4rry<\/li>\n<li>Kokoonpano vaaditaan: Kyll\u00e4<\/li>\n<\/ul>\n","protected":false},"featured_media":100000186280,"comment_status":"closed","ping_status":"closed","template":"","meta":[],"product_brand":[],"product_cat":[84],"product_tag":[],"class_list":{"0":"post-186280","1":"product","2":"type-product","3":"status-publish","4":"has-post-thumbnail","6":"product_cat-huonekalut","8":"first","9":"instock","10":"taxable","11":"shipping-taxable","12":"purchasable","13":"product-type-simple"},"_links":{"self":[{"href":"https:\/\/www.otiumhome.fi\/index.php\/wp-json\/wp\/v2\/product\/186280","targetHints":{"allow":["GET"]}}],"collection":[{"href":"https:\/\/www.otiumhome.fi\/index.php\/wp-json\/wp\/v2\/product"}],"about":[{"href":"https:\/\/www.otiumhome.fi\/index.php\/wp-json\/wp\/v2\/types\/product"}],"replies":[{"embeddable":true,"href":"https:\/\/www.otiumhome.fi\/index.php\/wp-json\/wp\/v2\/comments?post=186280"}],"wp:featuredmedia":[{"embeddable":true,"href":"https:\/\/www.otiumhome.fi\/index.php\/wp-json\/"}],"wp:attachment":[{"href":"https:\/\/www.otiumhome.fi\/index.php\/wp-json\/wp\/v2\/media?parent=186280"}],"wp:term":[{"taxonomy":"product_brand","embeddable":true,"href":"https:\/\/www.otiumhome.fi\/index.php\/wp-json\/wp\/v2\/product_brand?post=186280"},{"taxonomy":"product_cat","embeddable":true,"href":"https:\/\/www.otiumhome.fi\/index.php\/wp-json\/wp\/v2\/product_cat?post=186280"},{"taxonomy":"product_tag","embeddable":true,"href":"https:\/\/www.otiumhome.fi\/index.php\/wp-json\/wp\/v2\/product_tag?post=186280"}],"curies":[{"name":"wp","href":"https:\/\/api.w.org\/{rel}","templated":true}]}}