{"id":186249,"date":"2025-11-09T04:50:31","date_gmt":"2025-11-09T04:50:31","guid":{"rendered":"https:\/\/www.otiumhome.fi\/?p=186249"},"modified":"2025-12-09T07:38:43","modified_gmt":"2025-12-09T07:38:43","slug":"kylpyhuonekaappi-valkoinen-305-x-30-x-195-cm-tekninen-puu","status":"publish","type":"product","link":"https:\/\/www.otiumhome.fi\/index.php\/tuote\/kylpyhuonekaappi-valkoinen-305-x-30-x-195-cm-tekninen-puu\/","title":{"rendered":"Kylpyhuonekaappi Valkoinen 30,5 x 30 x 195 cm Tekninen puu"},"content":{"rendered":"<p>T\u00e4m\u00e4 moderni kylpyhuonekaappi on tyylik\u00e4s lis\u00e4 mihin tahansa kotiin, se yhdist\u00e4\u00e4 toimivuuden ja kauniin muotoilun. Suunniteltu siisteill\u00e4 linjoilla ilman turhia koristeita, se tukee modernia el\u00e4m\u00e4ntyyli\u00e4, joka arvostaa yksinkertaisuutta ja tehokkuutta. Teknisen puun sile\u00e4 pinta tuo ripauksen hienostuneisuutta kylpyhuoneeseen. Reilusti s\u00e4ilytystilaa tarjoaa mahdollisuuden j\u00e4rjest\u00e4\u00e4 kylpyhuonetarvikkeet helposti ja pit\u00e4\u00e4 kaikki siistin\u00e4.<\/p>\n<ul><\/br><\/p>\n<li><b>Korkealaatuiset materiaalit<\/b> Kaappi on rakennettu p\u00e4\u00e4asiassa teknisest\u00e4 puusta, joka tuo kest\u00e4vytt\u00e4 ja kosteudenkest\u00e4vyytt\u00e4 &#8211; v\u00e4ltt\u00e4m\u00e4t\u00f6n ominaisuus kylpyhuoneessa. Puun sile\u00e4 pinta lis\u00e4\u00e4 nykyaikaista tunnelmaa kappaleeseen.<\/li>\n<p><\/br><\/p>\n<li><b>Toiminnalliset osat<\/b> Varustettu hyllyill\u00e4 ja saranoiduille oville, t\u00e4m\u00e4 kaappi on suunniteltu tehokkaaseen s\u00e4ilytykseen ja helppoon p\u00e4\u00e4syyn. Pullajalka-jalat lis\u00e4\u00e4v\u00e4t klassista tyyli\u00e4 sek\u00e4 tukevat kaapin rakennetta.<\/li>\n<p><\/br><\/p>\n<li><b>Nykyaikainen muotoilu<\/b> Kaappi edustaa modernia tyyli\u00e4, jossa on suorat linjat ja siisti muotoilu. Ainulaatuinen ja minimalistinen, se yhdistyy saumattomasti erilaisiin kylpyhuonesisustuksiin ilman, ett\u00e4 vie liikaa huomiota.<\/li>\n<p><\/br><\/p>\n<li><b>Korkeuden s\u00e4\u00e4t\u00f6<\/b> Korkeuss\u00e4\u00e4t\u00f6mahdollisuus antaa k\u00e4ytt\u00e4j\u00e4n muokata kaapin korkeutta omien mieltymysten mukaan, varmistaen parhaan mahdollisen saavutettavuuden.<\/li>\n<p><\/br><\/p>\n<li><b>Hoito ja yll\u00e4pito<\/b> Kaappi on helppo pit\u00e4\u00e4 kunnossa. Pyyhi se vain kuivalla liinalla, ja suositellaan kiinnitett\u00e4v\u00e4ksi sein\u00e4\u00e4n kaatumisen est\u00e4miseksi ja turvallisuuden lis\u00e4\u00e4miseksi.<\/li>\n<p><\/br><\/ul>\n<ul>\n<li>V\u00e4ri: Valkoinen<\/li>\n<li>Materiaali: Tekninen puu<\/li>\n<li>Yleiset mitat: 30,5 x 30 x 195 cm (P x L x K)<\/li>\n<li>Paino: 25,89 kg<\/li>\n<li>Kest\u00e4v\u00e4<\/li>\n<li>Korkeuss\u00e4\u00e4dett\u00e4v\u00e4<\/li>\n<li>Runsaasti s\u00e4ilytystilaa<\/li>\n<li>Ovet<\/li>\n<li>Vakaa rakenne<\/li>\n<li>Helppo Huolto<\/li>\n<li>7 hyllyill\u00e4<\/li>\n<li>Kehysmateriaali: Tekninen puu<\/li>\n<li>2 ovien kanssa<\/li>\n<li>Sis\u00e4- \/ ulkotiloissa: Vain sis\u00e4k\u00e4ytt\u00f6\u00f6n<\/li>\n<li>Toimitus-:<\/li>\n<li>1 x Kylpyhuonekaappi<\/li>\n<li>Kokoonpano vaaditaan: Kyll\u00e4<\/li>\n<\/ul>\n","protected":false},"excerpt":{"rendered":"<ul>\n<li>V\u00e4ri: Valkoinen<\/li>\n<li>Materiaali: Tekninen puu<\/li>\n<li>Yleiset mitat: 30,5 x 30 x 195 cm (P x L x K)<\/li>\n<li>Paino: 25,89 kg<\/li>\n<li>Kest\u00e4v\u00e4<\/li>\n<li>Korkeuss\u00e4\u00e4dett\u00e4v\u00e4<\/li>\n<li>Runsaasti s\u00e4ilytystilaa<\/li>\n<li>Ovet<\/li>\n<li>Vakaa rakenne<\/li>\n<li>Helppo Huolto<\/li>\n<li>7 hyllyill\u00e4<\/li>\n<li>Kehysmateriaali: Tekninen puu<\/li>\n<li>2 ovien kanssa<\/li>\n<li>Sis\u00e4- \/ ulkotiloissa: Vain sis\u00e4k\u00e4ytt\u00f6\u00f6n<\/li>\n<li>Toimitus-:<\/li>\n<li>1 x Kylpyhuonekaappi<\/li>\n<li>Kokoonpano vaaditaan: Kyll\u00e4<\/li>\n<\/ul>\n","protected":false},"featured_media":100000186249,"comment_status":"closed","ping_status":"closed","template":"","meta":[],"product_brand":[],"product_cat":[84,8561,8562],"product_tag":[],"class_list":{"0":"post-186249","1":"product","2":"type-product","3":"status-publish","4":"has-post-thumbnail","6":"product_cat-huonekalut","7":"product_cat-kampauspoydat","8":"product_cat-kylpyhuoneen-kampauspoydat","10":"first","11":"instock","12":"taxable","13":"shipping-taxable","14":"purchasable","15":"product-type-simple"},"_links":{"self":[{"href":"https:\/\/www.otiumhome.fi\/index.php\/wp-json\/wp\/v2\/product\/186249","targetHints":{"allow":["GET"]}}],"collection":[{"href":"https:\/\/www.otiumhome.fi\/index.php\/wp-json\/wp\/v2\/product"}],"about":[{"href":"https:\/\/www.otiumhome.fi\/index.php\/wp-json\/wp\/v2\/types\/product"}],"replies":[{"embeddable":true,"href":"https:\/\/www.otiumhome.fi\/index.php\/wp-json\/wp\/v2\/comments?post=186249"}],"wp:featuredmedia":[{"embeddable":true,"href":"https:\/\/www.otiumhome.fi\/index.php\/wp-json\/"}],"wp:attachment":[{"href":"https:\/\/www.otiumhome.fi\/index.php\/wp-json\/wp\/v2\/media?parent=186249"}],"wp:term":[{"taxonomy":"product_brand","embeddable":true,"href":"https:\/\/www.otiumhome.fi\/index.php\/wp-json\/wp\/v2\/product_brand?post=186249"},{"taxonomy":"product_cat","embeddable":true,"href":"https:\/\/www.otiumhome.fi\/index.php\/wp-json\/wp\/v2\/product_cat?post=186249"},{"taxonomy":"product_tag","embeddable":true,"href":"https:\/\/www.otiumhome.fi\/index.php\/wp-json\/wp\/v2\/product_tag?post=186249"}],"curies":[{"name":"wp","href":"https:\/\/api.w.org\/{rel}","templated":true}]}}