{"id":186241,"date":"2025-11-09T04:44:50","date_gmt":"2025-11-09T04:44:50","guid":{"rendered":"https:\/\/www.otiumhome.fi\/?p=186241"},"modified":"2025-12-09T07:41:52","modified_gmt":"2025-12-09T07:41:52","slug":"kylpyhuoneen-pesuallaskaappi-sonoman-tammi-60-x-30-x-60-cm","status":"publish","type":"product","link":"https:\/\/www.otiumhome.fi\/index.php\/tuote\/kylpyhuoneen-pesuallaskaappi-sonoman-tammi-60-x-30-x-60-cm\/","title":{"rendered":"Kylpyhuoneen pesuallaskaappi Sonoman tammi 60 x 30 x 60 cm"},"content":{"rendered":"<p>T\u00e4m\u00e4 kylpyhuoneen altaan kaappi tuo yhteen modernin ilmeen ja k\u00e4yt\u00e4nn\u00f6llisyyden, tarjoten t\u00e4ydellisen ratkaisun kylpyhuoneesi t\u00e4rkeille tavaroille. Siin\u00e4 on selke\u00e4t linjat ja kompakti suorakaiteen muotoinen muotoilu, joka sointuu hyvin nykyaikaiseen kylpyhuoneeseen. Kaappi on loistava valinta kotitalouksille, jotka haluavat pit\u00e4\u00e4 kaikki tavaransa j\u00e4rjestyksess\u00e4, unohtamatta tyyli\u00e4.<\/p>\n<ul>\n<li><b>Teknisen puun rakenne<\/b> T\u00e4m\u00e4 kest\u00e4v\u00e4 kaappi on valmistettu teknisest\u00e4 puusta, joten se on luotettava ja kosteudenkest\u00e4v\u00e4 \u2014 t\u00e4ydellinen kylpyhuonek\u00e4ytt\u00f6\u00f6n. Rakenteensa ansiosta se tarjoaa harmonisen ilmeen, joka k\u00e4y yhteen eri sisustustyylien kanssa.<\/li>\n<li><b>Toiminnalliset s\u00e4ilytysratkaisut<\/b> Runko ja s\u00e4\u00e4dett\u00e4v\u00e4t hyllyt takaavat riitt\u00e4v\u00e4sti tilaa tavaroille, joten voit helposti muokata ja j\u00e4rjest\u00e4\u00e4 kylpyhuoneesi tarvikkeita. Saranoidut ovet mahdollistavat helpon p\u00e4\u00e4syn, ja esineet pysyv\u00e4t piilossa, kun niit\u00e4 ei tarvita.<\/li>\n<li><b>Moderni tyylik\u00e4s muotoilu<\/b> Nykyajan yksinkertainen muotoilu lis\u00e4\u00e4 kauniita yksityiskohtia mihin tahansa kylpyhuoneeseen. Sile\u00e4 pinta ja mustat jalat tuovat tyylik\u00e4st\u00e4 tunnelmaa, ilman ett\u00e4 k\u00e4yt\u00e4nn\u00f6llisyys k\u00e4rsii.<\/li>\n<li><b>K\u00e4ytt\u00e4j\u00e4yst\u00e4v\u00e4llinen s\u00e4\u00e4dett\u00e4vyys<\/b> S\u00e4\u00e4d\u00e4 hyllyn korkeutta helposti k\u00e4sik\u00e4ytt\u00f6isell\u00e4 mekanismilla, joka tekee kaapista muunneltavan eri kokoisille esineille. T\u00e4m\u00e4 ominaisuus auttaa sinua sopeutumaan muuttuviin tarpeisiin ajan my\u00f6t\u00e4.<\/li>\n<li><b>Vaivaton puhdistus ja turvallisuus<\/b> Pid\u00e4 kaapin ilme siistin\u00e4 vain kuivalla liinalla pyyhkim\u00e4ll\u00e4. Varmistaaksesi turvallisuuden, kiinnit\u00e4 kaappi sein\u00e4\u00e4n oikeilla kiinnikkeill\u00e4 kaatumisen est\u00e4miseksi.<\/li>\n<\/ul>\n<ul>\n<li>V\u00e4ri: Sonoman tammi<\/li>\n<li>Materiaali: Tekninen puu<\/li>\n<li>Yleiset mitat: 60 x 30 x 60 cm (P x L x K)<\/li>\n<li>Paino: 14,69 kg<\/li>\n<li>Kest\u00e4v\u00e4<\/li>\n<li>Korkeuss\u00e4\u00e4dett\u00e4v\u00e4<\/li>\n<li>Runsaasti s\u00e4ilytystilaa<\/li>\n<li>Ovet<\/li>\n<li>Vakaa rakenne<\/li>\n<li>Helppo Huolto<\/li>\n<li>2 hyllyill\u00e4<\/li>\n<li>Kehysmateriaali: Tekninen puu<\/li>\n<li>2 ovien kanssa<\/li>\n<li>Sis\u00e4- \/ ulkotiloissa: Vain sis\u00e4k\u00e4ytt\u00f6\u00f6n<\/li>\n<li>Toimitus-:<\/li>\n<li>1 x Kylpyhuoneen allaskaappi<\/li>\n<li>Kokoonpano vaaditaan: Kyll\u00e4<\/li>\n<\/ul>\n","protected":false},"excerpt":{"rendered":"<ul>\n<li>V\u00e4ri: Sonoman tammi<\/li>\n<li>Materiaali: Tekninen puu<\/li>\n<li>Yleiset mitat: 60 x 30 x 60 cm (P x L x K)<\/li>\n<li>Paino: 14,69 kg<\/li>\n<li>Kest\u00e4v\u00e4<\/li>\n<li>Korkeuss\u00e4\u00e4dett\u00e4v\u00e4<\/li>\n<li>Runsaasti s\u00e4ilytystilaa<\/li>\n<li>Ovet<\/li>\n<li>Vakaa rakenne<\/li>\n<li>Helppo Huolto<\/li>\n<li>2 hyllyill\u00e4<\/li>\n<li>Kehysmateriaali: Tekninen puu<\/li>\n<li>2 ovien kanssa<\/li>\n<li>Sis\u00e4- \/ ulkotiloissa: Vain sis\u00e4k\u00e4ytt\u00f6\u00f6n<\/li>\n<li>Toimitus-:<\/li>\n<li>1 x Kylpyhuoneen allaskaappi<\/li>\n<li>Kokoonpano vaaditaan: Kyll\u00e4<\/li>\n<\/ul>\n","protected":false},"featured_media":100000186241,"comment_status":"closed","ping_status":"closed","template":"","meta":[],"product_brand":[],"product_cat":[84,8561,8562],"product_tag":[],"class_list":{"0":"post-186241","1":"product","2":"type-product","3":"status-publish","4":"has-post-thumbnail","6":"product_cat-huonekalut","7":"product_cat-kampauspoydat","8":"product_cat-kylpyhuoneen-kampauspoydat","10":"first","11":"instock","12":"taxable","13":"shipping-taxable","14":"purchasable","15":"product-type-simple"},"_links":{"self":[{"href":"https:\/\/www.otiumhome.fi\/index.php\/wp-json\/wp\/v2\/product\/186241","targetHints":{"allow":["GET"]}}],"collection":[{"href":"https:\/\/www.otiumhome.fi\/index.php\/wp-json\/wp\/v2\/product"}],"about":[{"href":"https:\/\/www.otiumhome.fi\/index.php\/wp-json\/wp\/v2\/types\/product"}],"replies":[{"embeddable":true,"href":"https:\/\/www.otiumhome.fi\/index.php\/wp-json\/wp\/v2\/comments?post=186241"}],"wp:featuredmedia":[{"embeddable":true,"href":"https:\/\/www.otiumhome.fi\/index.php\/wp-json\/"}],"wp:attachment":[{"href":"https:\/\/www.otiumhome.fi\/index.php\/wp-json\/wp\/v2\/media?parent=186241"}],"wp:term":[{"taxonomy":"product_brand","embeddable":true,"href":"https:\/\/www.otiumhome.fi\/index.php\/wp-json\/wp\/v2\/product_brand?post=186241"},{"taxonomy":"product_cat","embeddable":true,"href":"https:\/\/www.otiumhome.fi\/index.php\/wp-json\/wp\/v2\/product_cat?post=186241"},{"taxonomy":"product_tag","embeddable":true,"href":"https:\/\/www.otiumhome.fi\/index.php\/wp-json\/wp\/v2\/product_tag?post=186241"}],"curies":[{"name":"wp","href":"https:\/\/api.w.org\/{rel}","templated":true}]}}