{"id":186237,"date":"2025-11-09T04:44:49","date_gmt":"2025-11-09T04:44:49","guid":{"rendered":"https:\/\/www.otiumhome.fi\/?p=186237"},"modified":"2025-12-09T07:41:48","modified_gmt":"2025-12-09T07:41:48","slug":"kylpyhuonekaappi-vanha-puu-305-x-30-x-101-cm-tekninen-puu","status":"publish","type":"product","link":"https:\/\/www.otiumhome.fi\/index.php\/tuote\/kylpyhuonekaappi-vanha-puu-305-x-30-x-101-cm-tekninen-puu\/","title":{"rendered":"Kylpyhuonekaappi Vanha Puu 30,5 x 30 x 101 cm Tekninen puu"},"content":{"rendered":"<p>T\u00e4m\u00e4 moderni kylpyhuonekaappi yhdist\u00e4\u00e4 tyylikk\u00e4\u00e4n muotoilun ja k\u00e4yt\u00e4nn\u00f6llisyyden. Sen kompakti koko tekee siit\u00e4 erinomaisen valinnan mihin tahansa kylpyhuoneeseen, ja se tarjoaa k\u00e4yt\u00e4nn\u00f6llisi\u00e4 ja tyylikk\u00e4it\u00e4 s\u00e4ilytysratkaisuja. Sile\u00e4 pinta ja minimalistinen muotoilu t\u00e4ydent\u00e4v\u00e4t nykyaikaisia tiloja, tarjoten j\u00e4rjestelm\u00e4llisyytt\u00e4. Korkeuden s\u00e4\u00e4t\u00f6mahdollisuus antaa mahdollisuuden asiat j\u00e4rjest\u00e4\u00e4 juuri niinkuin itse haluaa, mik\u00e4 tekee siit\u00e4 monik\u00e4ytt\u00f6isen ratkaisun esteettisen ja k\u00e4yt\u00e4nn\u00f6llisen arvon yst\u00e4ville.<\/p>\n<ul>\n<li><b>Materiaalin edut:<\/b> Rakennettu teknisest\u00e4 puusta, t\u00e4m\u00e4 kaappi hoitaa kosteutta loistavasti ja on siten t\u00e4ydellinen kylpyhuoneisiin. Kest\u00e4v\u00e4 materiaali pit\u00e4\u00e4 kaapin visuaalisesti houkuttelevana p\u00e4ivitt\u00e4isess\u00e4 k\u00e4yt\u00f6ss\u00e4.<\/li>\n<li><b>Toiminnalliset osat:<\/b> Levyhyllyt, saranoidut ovet ja kuulalaakerilaatikot tekev\u00e4t kaapista eritt\u00e4in k\u00e4yt\u00e4nn\u00f6llisen ja lis\u00e4\u00e4v\u00e4t sen s\u00e4ilytyskapasiteettia. Puuk\u00e4sty mahdollistaa siistin tilan s\u00e4ilytt\u00e4misen.<\/li>\n<li><b>S\u00e4\u00e4dett\u00e4vyys:<\/b> Kaappi sis\u00e4lt\u00e4\u00e4 manuaalisen korkeuden s\u00e4\u00e4t\u00f6j\u00e4rjestelm\u00e4n, joka tekee hyllyjen korkeuden muuttamisen helpoksi. T\u00e4m\u00e4 ominaisuus palvelee monenlaisia s\u00e4ilytystarpeita.<\/li>\n<li><b>Monipuoliset k\u00e4ytt\u00f6mahdollisuudet:<\/b> Erinomainen ratkaisu kaikille kylpyhuoneille, t\u00e4m\u00e4 kaappi auttaa j\u00e4rjest\u00e4m\u00e4\u00e4n tilaa s\u00e4ilytt\u00e4m\u00e4ll\u00e4 hygieniatuotteita ja puhdistusaineita. Sen moderni muotoilu sulautuu t\u00e4ydellisesti minimalistisiin koteihin, l\u00f6yd\u00e4t tasapainoa tyylin ja k\u00e4yt\u00e4nn\u00f6llisen v\u00e4lill\u00e4.<\/li>\n<li><b>Huolto ja yll\u00e4pito:<\/b> Helppo yll\u00e4pit\u00e4\u00e4; pyyhi vain kuivalla liinalla. Kokoaminen perusohjeiden mukaan ja sein\u00e4\u00e4n kiinnitt\u00e4minen varmistaa turvallisen ja kest\u00e4v\u00e4n k\u00e4yt\u00f6n.<\/li>\n<\/ul>\n<ul>\n<li>V\u00e4ri: Vanha puu<\/li>\n<li>Materiaali: Tekninen puu<\/li>\n<li>Yleiset mitat: 30,5 x 30 x 101 cm (P x L x K)<\/li>\n<li>Paino: 13,58 kg<\/li>\n<li>Kest\u00e4v\u00e4<\/li>\n<li>Korkeuss\u00e4\u00e4dett\u00e4v\u00e4<\/li>\n<li>Runsaasti s\u00e4ilytystilaa<\/li>\n<li>Ovet<\/li>\n<li>Laatikot<\/li>\n<li>Vakaa rakenne<\/li>\n<li>Helppo Huolto<\/li>\n<li>Laatikolla<\/li>\n<li>2 hyllyill\u00e4<\/li>\n<li>Kehysmateriaali: Tekninen puu<\/li>\n<li>1 saranoitu ovi ovella<\/li>\n<li>Sis\u00e4- \/ ulkotiloissa: Vain sis\u00e4k\u00e4ytt\u00f6\u00f6n<\/li>\n<li>Toimitus-:<\/li>\n<li>1 x Kylpyhuonekaappi<\/li>\n<li>Kokoonpano vaaditaan: Kyll\u00e4<\/li>\n<\/ul>\n","protected":false},"excerpt":{"rendered":"<ul>\n<li>V\u00e4ri: Vanha puu<\/li>\n<li>Materiaali: Tekninen puu<\/li>\n<li>Yleiset mitat: 30,5 x 30 x 101 cm (P x L x K)<\/li>\n<li>Paino: 13,58 kg<\/li>\n<li>Kest\u00e4v\u00e4<\/li>\n<li>Korkeuss\u00e4\u00e4dett\u00e4v\u00e4<\/li>\n<li>Runsaasti s\u00e4ilytystilaa<\/li>\n<li>Ovet<\/li>\n<li>Laatikot<\/li>\n<li>Vakaa rakenne<\/li>\n<li>Helppo Huolto<\/li>\n<li>Laatikolla<\/li>\n<li>2 hyllyill\u00e4<\/li>\n<li>Kehysmateriaali: Tekninen puu<\/li>\n<li>1 saranoitu ovi ovella<\/li>\n<li>Sis\u00e4- \/ ulkotiloissa: Vain sis\u00e4k\u00e4ytt\u00f6\u00f6n<\/li>\n<li>Toimitus-:<\/li>\n<li>1 x Kylpyhuonekaappi<\/li>\n<li>Kokoonpano vaaditaan: Kyll\u00e4<\/li>\n<\/ul>\n","protected":false},"featured_media":100000186237,"comment_status":"closed","ping_status":"closed","template":"","meta":[],"product_brand":[],"product_cat":[84,8561,8562],"product_tag":[],"class_list":{"0":"post-186237","1":"product","2":"type-product","3":"status-publish","4":"has-post-thumbnail","6":"product_cat-huonekalut","7":"product_cat-kampauspoydat","8":"product_cat-kylpyhuoneen-kampauspoydat","10":"first","11":"instock","12":"taxable","13":"shipping-taxable","14":"purchasable","15":"product-type-simple"},"_links":{"self":[{"href":"https:\/\/www.otiumhome.fi\/index.php\/wp-json\/wp\/v2\/product\/186237","targetHints":{"allow":["GET"]}}],"collection":[{"href":"https:\/\/www.otiumhome.fi\/index.php\/wp-json\/wp\/v2\/product"}],"about":[{"href":"https:\/\/www.otiumhome.fi\/index.php\/wp-json\/wp\/v2\/types\/product"}],"replies":[{"embeddable":true,"href":"https:\/\/www.otiumhome.fi\/index.php\/wp-json\/wp\/v2\/comments?post=186237"}],"wp:featuredmedia":[{"embeddable":true,"href":"https:\/\/www.otiumhome.fi\/index.php\/wp-json\/"}],"wp:attachment":[{"href":"https:\/\/www.otiumhome.fi\/index.php\/wp-json\/wp\/v2\/media?parent=186237"}],"wp:term":[{"taxonomy":"product_brand","embeddable":true,"href":"https:\/\/www.otiumhome.fi\/index.php\/wp-json\/wp\/v2\/product_brand?post=186237"},{"taxonomy":"product_cat","embeddable":true,"href":"https:\/\/www.otiumhome.fi\/index.php\/wp-json\/wp\/v2\/product_cat?post=186237"},{"taxonomy":"product_tag","embeddable":true,"href":"https:\/\/www.otiumhome.fi\/index.php\/wp-json\/wp\/v2\/product_tag?post=186237"}],"curies":[{"name":"wp","href":"https:\/\/api.w.org\/{rel}","templated":true}]}}