{"id":186203,"date":"2025-11-09T04:22:29","date_gmt":"2025-11-09T04:22:29","guid":{"rendered":"https:\/\/www.otiumhome.fi\/?p=186203"},"modified":"2025-12-09T07:38:51","modified_gmt":"2025-12-09T07:38:51","slug":"kylpyhuoneen-peilikaappi-hyllylla-betoni-harmaa-60-x-20-x-60-cm","status":"publish","type":"product","link":"https:\/\/www.otiumhome.fi\/index.php\/tuote\/kylpyhuoneen-peilikaappi-hyllylla-betoni-harmaa-60-x-20-x-60-cm\/","title":{"rendered":"Kylpyhuoneen Peilikaappi hyllyll\u00e4 Betoni Harmaa 60 x 20 x 60 cm"},"content":{"rendered":"<p>T\u00e4m\u00e4 Morden Kylpyhuoneen Peilikaappi yhdist\u00e4\u00e4 upeasti tyylin ja k\u00e4yt\u00e4nn\u00f6llisyyden, t\u00e4ydellisesti moderneihin tiloihin. Suorakaiteen muotoinen muotoilu toimii peilin\u00e4, jolloin tilaa s\u00e4\u00e4styy. Kaapin hillitty mutta tyylik\u00e4s ilme tuo modernin vivahteen mihin tahansa kylpyhuoneeseen tai k\u00e4yt\u00e4v\u00e4\u00e4n, samalla kun se tarjoaa k\u00e4tev\u00e4\u00e4 s\u00e4ilytystilaa p\u00e4ivitt\u00e4isille tarvikkeillesi.<\/p>\n<ul>\n<li><b>Materiaalit:<\/b> Kaappi on tehty laadukkaasta teknisest\u00e4 puusta, joka on sile\u00e4 ja kest\u00e4v\u00e4. T\u00e4m\u00e4 materiaali kest\u00e4\u00e4 kosteutta, joten se on t\u00e4ydellinen kylpyhuoneisiin. Tekninen puu antaa kaapille j\u00e4m\u00e4k\u00e4n tunteen, ja pinta on helppo puhdistaa, mik\u00e4 tekee huolenpidosta vaivatonta.<\/li>\n<li><b>Sis\u00e4lt\u00e4\u00e4 osat:<\/b> Kaapissa on k\u00e4yt\u00e4nn\u00f6llinen tasapeili ovessa, joka tarjoaa kirkkaan heijastuksen kauneudenhoidolle. Kaksi lasiovea mahdollistavat helpon p\u00e4\u00e4syn tilavaan varastotilaan. Hyllyt sis\u00e4ll\u00e4 auttavat pit\u00e4m\u00e4\u00e4n hygieniatuotteet ja muut tarvikkeet j\u00e4rjestyksess\u00e4.<\/li>\n<li><b>Ominaisuudet \/ Toiminta \/ Suunnittelu:<\/b> Sein\u00e4lle kiinnitett\u00e4v\u00e4 muotoilu s\u00e4\u00e4st\u00e4\u00e4 lattiatilaa pieniss\u00e4 huoneissa. Se on vakaa ja turvallinen sein\u00e4ll\u00e4, ja peilipinnat heijastavat valoa tehden huoneista avaramman n\u00e4k\u00f6isi\u00e4.<\/li>\n<li><b>Suositellut k\u00e4ytt\u00f6tavat:<\/b> T\u00e4m\u00e4 kaappi on t\u00e4ydellinen k\u00e4ytett\u00e4v\u00e4ksi kylpyhuoneissa ja k\u00e4yt\u00e4viss\u00e4. Sen moderni ilme sopii mihin tahansa sisustukseen, parantaen tilasi yleisilmett\u00e4.<\/li>\n<li><b>Huolto &amp; Yll\u00e4pito:<\/b> Pyyhi pintaa s\u00e4\u00e4nn\u00f6llisesti kuivalla liinalla. Kokoaminen on helppoa, ja kaapin kiinnitt\u00e4minen sein\u00e4\u00e4n est\u00e4\u00e4 kaatumisen. N\u00e4m\u00e4 huoltosuunnat varmistavat, ett\u00e4 kaappi pysyy hyv\u00e4ss\u00e4 kunnossa ilman vaivann\u00e4k\u00f6\u00e4.<\/li>\n<\/ul>\n<ul>\n<li>V\u00e4ri: Betoni harmaa<\/li>\n<li>Materiaali: Tekninen puu<\/li>\n<li>Yleiset mitat: 60 x 20 x 60 cm (P x L x K)<\/li>\n<li>Paino: 13,93 kg<\/li>\n<li>Kest\u00e4v\u00e4<\/li>\n<li>Peili<\/li>\n<li>Runsaasti s\u00e4ilytystilaa<\/li>\n<li>Ovet<\/li>\n<li>Vakaa rakenne<\/li>\n<li>Helppo Huolto<\/li>\n<li>Tasainen peili<\/li>\n<li>2 hyllyill\u00e4<\/li>\n<li>2 ovien kanssa<\/li>\n<li>Sis\u00e4- \/ ulkotiloissa: Vain sis\u00e4k\u00e4ytt\u00f6\u00f6n<\/li>\n<li>Toimitus-:<\/li>\n<li>1 x Kylpyhuoneen Peilikaappi<\/li>\n<li>Kokoonpano vaaditaan: Kyll\u00e4<\/li>\n<li>Kiinnitys sis\u00e4lsi: Katto- \/ sein\u00e4kiinnitystarvikkeet &#8211; esim m\u00e4\u00e4r\u00e4tyt ruuvit tai sein\u00e4tulpat &#8211; eiv\u00e4t mukana<\/li>\n<\/ul>\n","protected":false},"excerpt":{"rendered":"<ul>\n<li>V\u00e4ri: Betoni harmaa<\/li>\n<li>Materiaali: Tekninen puu<\/li>\n<li>Yleiset mitat: 60 x 20 x 60 cm (P x L x K)<\/li>\n<li>Paino: 13,93 kg<\/li>\n<li>Kest\u00e4v\u00e4<\/li>\n<li>Peili<\/li>\n<li>Runsaasti s\u00e4ilytystilaa<\/li>\n<li>Ovet<\/li>\n<li>Vakaa rakenne<\/li>\n<li>Helppo Huolto<\/li>\n<li>Tasainen peili<\/li>\n<li>2 hyllyill\u00e4<\/li>\n<li>2 ovien kanssa<\/li>\n<li>Sis\u00e4- \/ ulkotiloissa: Vain sis\u00e4k\u00e4ytt\u00f6\u00f6n<\/li>\n<li>Toimitus-:<\/li>\n<li>1 x Kylpyhuoneen Peilikaappi<\/li>\n<li>Kokoonpano vaaditaan: Kyll\u00e4<\/li>\n<li>Kiinnitys sis\u00e4lsi: Katto- \/ sein\u00e4kiinnitystarvikkeet &#8211; esim m\u00e4\u00e4r\u00e4tyt ruuvit tai sein\u00e4tulpat &#8211; eiv\u00e4t mukana<\/li>\n<\/ul>\n","protected":false},"featured_media":100000186203,"comment_status":"closed","ping_status":"closed","template":"","meta":[],"product_brand":[],"product_cat":[84,8561,8562],"product_tag":[],"class_list":{"0":"post-186203","1":"product","2":"type-product","3":"status-publish","4":"has-post-thumbnail","6":"product_cat-huonekalut","7":"product_cat-kampauspoydat","8":"product_cat-kylpyhuoneen-kampauspoydat","10":"first","11":"instock","12":"taxable","13":"shipping-taxable","14":"purchasable","15":"product-type-simple"},"_links":{"self":[{"href":"https:\/\/www.otiumhome.fi\/index.php\/wp-json\/wp\/v2\/product\/186203","targetHints":{"allow":["GET"]}}],"collection":[{"href":"https:\/\/www.otiumhome.fi\/index.php\/wp-json\/wp\/v2\/product"}],"about":[{"href":"https:\/\/www.otiumhome.fi\/index.php\/wp-json\/wp\/v2\/types\/product"}],"replies":[{"embeddable":true,"href":"https:\/\/www.otiumhome.fi\/index.php\/wp-json\/wp\/v2\/comments?post=186203"}],"wp:featuredmedia":[{"embeddable":true,"href":"https:\/\/www.otiumhome.fi\/index.php\/wp-json\/"}],"wp:attachment":[{"href":"https:\/\/www.otiumhome.fi\/index.php\/wp-json\/wp\/v2\/media?parent=186203"}],"wp:term":[{"taxonomy":"product_brand","embeddable":true,"href":"https:\/\/www.otiumhome.fi\/index.php\/wp-json\/wp\/v2\/product_brand?post=186203"},{"taxonomy":"product_cat","embeddable":true,"href":"https:\/\/www.otiumhome.fi\/index.php\/wp-json\/wp\/v2\/product_cat?post=186203"},{"taxonomy":"product_tag","embeddable":true,"href":"https:\/\/www.otiumhome.fi\/index.php\/wp-json\/wp\/v2\/product_tag?post=186203"}],"curies":[{"name":"wp","href":"https:\/\/api.w.org\/{rel}","templated":true}]}}