{"id":186202,"date":"2025-11-09T04:12:53","date_gmt":"2025-11-09T04:12:53","guid":{"rendered":"https:\/\/www.otiumhome.fi\/?p=186202"},"modified":"2025-12-09T07:36:43","modified_gmt":"2025-12-09T07:36:43","slug":"kylpyhuonekalustesetti-ovella-3-pcs-sonoman-tammi-tekninen-puu","status":"publish","type":"product","link":"https:\/\/www.otiumhome.fi\/index.php\/tuote\/kylpyhuonekalustesetti-ovella-3-pcs-sonoman-tammi-tekninen-puu\/","title":{"rendered":"Kylpyhuonekalustesetti ovella 3 pcs Sonoman tammi Tekninen puu"},"content":{"rendered":"<p>T\u00e4m\u00e4 moderni kylpyhuonekalustesarja yhdist\u00e4\u00e4 tyylin ja k\u00e4yt\u00e4nn\u00f6llisyyden. Se on vimpan p\u00e4\u00e4lle suunniteltu ja tuo lis\u00e4\u00e4 s\u00e4ilytystilaa, jotta voit pit\u00e4\u00e4 tavarasi j\u00e4rjestyksess\u00e4. Puhtaat linjat ja yksinkertainen tyyli tekev\u00e4t siit\u00e4 upean lis\u00e4yksen mihin tahansa moderniin kotiin. Muuta kylpyhuoneesi sotkuiseksi keitaaksi, jossa kaikki on omalla paikallaan ja jossa kauneus kohtaa k\u00e4yt\u00e4nn\u00f6n. Kest\u00e4v\u00e4 tekninen puu takaa pitk\u00e4n k\u00e4ytt\u00f6ajan.<\/p>\n<ul><\/br><\/p>\n<li><b>Korkealaatuiset materiaalit:<\/b> Rakennettu teknisest\u00e4 puusta, t\u00e4m\u00e4 kalustesetti kest\u00e4\u00e4 p\u00e4ivitt\u00e4ist\u00e4 kulutusta vilkkaassa kylpyhuoneessa. Sile\u00e4 pinta ja kest\u00e4v\u00e4 runko tekev\u00e4t siit\u00e4 sek\u00e4 n\u00e4ytt\u00e4v\u00e4n ett\u00e4 luotettavan lis\u00e4yksen.<\/li>\n<p><\/br><\/p>\n<li><b>Monik\u00e4ytt\u00f6iset komponentit:<\/b> Levykaukalot, tukijalat ja sile\u00e4t ovet t\u00e4ydent\u00e4v\u00e4t designia ja palvelevat k\u00e4yt\u00e4nn\u00f6llisi\u00e4 tarpeita. Mustat metallijalat luovat hienon kontrastin teknisen puun kanssa, lis\u00e4ten moderneja vivahteita.<\/li>\n<p><\/br><\/p>\n<li><b>Toiminnalliset ominaisuudet:<\/b> Runko tarjoaa runsaasti s\u00e4ilytystilaa pyyhkeille, hygieniatuotteille ja muille tarvikkeille, jotta p\u00e4\u00e4sy on helppoa ja tila on maksimoitu. Minimalistinen muotoilu sopii hyvin nykyaikaiseen tyyliin ja tekee t\u00e4st\u00e4 idealta kaikille sisustustyyleille.<\/li>\n<p><\/br><\/p>\n<li><b>Muokattava k\u00e4ytt\u00f6:<\/b> Sopii kaikenkokoisiin kylpyhuoneisiin, t\u00e4m\u00e4 kaluste optimoi tilan tinkim\u00e4tt\u00e4 tyylist\u00e4, jotta voit nauttia kauniista ja toimivasta ymp\u00e4rist\u00f6st\u00e4. Modulaarinen rakenne t\u00e4ytt\u00e4\u00e4 erilaisten k\u00e4ytt\u00e4jien tarpeet.<\/li>\n<p><\/br><\/p>\n<li><b>Huolto ja yll\u00e4pito:<\/b> Helppo huoltaa, pyyhi vain pinnat kostealla liinalla, ja kaluste pysyy kauniina. Materiaalit tekev\u00e4t huollosta vaivatonta ja varmistavat pitk\u00e4ik\u00e4isyyden.<\/li>\n<p><\/br><\/ul>\n<ul>\n<li>V\u00e4ri: Sonoman tammi<\/li>\n<li>Materiaali: Tekninen puu<\/li>\n<li>Yleiset mitat: 90 x 34,5 x 60 cm (P x L x K)<\/li>\n<li>Paino: 52,3 kg<\/li>\n<li>Runsaasti s\u00e4ilytystilaa<\/li>\n<li>Kest\u00e4v\u00e4<\/li>\n<li>Laatikolla<\/li>\n<li>Hyllyll\u00e4<\/li>\n<li>Kehysmateriaali: Tekninen puu<\/li>\n<li>2 ovien kanssa<\/li>\n<li>Sis\u00e4- \/ ulkotiloissa: Vain sis\u00e4k\u00e4ytt\u00f6\u00f6n<\/li>\n<li>Toimitus-:<\/li>\n<li>1 x Pesukaappi: 90 x 34,5 x 60 cm (PxLxK)<\/li>\n<li>1 x Kylpyhuonekaappi: 36 x 35 x 165 cm (PxLxK)<\/li>\n<li>1 x Kylpyhuonekaappi: 36 x 35 x 95 cm (PxLxK)<\/li>\n<li>Kokoonpano vaaditaan: Kyll\u00e4<\/li>\n<\/ul>\n","protected":false},"excerpt":{"rendered":"<ul>\n<li>V\u00e4ri: Sonoman tammi<\/li>\n<li>Materiaali: Tekninen puu<\/li>\n<li>Yleiset mitat: 90 x 34,5 x 60 cm (P x L x K)<\/li>\n<li>Paino: 52,3 kg<\/li>\n<li>Runsaasti s\u00e4ilytystilaa<\/li>\n<li>Kest\u00e4v\u00e4<\/li>\n<li>Laatikolla<\/li>\n<li>Hyllyll\u00e4<\/li>\n<li>Kehysmateriaali: Tekninen puu<\/li>\n<li>2 ovien kanssa<\/li>\n<li>Sis\u00e4- \/ ulkotiloissa: Vain sis\u00e4k\u00e4ytt\u00f6\u00f6n<\/li>\n<li>Toimitus-:<\/li>\n<li>1 x Pesukaappi: 90 x 34,5 x 60 cm (PxLxK)<\/li>\n<li>1 x Kylpyhuonekaappi: 36 x 35 x 165 cm (PxLxK)<\/li>\n<li>1 x Kylpyhuonekaappi: 36 x 35 x 95 cm (PxLxK)<\/li>\n<li>Kokoonpano vaaditaan: Kyll\u00e4<\/li>\n<\/ul>\n","protected":false},"featured_media":100000186202,"comment_status":"closed","ping_status":"closed","template":"","meta":[],"product_brand":[],"product_cat":[84,8561,8562],"product_tag":[],"class_list":{"0":"post-186202","1":"product","2":"type-product","3":"status-publish","4":"has-post-thumbnail","6":"product_cat-huonekalut","7":"product_cat-kampauspoydat","8":"product_cat-kylpyhuoneen-kampauspoydat","10":"first","11":"instock","12":"taxable","13":"shipping-taxable","14":"purchasable","15":"product-type-simple"},"_links":{"self":[{"href":"https:\/\/www.otiumhome.fi\/index.php\/wp-json\/wp\/v2\/product\/186202","targetHints":{"allow":["GET"]}}],"collection":[{"href":"https:\/\/www.otiumhome.fi\/index.php\/wp-json\/wp\/v2\/product"}],"about":[{"href":"https:\/\/www.otiumhome.fi\/index.php\/wp-json\/wp\/v2\/types\/product"}],"replies":[{"embeddable":true,"href":"https:\/\/www.otiumhome.fi\/index.php\/wp-json\/wp\/v2\/comments?post=186202"}],"wp:featuredmedia":[{"embeddable":true,"href":"https:\/\/www.otiumhome.fi\/index.php\/wp-json\/"}],"wp:attachment":[{"href":"https:\/\/www.otiumhome.fi\/index.php\/wp-json\/wp\/v2\/media?parent=186202"}],"wp:term":[{"taxonomy":"product_brand","embeddable":true,"href":"https:\/\/www.otiumhome.fi\/index.php\/wp-json\/wp\/v2\/product_brand?post=186202"},{"taxonomy":"product_cat","embeddable":true,"href":"https:\/\/www.otiumhome.fi\/index.php\/wp-json\/wp\/v2\/product_cat?post=186202"},{"taxonomy":"product_tag","embeddable":true,"href":"https:\/\/www.otiumhome.fi\/index.php\/wp-json\/wp\/v2\/product_tag?post=186202"}],"curies":[{"name":"wp","href":"https:\/\/api.w.org\/{rel}","templated":true}]}}