{"id":186201,"date":"2025-11-09T04:12:35","date_gmt":"2025-11-09T04:12:35","guid":{"rendered":"https:\/\/www.otiumhome.fi\/?p=186201"},"modified":"2025-12-09T07:34:53","modified_gmt":"2025-12-09T07:34:53","slug":"kylpyhuonekaappi-artisan-tammi-795-x-49-x-156-cm-tekninen-puu","status":"publish","type":"product","link":"https:\/\/www.otiumhome.fi\/index.php\/tuote\/kylpyhuonekaappi-artisan-tammi-795-x-49-x-156-cm-tekninen-puu\/","title":{"rendered":"Kylpyhuonekaappi Artisan tammi 79,5 x 49 x 156 cm Tekninen puu"},"content":{"rendered":"<p>T\u00e4\u00e4 moderni kylpyhuonekaappi on just passeli niille, jotka arvostaa selkeit\u00e4 linjoja ja k\u00e4yt\u00e4nn\u00f6llisyytt\u00e4. Se on t\u00e4ydellinen vaihtoehto nykyaikaisiin koteihin. Designissa on painotettu yksinkertaisuutta ja toimivuutta, mik\u00e4 tekee siit\u00e4 helpon yhdist\u00e4\u00e4 muuhun sisustukseen. Kaappi tukee esteettisyytt\u00e4, samalla kun se tarjoaa paljon s\u00e4ilytystilaa.<\/p>\n<ul>\n<li><b>Materiaalit<\/b> T\u00e4\u00e4 kylpyhuonekaappi on tehty laadukkaasta teknisest\u00e4 puusta, joka kest\u00e4\u00e4 kosteutta, joten se toimii hyvin jopa kosteissa tiloissa. Sile\u00e4 pinta n\u00e4ytt\u00e4\u00e4 hyv\u00e4lt\u00e4 ja se kest\u00e4\u00e4 kulutusta.<\/li>\n<li><b>Yhdistekomponentit<\/b> Kaapissa on saranoidut ovet ja kuulalaakerilaatikot, jotka tekee avaamisesta ja k\u00e4yt\u00f6st\u00e4 sujuvaa. Kaikki laatikot liikkuu vaivattomasti, ja korkeus on manuaalisesti s\u00e4\u00e4dett\u00e4viss\u00e4 s\u00e4ilytystarpeen mukaan.<\/li>\n<li><b>Ominaisuudet<\/b> Vankka rakenne on tehty kest\u00e4m\u00e4\u00e4n p\u00e4ivitt\u00e4ist\u00e4 k\u00e4ytt\u00f6\u00e4. T\u00e4\u00e4ll\u00e4 on paljon s\u00e4ilytystilaa eri lokeroilla ja laatikoilla, mik\u00e4 helpottaa kylpyhuoneen j\u00e4rjest\u00e4mist\u00e4. Huomaamattomat ovet ja laatikot parantaa k\u00e4ytett\u00e4vyytt\u00e4.<\/li>\n<li><b>Suositellut k\u00e4yt\u00f6t<\/b> Suunniteltu erityisesti kylpyhuoneisiin, t\u00e4\u00e4 kaappi sopii erinomaisesti hygieniatuotteiden, pyyhkeiden ja muiden henkil\u00f6kohtaisten tavaroiden j\u00e4rjest\u00e4miseen, luoden siistin tilan.<\/li>\n<li><b>Huolto ja yll\u00e4pito<\/b> Kaapin p\u00f6lyj\u00e4 voi pyyhki\u00e4 kuivalla liinalla. Seuraa tarkasti valmistajan ohjeita kokoamisessa, ja kiinnit\u00e4 kaappi sein\u00e4\u00e4n turvallisuuden vuoksi.<\/li>\n<\/ul>\n<ul>\n<li>V\u00e4ri: Artisan tammi<\/li>\n<li>Materiaali: Tekninen puu<\/li>\n<li>Yleiset mitat: 79,5 x 49 x 156 cm (P x L x K)<\/li>\n<li>Paino: 27,34 kg<\/li>\n<li>Kest\u00e4v\u00e4<\/li>\n<li>Runsaasti s\u00e4ilytystilaa<\/li>\n<li>Ovet<\/li>\n<li>Laatikot<\/li>\n<li>Vakaa rakenne<\/li>\n<li>Helppo Huolto<\/li>\n<li>With drawer<\/li>\n<li>Kehysmateriaali: Tekninen puu<\/li>\n<li>2 ovien kanssa<\/li>\n<li>Sis\u00e4- \/ ulkotiloissa: Vain sis\u00e4k\u00e4ytt\u00f6\u00f6n<\/li>\n<li>Toimitus-:<\/li>\n<li>1 x Kylpyhuonekaappi<\/li>\n<li>Kokoonpano vaaditaan: Kyll\u00e4<\/li>\n<\/ul>\n","protected":false},"excerpt":{"rendered":"<ul>\n<li>V\u00e4ri: Artisan tammi<\/li>\n<li>Materiaali: Tekninen puu<\/li>\n<li>Yleiset mitat: 79,5 x 49 x 156 cm (P x L x K)<\/li>\n<li>Paino: 27,34 kg<\/li>\n<li>Kest\u00e4v\u00e4<\/li>\n<li>Runsaasti s\u00e4ilytystilaa<\/li>\n<li>Ovet<\/li>\n<li>Laatikot<\/li>\n<li>Vakaa rakenne<\/li>\n<li>Helppo Huolto<\/li>\n<li>With drawer<\/li>\n<li>Kehysmateriaali: Tekninen puu<\/li>\n<li>2 ovien kanssa<\/li>\n<li>Sis\u00e4- \/ ulkotiloissa: Vain sis\u00e4k\u00e4ytt\u00f6\u00f6n<\/li>\n<li>Toimitus-:<\/li>\n<li>1 x Kylpyhuonekaappi<\/li>\n<li>Kokoonpano vaaditaan: Kyll\u00e4<\/li>\n<\/ul>\n","protected":false},"featured_media":100000186201,"comment_status":"closed","ping_status":"closed","template":"","meta":[],"product_brand":[],"product_cat":[84,8561,8562],"product_tag":[],"class_list":{"0":"post-186201","1":"product","2":"type-product","3":"status-publish","4":"has-post-thumbnail","6":"product_cat-huonekalut","7":"product_cat-kampauspoydat","8":"product_cat-kylpyhuoneen-kampauspoydat","10":"first","11":"instock","12":"taxable","13":"shipping-taxable","14":"purchasable","15":"product-type-simple"},"_links":{"self":[{"href":"https:\/\/www.otiumhome.fi\/index.php\/wp-json\/wp\/v2\/product\/186201","targetHints":{"allow":["GET"]}}],"collection":[{"href":"https:\/\/www.otiumhome.fi\/index.php\/wp-json\/wp\/v2\/product"}],"about":[{"href":"https:\/\/www.otiumhome.fi\/index.php\/wp-json\/wp\/v2\/types\/product"}],"replies":[{"embeddable":true,"href":"https:\/\/www.otiumhome.fi\/index.php\/wp-json\/wp\/v2\/comments?post=186201"}],"wp:featuredmedia":[{"embeddable":true,"href":"https:\/\/www.otiumhome.fi\/index.php\/wp-json\/"}],"wp:attachment":[{"href":"https:\/\/www.otiumhome.fi\/index.php\/wp-json\/wp\/v2\/media?parent=186201"}],"wp:term":[{"taxonomy":"product_brand","embeddable":true,"href":"https:\/\/www.otiumhome.fi\/index.php\/wp-json\/wp\/v2\/product_brand?post=186201"},{"taxonomy":"product_cat","embeddable":true,"href":"https:\/\/www.otiumhome.fi\/index.php\/wp-json\/wp\/v2\/product_cat?post=186201"},{"taxonomy":"product_tag","embeddable":true,"href":"https:\/\/www.otiumhome.fi\/index.php\/wp-json\/wp\/v2\/product_tag?post=186201"}],"curies":[{"name":"wp","href":"https:\/\/api.w.org\/{rel}","templated":true}]}}