{"id":186183,"date":"2025-11-09T03:47:48","date_gmt":"2025-11-09T03:47:48","guid":{"rendered":"https:\/\/www.otiumhome.fi\/?p=186183"},"modified":"2025-12-09T06:35:40","modified_gmt":"2025-12-09T06:35:40","slug":"kylpyhuonekalustesetti-hyllylla-3-pcs-valkoinen-tekninen-puu","status":"publish","type":"product","link":"https:\/\/www.otiumhome.fi\/index.php\/tuote\/kylpyhuonekalustesetti-hyllylla-3-pcs-valkoinen-tekninen-puu\/","title":{"rendered":"Kylpyhuonekalustesetti hyllyll\u00e4 3 pcs Valkoinen Tekninen puu"},"content":{"rendered":"<p>T\u00e4m\u00e4 tyylik\u00e4s Morden kylpyhuonesarja yhdist\u00e4\u00e4 k\u00e4yt\u00e4nn\u00f6llisyyden ja tyylin, t\u00e4ydellinen p\u00e4ivitys kylpyhuoneeseen. Sarja sis\u00e4lt\u00e4\u00e4 peilikaapin, altaan kaapin ja korkean kaapin, ja se toimii mainiosti kaikissa kylpyhuoneissa. Moderni muotoilu, yksinkertaiset linjat ja minimalistisuus luovat raikkaan tunnelman, joka sopii nykyaikaiseen sisustukseen. Nosta p\u00e4ivitt\u00e4ist\u00e4 rutiiniasi sen tyylikk\u00e4ill\u00e4 s\u00e4ilytysratkaisuilla.<\/p>\n<ul>\n<li><b>Materiaalina tekninen puu:<\/b> T\u00e4ss\u00e4 kylpyhuonesarjassa on sile\u00e4 pinta, joka kest\u00e4\u00e4 k\u00e4yt\u00f6ss\u00e4 ja kosteudessa. Se tuo pitk\u00e4ik\u00e4isyytt\u00e4 ja tyyli\u00e4, mik\u00e4 sulautuu nykyaikaiseen sisustukseen.<\/li>\n<li><b>Komponentit ja k\u00e4ytt\u00f6mahdollisuudet:<\/b> Sarja sis\u00e4lt\u00e4\u00e4 60 x 30 x 60 cm:n altaan kaapin, 60 x 20 x 60 cm:n peilikaapin ja 72,5 x 36,5 x 100 cm:n kylpyhuonekaapin. Jokainen osa on huolellisesti tehty ja tarjoaa k\u00e4yt\u00e4nn\u00f6llisyytt\u00e4 ja s\u00e4ilytystilaa.<\/li>\n<li><b>Monimuotoiset ominaisuudet:<\/b> S\u00e4\u00e4dett\u00e4v\u00e4 korkeus on mainio ominaisuus, joka parantaa k\u00e4ytett\u00e4vyytt\u00e4. Sulavasti liikkuvat laatikot lis\u00e4\u00e4v\u00e4t toimivuutta ja tyyli\u00e4.<\/li>\n<li><b>Suositellut k\u00e4ytt\u00f6tarkoitukset:<\/b> T\u00e4ydellinen kylpyhuoneisiin, se sopii eri tyyleihin asuntoihin ja koteihin, joissa arvostetaan j\u00e4rjestyst\u00e4 ja tyyli\u00e4. T\u00e4m\u00e4 sarja optimoi tilank\u00e4yt\u00f6n kylpyhuoneessa.<\/li>\n<li><b>Hoito ja yll\u00e4pito:<\/b> Noudata ohjeita: kuivalla liinalla pyyhkiminen pit\u00e4\u00e4 sen siistin\u00e4, ja tukeminen sein\u00e4\u00e4 vasten est\u00e4\u00e4 kaatumisen. N\u00e4m\u00e4 helppohoitoiset toimenpiteet tekev\u00e4t yll\u00e4pidosta vaivatonta.<\/li>\n<\/ul>\n<ul>\n<li>V\u00e4ri: Valkoinen<\/li>\n<li>Materiaali: Tekninen puu<\/li>\n<li>Yleiset mitat: 60 x 20 x 60 cm (P x L x K)<\/li>\n<li>Paino: 55,89 kg<\/li>\n<li>Kest\u00e4v\u00e4<\/li>\n<li>Runsaasti s\u00e4ilytystilaa<\/li>\n<li>Peili<\/li>\n<li>Ovet<\/li>\n<li>Laatikot<\/li>\n<li>Korkeuss\u00e4\u00e4dett\u00e4v\u00e4<\/li>\n<li>Vakaa rakenne<\/li>\n<li>Helppo Huolto<\/li>\n<li>Laatikolla<\/li>\n<li>Tasainen peili<\/li>\n<li>6 hyllyill\u00e4<\/li>\n<li>8 py\u00f6rill\u00e4<\/li>\n<li>Py\u00f6r\u00e4n halkaisija: 3 cm<\/li>\n<li>Kehysmateriaali: Tekninen puu<\/li>\n<li>6 ovien kanssa<\/li>\n<li>Sis\u00e4- \/ ulkotiloissa: Vain sis\u00e4k\u00e4ytt\u00f6\u00f6n<\/li>\n<li>Toimitus-:<\/li>\n<li>1 x Kylpyhuoneen pesuallaskaappi:60 x 30 x 60 (P x L x K)<\/li>\n<li>1 x Peilikaappi:60 x 20 x 60 (P x L x K)<\/li>\n<li>1 x Kylpyhuoneen kaappi:72,5 x 36,5 x 100 (P x L x K)<\/li>\n<li>Kokoonpano vaaditaan: Kyll\u00e4<\/li>\n<li>Kiinnitys sis\u00e4lsi: Katto- \/ sein\u00e4kiinnitystarvikkeet &#8211; esim m\u00e4\u00e4r\u00e4tyt ruuvit tai sein\u00e4tulpat &#8211; eiv\u00e4t mukana<\/li>\n<\/ul>\n","protected":false},"excerpt":{"rendered":"<ul>\n<li>V\u00e4ri: Valkoinen<\/li>\n<li>Materiaali: Tekninen puu<\/li>\n<li>Yleiset mitat: 60 x 20 x 60 cm (P x L x K)<\/li>\n<li>Paino: 55,89 kg<\/li>\n<li>Kest\u00e4v\u00e4<\/li>\n<li>Runsaasti s\u00e4ilytystilaa<\/li>\n<li>Peili<\/li>\n<li>Ovet<\/li>\n<li>Laatikot<\/li>\n<li>Korkeuss\u00e4\u00e4dett\u00e4v\u00e4<\/li>\n<li>Vakaa rakenne<\/li>\n<li>Helppo Huolto<\/li>\n<li>Laatikolla<\/li>\n<li>Tasainen peili<\/li>\n<li>6 hyllyill\u00e4<\/li>\n<li>8 py\u00f6rill\u00e4<\/li>\n<li>Py\u00f6r\u00e4n halkaisija: 3 cm<\/li>\n<li>Kehysmateriaali: Tekninen puu<\/li>\n<li>6 ovien kanssa<\/li>\n<li>Sis\u00e4- \/ ulkotiloissa: Vain sis\u00e4k\u00e4ytt\u00f6\u00f6n<\/li>\n<li>Toimitus-:<\/li>\n<li>1 x Kylpyhuoneen pesuallaskaappi:60 x 30 x 60 (P x L x K)<\/li>\n<li>1 x Peilikaappi:60 x 20 x 60 (P x L x K)<\/li>\n<li>1 x Kylpyhuoneen kaappi:72,5 x 36,5 x 100 (P x L x K)<\/li>\n<li>Kokoonpano vaaditaan: Kyll\u00e4<\/li>\n<li>Kiinnitys sis\u00e4lsi: Katto- \/ sein\u00e4kiinnitystarvikkeet &#8211; esim m\u00e4\u00e4r\u00e4tyt ruuvit tai sein\u00e4tulpat &#8211; eiv\u00e4t mukana<\/li>\n<\/ul>\n","protected":false},"featured_media":100000186183,"comment_status":"closed","ping_status":"closed","template":"","meta":[],"product_brand":[],"product_cat":[84,8560],"product_tag":[],"class_list":{"0":"post-186183","1":"product","2":"type-product","3":"status-publish","4":"has-post-thumbnail","6":"product_cat-huonekalut","7":"product_cat-kylpyhuoneen-kalusteet","9":"first","10":"instock","11":"taxable","12":"shipping-taxable","13":"purchasable","14":"product-type-simple"},"_links":{"self":[{"href":"https:\/\/www.otiumhome.fi\/index.php\/wp-json\/wp\/v2\/product\/186183","targetHints":{"allow":["GET"]}}],"collection":[{"href":"https:\/\/www.otiumhome.fi\/index.php\/wp-json\/wp\/v2\/product"}],"about":[{"href":"https:\/\/www.otiumhome.fi\/index.php\/wp-json\/wp\/v2\/types\/product"}],"replies":[{"embeddable":true,"href":"https:\/\/www.otiumhome.fi\/index.php\/wp-json\/wp\/v2\/comments?post=186183"}],"wp:featuredmedia":[{"embeddable":true,"href":"https:\/\/www.otiumhome.fi\/index.php\/wp-json\/"}],"wp:attachment":[{"href":"https:\/\/www.otiumhome.fi\/index.php\/wp-json\/wp\/v2\/media?parent=186183"}],"wp:term":[{"taxonomy":"product_brand","embeddable":true,"href":"https:\/\/www.otiumhome.fi\/index.php\/wp-json\/wp\/v2\/product_brand?post=186183"},{"taxonomy":"product_cat","embeddable":true,"href":"https:\/\/www.otiumhome.fi\/index.php\/wp-json\/wp\/v2\/product_cat?post=186183"},{"taxonomy":"product_tag","embeddable":true,"href":"https:\/\/www.otiumhome.fi\/index.php\/wp-json\/wp\/v2\/product_tag?post=186183"}],"curies":[{"name":"wp","href":"https:\/\/api.w.org\/{rel}","templated":true}]}}