{"id":186173,"date":"2025-11-09T03:46:35","date_gmt":"2025-11-09T03:46:35","guid":{"rendered":"https:\/\/www.otiumhome.fi\/?p=186173"},"modified":"2025-12-09T06:22:42","modified_gmt":"2025-12-09T06:22:42","slug":"kylpyhuonekalustesetti-ovella-4-pcs-kierratetty-massiivinen-puu","status":"publish","type":"product","link":"https:\/\/www.otiumhome.fi\/index.php\/tuote\/kylpyhuonekalustesetti-ovella-4-pcs-kierratetty-massiivinen-puu\/","title":{"rendered":"Kylpyhuonekalustesetti ovella 4 pcs Kierr\u00e4tetty massiivinen puu"},"content":{"rendered":"<p>T\u00e4m\u00e4 moderni kylpyhuonekalustesarja on tyylik\u00e4s lis\u00e4 mihin tahansa nykyaikaiseen kylpyhuoneeseen ja tarjoaa sek\u00e4 toimivuutta ett\u00e4 tyyli\u00e4. Sen suorat linjat ja minimalistinen muotoilu sulautuvat hyvin erilaiseen kylpyhuonesuunnitteluun, luoden parannellun ja j\u00e4rjestetyn ymp\u00e4rist\u00f6n. Sarja sis\u00e4lt\u00e4\u00e4 useita osia, jotka palvelevat monenlaisia s\u00e4ilytystarpeita, varmistaen k\u00e4ytt\u00f6mukavuuden kaikille kylpyhuoneen tarvikkeille.<\/p>\n<ul>\n<li><b>Premium t\u00e4yspuinen ovi:<\/b> Oleh, jota on k\u00e4ytetty t\u00e4yspuusta, takaa pitk\u00e4n k\u00e4ytt\u00f6i\u00e4n ja mukavan tunteen. T\u00e4ll\u00e4 materiaalivalinnalla varmistat sarjan keston ja tyylitietoisen ilmeen.<\/li>\n<li><b>Moderni minimalistinen muotoilu:<\/b> Yksinkertaisuudella ja k\u00e4yt\u00e4nn\u00f6llisyydell\u00e4 varustettu muotoilu sopii monelle kylpyhuonetyylille. Sen puhtaat linjat antavat rauhalliselle tilalle eleganssia.<\/li>\n<li><b>Sein\u00e4kiinnitett\u00e4v\u00e4 konfiguraatio:<\/b> Sarja on sein\u00e4asennettavissa, joka s\u00e4\u00e4st\u00e4\u00e4 lattiatilaa ja sopii t\u00e4ydellisesti pieniin kylpyhuoneisiin. T\u00e4m\u00e4 tyyli ei ole vain tyylik\u00e4s, vaan my\u00f6s helpottaa siivousta.<\/li>\n<li><b>Mukautettavat s\u00e4ilytysratkaisut:<\/b> Sarjassa on eri kokoisia kaappeja, jotka tarjoavat mukautettavaa s\u00e4ilytysratkaisua juuri sinun kylpyhuoneesi tarpeisiin. Niit\u00e4 voi k\u00e4ytt\u00e4\u00e4 siististi hygieniatuotteiden, pyyhkeiden ja puhdistusaineiden s\u00e4ilytt\u00e4miseen, pit\u00e4en kaiken j\u00e4rjestyksess\u00e4.<\/li>\n<li><b>Helppo yll\u00e4pito:<\/b> Huolto on vaivatonta; pyyhi kuivalla liinalla pinnat puhtaina. T\u00e4m\u00e4 yksinkertainen hoito pit\u00e4\u00e4 sarjan kauniina ja k\u00e4ytt\u00f6kelpoisena vuodesta toiseen.<\/li>\n<\/ul>\n<ul>\n<li>V\u00e4ri: Moniv\u00e4rinen ja musta<\/li>\n<li>Materiaali: Kierr\u00e4tetty massiivinen puu<\/li>\n<li>Yleiset mitat: 55 x 35 x 60 cm (P x L x K)<\/li>\n<li>Paino: 61,15 kg<\/li>\n<li>6 laatikoilla<\/li>\n<li>6 hyllyill\u00e4<\/li>\n<li>Mukana 5 lujat puukayt<\/li>\n<li>Vain sis\u00e4k\u00e4ytt\u00f6\u00f6n<\/li>\n<li>Toimitus-:<\/li>\n<li>1 x Kylpyhuonekaappi: 55 x 35 x 60 cm (PxLxK)<\/li>\n<li>1 x Kylpyhuonekaappi: 40 x 35 x 75 cm (PxLxK)<\/li>\n<li>1 x Sein\u00e4\u00e4n Asennettava Kylpyhuonekaappi: 40 x 30 x 90 cm (PxLxK)<\/li>\n<li>1 x Sein\u00e4\u00e4n Asennettava Kylpyhuonekaappi: 40 x 30 x 40 cm (PxLxK)<\/li>\n<li>Kokoonpano vaaditaan: Kyll\u00e4<\/li>\n<\/ul>\n","protected":false},"excerpt":{"rendered":"<ul>\n<li>V\u00e4ri: Moniv\u00e4rinen ja musta<\/li>\n<li>Materiaali: Kierr\u00e4tetty massiivinen puu<\/li>\n<li>Yleiset mitat: 55 x 35 x 60 cm (P x L x K)<\/li>\n<li>Paino: 61,15 kg<\/li>\n<li>6 laatikoilla<\/li>\n<li>6 hyllyill\u00e4<\/li>\n<li>Mukana 5 lujat puukayt<\/li>\n<li>Vain sis\u00e4k\u00e4ytt\u00f6\u00f6n<\/li>\n<li>Toimitus-:<\/li>\n<li>1 x Kylpyhuonekaappi: 55 x 35 x 60 cm (PxLxK)<\/li>\n<li>1 x Kylpyhuonekaappi: 40 x 35 x 75 cm (PxLxK)<\/li>\n<li>1 x Sein\u00e4\u00e4n Asennettava Kylpyhuonekaappi: 40 x 30 x 90 cm (PxLxK)<\/li>\n<li>1 x Sein\u00e4\u00e4n Asennettava Kylpyhuonekaappi: 40 x 30 x 40 cm (PxLxK)<\/li>\n<li>Kokoonpano vaaditaan: Kyll\u00e4<\/li>\n<\/ul>\n","protected":false},"featured_media":100000186173,"comment_status":"closed","ping_status":"closed","template":"","meta":[],"product_brand":[],"product_cat":[84,8560],"product_tag":[],"class_list":{"0":"post-186173","1":"product","2":"type-product","3":"status-publish","4":"has-post-thumbnail","6":"product_cat-huonekalut","7":"product_cat-kylpyhuoneen-kalusteet","9":"first","10":"instock","11":"taxable","12":"shipping-taxable","13":"purchasable","14":"product-type-simple"},"_links":{"self":[{"href":"https:\/\/www.otiumhome.fi\/index.php\/wp-json\/wp\/v2\/product\/186173","targetHints":{"allow":["GET"]}}],"collection":[{"href":"https:\/\/www.otiumhome.fi\/index.php\/wp-json\/wp\/v2\/product"}],"about":[{"href":"https:\/\/www.otiumhome.fi\/index.php\/wp-json\/wp\/v2\/types\/product"}],"replies":[{"embeddable":true,"href":"https:\/\/www.otiumhome.fi\/index.php\/wp-json\/wp\/v2\/comments?post=186173"}],"wp:featuredmedia":[{"embeddable":true,"href":"https:\/\/www.otiumhome.fi\/index.php\/wp-json\/"}],"wp:attachment":[{"href":"https:\/\/www.otiumhome.fi\/index.php\/wp-json\/wp\/v2\/media?parent=186173"}],"wp:term":[{"taxonomy":"product_brand","embeddable":true,"href":"https:\/\/www.otiumhome.fi\/index.php\/wp-json\/wp\/v2\/product_brand?post=186173"},{"taxonomy":"product_cat","embeddable":true,"href":"https:\/\/www.otiumhome.fi\/index.php\/wp-json\/wp\/v2\/product_cat?post=186173"},{"taxonomy":"product_tag","embeddable":true,"href":"https:\/\/www.otiumhome.fi\/index.php\/wp-json\/wp\/v2\/product_tag?post=186173"}],"curies":[{"name":"wp","href":"https:\/\/api.w.org\/{rel}","templated":true}]}}