{"id":185955,"date":"2025-11-09T02:19:51","date_gmt":"2025-11-09T02:19:51","guid":{"rendered":"https:\/\/www.otiumhome.fi\/?p=185955"},"modified":"2025-12-09T05:46:14","modified_gmt":"2025-12-09T05:46:14","slug":"kirjahylly-savupahkina-40-x-295-x-81-cm-tekninen-puu","status":"publish","type":"product","link":"https:\/\/www.otiumhome.fi\/index.php\/tuote\/kirjahylly-savupahkina-40-x-295-x-81-cm-tekninen-puu\/","title":{"rendered":"Kirjahylly Savup\u00e4hkin\u00e4 40 x 29,5 x 81 cm Tekninen puu"},"content":{"rendered":"<p>T\u00e4m\u00e4 teollinen kirjahylly tuo esille modernia estetiikkaa, jota leimaavat siistit linjat ja raakat materiaalit. Se on t\u00e4ydellinen lis\u00e4 kotitoimistoihin, ty\u00f6huoneisiin tai olohuoneisiin. Vankka rakenne, jonka pohjana on tekninen puu ja ter\u00e4s, tekee t\u00e4st\u00e4 yksik\u00f6st\u00e4 k\u00e4yt\u00e4nn\u00f6llisyyden ja tyylin yhdistelm\u00e4n. Runsaasti hyllytilaa on riitt\u00e4v\u00e4sti kirjoille, koriste-esineille ja muille t\u00e4rkeille asioille, yhdist\u00e4en tyylin ja k\u00e4yt\u00e4nn\u00f6llisyyden eri ymp\u00e4rist\u00f6iss\u00e4.<\/p>\n<ul>\n<li><b>Teollinen tyylisuunnittelu<\/b> T\u00e4m\u00e4 kirjahylly tuo sisustukseen teollisen tuntuman, kiitos siistien linjojen ja rohkean mustan pinnan. Se toimii monipuolisena keskipisteen\u00e4, joka k\u00e4y hienosti kotitoimistoihin, olohuoneisiin tai ty\u00f6huoneisiin, tuoden modernia ilmett\u00e4.<\/li>\n<li><b>Runsaasti s\u00e4ilytystilaa<\/b> Suorakaiteen muotoiset hyllyt teknisest\u00e4 puusta tarjoavat runsaasti tilaa kirjojen, koristeiden ja toimistotarvikkeiden s\u00e4ilytt\u00e4miseen. Helposti saavutettavat hyllyt pit\u00e4v\u00e4t asiat j\u00e4rjestyksess\u00e4, yhdist\u00e4en k\u00e4yt\u00e4nn\u00f6llisyyden ja tyylin.<\/li>\n<li><b>Vankka rakenne<\/b> Ter\u00e4srunko ja neli\u00f6jalat takaavat kest\u00e4vyyden, joten kirjahylly soveltuu hyvin my\u00f6s raskaasta k\u00e4yt\u00f6st\u00e4. Teknisen puun pintamateriaali lis\u00e4\u00e4 kest\u00e4vyysominaisuuksia, varmistaen, ett\u00e4 hylly kest\u00e4\u00e4 arkea ja s\u00e4ilytt\u00e4\u00e4 samalla esteettisen ilmeens\u00e4.<\/li>\n<li><b>S\u00e4\u00e4dett\u00e4v\u00e4 vakaus<\/b> Jalassa olevat tasaimet mahdollistavat helpon s\u00e4\u00e4t\u00e4misen ep\u00e4tasaisilla pinnoilla. Tasaimet suojaavat lattiaa ja varmistavat, ett\u00e4 kirjahylly pysyy tukevana ja tasapainoisena my\u00f6s hieman kaltevilla lattioilla.<\/li>\n<li><b>Yksinkertaiset hoito-ohjeet<\/b> Suunniteltu k\u00e4yt\u00e4nn\u00f6llisyys mieless\u00e4, kirjahyllyn pinnat kysyv\u00e4t vain v\u00e4h\u00e4ist\u00e4 huoltoa. Pyyhk\u00e4ise kuivalla liinalla, jotta pysyy p\u00f6lytt\u00f6m\u00e4n\u00e4 ja s\u00e4ilytt\u00e4\u00e4 alkuper\u00e4isen ilmeens\u00e4. V\u00e4lt\u00e4 voimakkaita kemikaaleja ja hankaavia aineita, suojata viimeistely\u00e4 kulumiselta ja naarmuilta.<\/li>\n<\/ul>\n<ul>\n<li>V\u00e4ri: Savup\u00e4hkin\u00e4<\/li>\n<li>Materiaali: Tekninen puu<\/li>\n<li>Yleiset mitat: 40 x 29,5 x 81 cm (P x L x K)<\/li>\n<li>2 hyllyill\u00e4<\/li>\n<li>S\u00e4ilytysm\u00e4\u00e4r\u00e4: 2<\/li>\n<li>Runsaasti s\u00e4ilytystilaa<\/li>\n<li>Kest\u00e4v\u00e4<\/li>\n<li>Helppo pit\u00e4\u00e4 kunnossa<\/li>\n<li>Kest\u00e4v\u00e4 runko<\/li>\n<li>Kokoonpano vaaditaan: Kyll\u00e4<\/li>\n<\/ul>\n","protected":false},"excerpt":{"rendered":"<ul>\n<li>V\u00e4ri: Savup\u00e4hkin\u00e4<\/li>\n<li>Materiaali: Tekninen puu<\/li>\n<li>Yleiset mitat: 40 x 29,5 x 81 cm (P x L x K)<\/li>\n<li>2 hyllyill\u00e4<\/li>\n<li>S\u00e4ilytysm\u00e4\u00e4r\u00e4: 2<\/li>\n<li>Runsaasti s\u00e4ilytystilaa<\/li>\n<li>Kest\u00e4v\u00e4<\/li>\n<li>Helppo pit\u00e4\u00e4 kunnossa<\/li>\n<li>Kest\u00e4v\u00e4 runko<\/li>\n<li>Kokoonpano vaaditaan: Kyll\u00e4<\/li>\n<\/ul>\n","protected":false},"featured_media":100000185955,"comment_status":"closed","ping_status":"closed","template":"","meta":[],"product_brand":[],"product_cat":[84,8547],"product_tag":[],"class_list":{"0":"post-185955","1":"product","2":"type-product","3":"status-publish","4":"has-post-thumbnail","6":"product_cat-huonekalut","7":"product_cat-kirjahyllyt","9":"first","10":"instock","11":"taxable","12":"shipping-taxable","13":"purchasable","14":"product-type-simple"},"_links":{"self":[{"href":"https:\/\/www.otiumhome.fi\/index.php\/wp-json\/wp\/v2\/product\/185955","targetHints":{"allow":["GET"]}}],"collection":[{"href":"https:\/\/www.otiumhome.fi\/index.php\/wp-json\/wp\/v2\/product"}],"about":[{"href":"https:\/\/www.otiumhome.fi\/index.php\/wp-json\/wp\/v2\/types\/product"}],"replies":[{"embeddable":true,"href":"https:\/\/www.otiumhome.fi\/index.php\/wp-json\/wp\/v2\/comments?post=185955"}],"wp:featuredmedia":[{"embeddable":true,"href":"https:\/\/www.otiumhome.fi\/index.php\/wp-json\/"}],"wp:attachment":[{"href":"https:\/\/www.otiumhome.fi\/index.php\/wp-json\/wp\/v2\/media?parent=185955"}],"wp:term":[{"taxonomy":"product_brand","embeddable":true,"href":"https:\/\/www.otiumhome.fi\/index.php\/wp-json\/wp\/v2\/product_brand?post=185955"},{"taxonomy":"product_cat","embeddable":true,"href":"https:\/\/www.otiumhome.fi\/index.php\/wp-json\/wp\/v2\/product_cat?post=185955"},{"taxonomy":"product_tag","embeddable":true,"href":"https:\/\/www.otiumhome.fi\/index.php\/wp-json\/wp\/v2\/product_tag?post=185955"}],"curies":[{"name":"wp","href":"https:\/\/api.w.org\/{rel}","templated":true}]}}