{"id":185949,"date":"2025-11-09T02:05:43","date_gmt":"2025-11-09T02:05:43","guid":{"rendered":"https:\/\/www.otiumhome.fi\/?p=185949"},"modified":"2025-12-09T05:12:40","modified_gmt":"2025-12-09T05:12:40","slug":"kirjahylly-ovilla-ruskea-kovaa-karkea-mangopuu-ja-metallia","status":"publish","type":"product","link":"https:\/\/www.otiumhome.fi\/index.php\/tuote\/kirjahylly-ovilla-ruskea-kovaa-karkea-mangopuu-ja-metallia\/","title":{"rendered":"Kirjahylly ovilla Ruskea Kovaa karkea mangopuu ja metallia"},"content":{"rendered":"<p>T\u00e4m\u00e4 seisova kirjahylly yhdist\u00e4\u00e4 k\u00e4yt\u00e4nn\u00f6llisyyden ja teollisen tyylin, ollen modernin kodin perusjuttu. Raaka metallirunko ja l\u00e4mpim\u00e4t ruskeat v\u00e4rit luovat varastotilaa, joka sopii hyvin olohuoneisiin tai toimistoihin \u2014 se on yht\u00e4 aikaa toiminnallinen ja tyylik\u00e4s, t\u00e4ydellinen urbaanista tyylist\u00e4 pit\u00e4ville.<\/p>\n<ul>\n<li><b>Kest\u00e4v\u00e4 materiaali:<\/b> Vankka metallin ja valmistetun puun yhdistelm\u00e4 takaa pitk\u00e4n k\u00e4ytt\u00f6i\u00e4n miss\u00e4 tahansa olohuoneessa tai toimistossa. T\u00e4m\u00e4 kova pinta suojaa jokap\u00e4iv\u00e4isest\u00e4 kulumisesta, mik\u00e4 varmistaa kest\u00e4vyyden raskaassa k\u00e4yt\u00f6ss\u00e4. K\u00e4yt\u00e4nn\u00f6llisyys kohtaa tyylin t\u00e4m\u00e4n materiaalivalinnan my\u00f6t\u00e4.<\/li>\n<li><b>Toiminnallinen suunnittelu:<\/b> Alhaalla olevat saranoidut ovet tarjoavat piilotettua s\u00e4ilytystilaa, pit\u00e4en ep\u00e4j\u00e4rjestyksen loitolla, kun taas yl\u00e4hyllyt ovat avoimia esittely\u00e4 varten. D-vetimet tekev\u00e4t esineiden k\u00e4sittelyst\u00e4 helppoa ja parantavat k\u00e4yt\u00e4nn\u00f6llisyytt\u00e4.<\/li>\n<li><b>Teollinen esteettisyys:<\/b> Ruskean puun ja mustan metallin vahva kontrasti kiteytt\u00e4\u00e4 teollisen tyylin. T\u00e4m\u00e4 visuaalisesti houkutteleva yhdistelm\u00e4 tuo l\u00e4mp\u00f6\u00e4 ja syvyytt\u00e4, toimien n\u00e4ytt\u00e4v\u00e4n\u00e4 kappaleena moderneissa sisustuksissa.<\/li>\n<li><b>Monipuolinen k\u00e4ytt\u00f6:<\/b> Erityisesti olohuoneille ja toimistoille suunniteltu, t\u00e4m\u00e4 kirjahylly tarjoaa kompaktin, mutta runsaan s\u00e4ilytystilan kirjoille, valokuville ja koristeille. Sen vaatimaton eleganssi t\u00e4ydent\u00e4\u00e4 monenlaisia ymp\u00e4rist\u00f6j\u00e4, rikastuttaen tiloja nykyaikaisella tyylill\u00e4.<\/li>\n<li><b>K\u00e4yt\u00e4nn\u00f6llinen huolto:<\/b> V\u00e4lt\u00e4 suoraa auringonvaloa haalistumisen est\u00e4miseksi, ja kiinnit\u00e4 se sein\u00e4\u00e4n kaatumisen est\u00e4miseksi. Helppo huolto vastaa sen kiillotettua ilmett\u00e4, mahdollistaen nauttimisen vaivattomasti minimaalisten yll\u00e4pitovaatimusten avulla.<\/li>\n<\/ul>\n<ul>\n<li>V\u00e4ri: Ruskea<\/li>\n<li>Materiaali: Kovaa karkea mangopuu ja metallia<\/li>\n<li>Yleiset mitat: 72 x 33 x 110 cm (L x S x K)<\/li>\n<li>1 hyllyll\u00e4<\/li>\n<li>2 ovien kanssa<\/li>\n<li>S\u00e4ilytysm\u00e4\u00e4r\u00e4: 3<\/li>\n<li>Runsaasti s\u00e4ilytystilaa<\/li>\n<li>Ovet<\/li>\n<li>Lehtipuu<\/li>\n<li>Metallikahvoilla varustettu<\/li>\n<li>Enimm\u00e4ispaino: 60 kg<\/li>\n<li>Kokoonpano vaaditaan: Kyll\u00e4<\/li>\n<\/ul>\n","protected":false},"excerpt":{"rendered":"<ul>\n<li>V\u00e4ri: Ruskea<\/li>\n<li>Materiaali: Kovaa karkea mangopuu ja metallia<\/li>\n<li>Yleiset mitat: 72 x 33 x 110 cm (L x S x K)<\/li>\n<li>1 hyllyll\u00e4<\/li>\n<li>2 ovien kanssa<\/li>\n<li>S\u00e4ilytysm\u00e4\u00e4r\u00e4: 3<\/li>\n<li>Runsaasti s\u00e4ilytystilaa<\/li>\n<li>Ovet<\/li>\n<li>Lehtipuu<\/li>\n<li>Metallikahvoilla varustettu<\/li>\n<li>Enimm\u00e4ispaino: 60 kg<\/li>\n<li>Kokoonpano vaaditaan: Kyll\u00e4<\/li>\n<\/ul>\n","protected":false},"featured_media":100000185949,"comment_status":"closed","ping_status":"closed","template":"","meta":[],"product_brand":[],"product_cat":[84,8547],"product_tag":[],"class_list":{"0":"post-185949","1":"product","2":"type-product","3":"status-publish","4":"has-post-thumbnail","6":"product_cat-huonekalut","7":"product_cat-kirjahyllyt","9":"first","10":"instock","11":"taxable","12":"shipping-taxable","13":"purchasable","14":"product-type-simple"},"_links":{"self":[{"href":"https:\/\/www.otiumhome.fi\/index.php\/wp-json\/wp\/v2\/product\/185949","targetHints":{"allow":["GET"]}}],"collection":[{"href":"https:\/\/www.otiumhome.fi\/index.php\/wp-json\/wp\/v2\/product"}],"about":[{"href":"https:\/\/www.otiumhome.fi\/index.php\/wp-json\/wp\/v2\/types\/product"}],"replies":[{"embeddable":true,"href":"https:\/\/www.otiumhome.fi\/index.php\/wp-json\/wp\/v2\/comments?post=185949"}],"wp:featuredmedia":[{"embeddable":true,"href":"https:\/\/www.otiumhome.fi\/index.php\/wp-json\/"}],"wp:attachment":[{"href":"https:\/\/www.otiumhome.fi\/index.php\/wp-json\/wp\/v2\/media?parent=185949"}],"wp:term":[{"taxonomy":"product_brand","embeddable":true,"href":"https:\/\/www.otiumhome.fi\/index.php\/wp-json\/wp\/v2\/product_brand?post=185949"},{"taxonomy":"product_cat","embeddable":true,"href":"https:\/\/www.otiumhome.fi\/index.php\/wp-json\/wp\/v2\/product_cat?post=185949"},{"taxonomy":"product_tag","embeddable":true,"href":"https:\/\/www.otiumhome.fi\/index.php\/wp-json\/wp\/v2\/product_tag?post=185949"}],"curies":[{"name":"wp","href":"https:\/\/api.w.org\/{rel}","templated":true}]}}